{"id":8293,"date":"2024-06-18T18:39:59","date_gmt":"2024-06-18T16:39:59","guid":{"rendered":"https:\/\/agglu.sk\/tisztito-es-elvalasztoszerek\/"},"modified":"2024-06-18T18:49:20","modified_gmt":"2024-06-18T16:49:20","slug":"tisztito-es-elvalasztoszerek","status":"publish","type":"page","link":"https:\/\/agglu.sk\/hu\/tisztito-es-elvalasztoszerek\/","title":{"rendered":"Tiszt\u00edt\u00f3- \u00e9s elv\u00e1laszt\u00f3szerek"},"content":{"rendered":"\t\t<div data-elementor-type=\"wp-page\" data-elementor-id=\"8293\" class=\"elementor elementor-8293 elementor-8272\" data-elementor-post-type=\"page\">\n\t\t\t\t<div class=\"elementor-element elementor-element-81c9b93 e-con-full e-flex e-con e-parent\" data-id=\"81c9b93\" data-element_type=\"container\" data-e-type=\"container\" data-settings=\"{&quot;background_background&quot;:&quot;classic&quot;,&quot;jet_parallax_layout_list&quot;:[]}\">\n\t\t\t\t<div class=\"elementor-element elementor-element-e033733 elementor-widget elementor-widget-heading\" data-id=\"e033733\" data-element_type=\"widget\" data-e-type=\"widget\" data-widget_type=\"heading.default\">\n\t\t\t\t<div class=\"elementor-widget-container\">\n\t\t\t\t\t<h2 class=\"elementor-heading-title elementor-size-default\">Tiszt\u00edt\u00f3- \u00e9s elv\u00e1laszt\u00f3szerek<\/h2>\t\t\t\t<\/div>\n\t\t\t\t<\/div>\n\t\t\t\t<\/div>\n\t\t<div class=\"elementor-element elementor-element-cb149cc e-con-full e-flex e-con e-parent\" data-id=\"cb149cc\" data-element_type=\"container\" data-e-type=\"container\" data-settings=\"{&quot;jet_parallax_layout_list&quot;:[]}\">\n\t\t\t\t<div class=\"elementor-element elementor-element-9bb54a3 elementor-widget__width-inherit elementor-widget elementor-widget-jet-tabs\" data-id=\"9bb54a3\" data-element_type=\"widget\" data-e-type=\"widget\" data-settings=\"{&quot;tabs_position_mobile&quot;:&quot;top&quot;,&quot;tabs_position&quot;:&quot;top&quot;,&quot;no_active_tabs&quot;:&quot;false&quot;}\" data-widget_type=\"jet-tabs.default\">\n\t\t\t\t<div class=\"elementor-widget-container\">\n\t\t\t\t\t\n\t\t<div class=\"jet-tabs jet-tabs-position-top jet-tabs-move-up-effect \" data-settings=\"{&quot;activeIndex&quot;:0,&quot;event&quot;:&quot;click&quot;,&quot;autoSwitch&quot;:false,&quot;autoSwitchDelay&quot;:3000,&quot;ajaxTemplate&quot;:false,&quot;tabsPosition&quot;:&quot;top&quot;,&quot;switchScrolling&quot;:false,&quot;switchScrollingOffset&quot;:0}\">\n\t\t\t<div class=\"jet-tabs__control-wrapper \" role=\"tablist\">\n                                    <div id=\"jet-tabs-control-1631\" class=\"jet-tabs__control jet-tabs__control-icon-left elementor-menu-anchor active-tab \" data-tab=\"1\" tabindex=\"0\" role=\"tab\" aria-controls=\"jet-tabs-content-1631\" aria-expanded=\"true\" data-template-id=\"8262\"><div class=\"jet-tabs__control-inner\"><div class=\"jet-tabs__label-text\">Ragaszt\u00f3 tiszt\u00edt\u00f3szerek<\/div><\/div><\/div><div id=\"jet-tabs-control-1632\" class=\"jet-tabs__control jet-tabs__control-icon-left elementor-menu-anchor  \" data-tab=\"2\" tabindex=\"0\" role=\"tab\" aria-controls=\"jet-tabs-content-1632\" aria-expanded=\"false\" data-template-id=\"8273\"><div class=\"jet-tabs__control-inner\"><div class=\"jet-tabs__label-text\">A sz\u00e9tv\u00e1laszt\u00e1s azt jelenti<\/div><\/div><\/div>\n                    \t\t\t    <\/div>\n\t\t\t<div class=\"jet-tabs__content-wrapper\">\n\t\t\t\t<div id=\"jet-tabs-content-1631\" class=\"jet-tabs__content active-content\" data-tab=\"1\" role=\"tabpanel\" aria-hidden=\"false\" data-template-id=\"8262\">\t\t<div data-elementor-type=\"section\" data-elementor-id=\"8270\" class=\"elementor elementor-8270 elementor-8262\" data-elementor-post-type=\"elementor_library\">\n\t\t\t<div class=\"elementor-element elementor-element-b3759ad e-con-full e-flex e-con e-parent\" data-id=\"b3759ad\" data-element_type=\"container\" data-e-type=\"container\" data-settings=\"{&quot;jet_parallax_layout_list&quot;:[]}\">\n\t\t\t\t<div class=\"elementor-element elementor-element-ab3dec2 elementor-widget elementor-widget-heading\" data-id=\"ab3dec2\" data-element_type=\"widget\" data-e-type=\"widget\" data-widget_type=\"heading.default\">\n\t\t\t\t<div class=\"elementor-widget-container\">\n\t\t\t\t\t<h2 class=\"elementor-heading-title elementor-size-default\">Ragaszt\u00f3 tiszt\u00edt\u00f3szerek<\/h2>\t\t\t\t<\/div>\n\t\t\t\t<\/div>\n\t\t\t\t<div class=\"elementor-element elementor-element-cc0933a elementor-widget__width-initial elementor-widget elementor-widget-text-editor\" data-id=\"cc0933a\" data-element_type=\"widget\" data-e-type=\"widget\" data-widget_type=\"text-editor.default\">\n\t\t\t\t<div class=\"elementor-widget-container\">\n\t\t\t\t\t\t\t\t\t<p>&nbsp; A ragaszt\u00f3tiszt\u00edt\u00f3k \u00e9s old\u00f3szerek a min\u0151s\u00e9gi eredm\u00e9ny el\u00e9r\u00e9se \u00e9rdek\u00e9ben a gy\u00e1rt\u00e1si folyamat elengedhetetlen r\u00e9sz\u00e9t k\u00e9pezik. A takar\u00edt\u00f3k biztos\u00edtj\u00e1k a tiszta berendez\u00e9seket, a z\u00f6kken\u0151mentes termel\u00e9st \u00e9s a min\u0151s\u00e9gi eredm\u00e9nyt. Haszn\u00e1latukkal az elhanyagolt tiszt\u00edt\u00e1s eset\u00e9n a kiterjedt tiszt\u00edt\u00e1s \u00e9s fel\u00faj\u00edt\u00e1s k\u00f6lts\u00e9geit is megsp\u00f3rolhatjuk. A kiv\u00e1l\u00f3 min\u0151s\u00e9g\u0171 ragaszt\u00e1s el\u00e9r\u00e9se \u00e9rdek\u00e9ben elv\u00e1laszt\u00f3 anyagokat, p\u00e9ld\u00e1ul ragaszt\u00e1sg\u00e1tl\u00f3t haszn\u00e1lnak.<\/p>\n\t\t\t\t\t\t\t\t<\/div>\n\t\t\t\t<\/div>\n\t\t<div class=\"elementor-element elementor-element-9d2081f e-flex e-con-boxed e-con e-child\" data-id=\"9d2081f\" data-element_type=\"container\" data-e-type=\"container\" data-settings=\"{&quot;jet_parallax_layout_list&quot;:[]}\">\n\t\t\t\t\t<div class=\"e-con-inner\">\n\t\t\t\t<div class=\"elementor-element elementor-element-9f64d59 elementor-widget elementor-widget-jet-listing-grid\" data-id=\"9f64d59\" data-element_type=\"widget\" data-e-type=\"widget\" data-settings=\"{&quot;columns&quot;:&quot;4&quot;,&quot;columns_mobile&quot;:&quot;1&quot;}\" data-widget_type=\"jet-listing-grid.default\">\n\t\t\t\t<div class=\"elementor-widget-container\">\n\t\t\t\t\t<div class=\"jet-listing-grid jet-listing\"><div class=\"jet-listing-not-found jet-listing-grid__items\" data-nav=\"{&quot;enabled&quot;:false,&quot;type&quot;:null,&quot;more_el&quot;:null,&quot;query&quot;:[],&quot;widget_settings&quot;:{&quot;lisitng_id&quot;:202,&quot;posts_num&quot;:6,&quot;columns&quot;:4,&quot;columns_tablet&quot;:4,&quot;columns_mobile&quot;:1,&quot;column_min_width&quot;:240,&quot;column_min_width_tablet&quot;:240,&quot;column_min_width_mobile&quot;:240,&quot;inline_columns_css&quot;:false,&quot;is_archive_template&quot;:&quot;&quot;,&quot;post_status&quot;:[&quot;publish&quot;],&quot;use_random_posts_num&quot;:&quot;&quot;,&quot;max_posts_num&quot;:9,&quot;not_found_message&quot;:&quot;Nem tal\\u00e1ltak adatokat&quot;,&quot;is_masonry&quot;:false,&quot;equal_columns_height&quot;:&quot;&quot;,&quot;use_load_more&quot;:&quot;&quot;,&quot;load_more_id&quot;:&quot;&quot;,&quot;load_more_type&quot;:&quot;click&quot;,&quot;load_more_offset&quot;:{&quot;unit&quot;:&quot;px&quot;,&quot;size&quot;:0,&quot;sizes&quot;:[]},&quot;use_custom_post_types&quot;:&quot;&quot;,&quot;custom_post_types&quot;:[],&quot;hide_widget_if&quot;:&quot;&quot;,&quot;carousel_enabled&quot;:&quot;&quot;,&quot;slides_to_scroll&quot;:&quot;1&quot;,&quot;arrows&quot;:&quot;true&quot;,&quot;arrow_icon&quot;:&quot;fa fa-angle-left&quot;,&quot;dots&quot;:&quot;&quot;,&quot;autoplay&quot;:&quot;true&quot;,&quot;pause_on_hover&quot;:&quot;true&quot;,&quot;autoplay_speed&quot;:5000,&quot;infinite&quot;:&quot;true&quot;,&quot;center_mode&quot;:&quot;&quot;,&quot;effect&quot;:&quot;slide&quot;,&quot;speed&quot;:500,&quot;inject_alternative_items&quot;:&quot;&quot;,&quot;injection_items&quot;:[],&quot;scroll_slider_enabled&quot;:&quot;&quot;,&quot;scroll_slider_on&quot;:[&quot;desktop&quot;,&quot;tablet&quot;,&quot;mobile&quot;],&quot;custom_query&quot;:false,&quot;custom_query_id&quot;:&quot;&quot;,&quot;_element_id&quot;:&quot;&quot;,&quot;collapse_first_last_gap&quot;:false,&quot;list_tag_selection&quot;:&quot;&quot;,&quot;list_items_wrapper_tag&quot;:&quot;div&quot;,&quot;list_item_tag&quot;:&quot;div&quot;,&quot;empty_items_wrapper_tag&quot;:&quot;div&quot;}}\" data-listing-source=\"posts\" data-listing-id=\"202\" data-query-id=\"\" data-queried-id=\"8293|WP_Post\">Nem tal\u00e1ltak adatokat<\/div><\/div>\t\t\t\t<\/div>\n\t\t\t\t<\/div>\n\t\t\t\t\t<\/div>\n\t\t\t\t<\/div>\n\t\t\t\t<\/div>\n\t\t\t\t<\/div>\n\t\t<\/div><div id=\"jet-tabs-content-1632\" class=\"jet-tabs__content \" data-tab=\"2\" role=\"tabpanel\" aria-hidden=\"true\" data-template-id=\"8273\">\t\t<div data-elementor-type=\"section\" data-elementor-id=\"8287\" class=\"elementor elementor-8287 elementor-8273\" data-elementor-post-type=\"elementor_library\">\n\t\t\t<div class=\"elementor-element elementor-element-b0f0be0 e-con-full e-flex e-con e-parent\" data-id=\"b0f0be0\" data-element_type=\"container\" data-e-type=\"container\" data-settings=\"{&quot;jet_parallax_layout_list&quot;:[]}\">\n\t\t\t\t<div class=\"elementor-element elementor-element-5baeed0 elementor-widget elementor-widget-heading\" data-id=\"5baeed0\" data-element_type=\"widget\" data-e-type=\"widget\" data-widget_type=\"heading.default\">\n\t\t\t\t<div class=\"elementor-widget-container\">\n\t\t\t\t\t<h2 class=\"elementor-heading-title elementor-size-default\">A sz\u00e9tv\u00e1laszt\u00e1s azt jelenti<\/h2>\t\t\t\t<\/div>\n\t\t\t\t<\/div>\n\t\t\t\t<div class=\"elementor-element elementor-element-b38b26b elementor-widget__width-initial elementor-widget elementor-widget-text-editor\" data-id=\"b38b26b\" data-element_type=\"widget\" data-e-type=\"widget\" data-widget_type=\"text-editor.default\">\n\t\t\t\t<div class=\"elementor-widget-container\">\n\t\t\t\t\t\t\t\t\t<p>A ragaszt\u00f3tiszt\u00edt\u00f3k \u00e9s old\u00f3szerek a min\u0151s\u00e9gi eredm\u00e9ny el\u00e9r\u00e9se \u00e9rdek\u00e9ben a gy\u00e1rt\u00e1si folyamat elengedhetetlen r\u00e9sz\u00e9t k\u00e9pezik. A takar\u00edt\u00f3k biztos\u00edtj\u00e1k a tiszta berendez\u00e9seket, a z\u00f6kken\u0151mentes termel\u00e9st \u00e9s a min\u0151s\u00e9gi eredm\u00e9nyt. Haszn\u00e1latukkal a kiterjedt tiszt\u00edt\u00e1s \u00e9s fel\u00faj\u00edt\u00e1s k\u00f6lts\u00e9geit is megsp\u00f3rolhatjuk, ha a tiszt\u00edt\u00e1st elhanyagoljuk. A kiv\u00e1l\u00f3 min\u0151s\u00e9g\u0171 ragaszt\u00e1s el\u00e9r\u00e9se \u00e9rdek\u00e9ben elv\u00e1laszt\u00f3 anyagokat, p\u00e9ld\u00e1ul ragaszt\u00e1sg\u00e1tl\u00f3t haszn\u00e1lnak.<\/p>\n\t\t\t\t\t\t\t\t<\/div>\n\t\t\t\t<\/div>\n\t\t<div class=\"elementor-element elementor-element-24d1599 e-flex e-con-boxed e-con e-child\" data-id=\"24d1599\" data-element_type=\"container\" data-e-type=\"container\" data-settings=\"{&quot;jet_parallax_layout_list&quot;:[]}\">\n\t\t\t\t\t<div class=\"e-con-inner\">\n\t\t\t\t<div class=\"elementor-element elementor-element-cc87dab elementor-widget elementor-widget-jet-listing-grid\" data-id=\"cc87dab\" data-element_type=\"widget\" data-e-type=\"widget\" data-settings=\"{&quot;columns&quot;:&quot;4&quot;,&quot;columns_mobile&quot;:&quot;1&quot;}\" data-widget_type=\"jet-listing-grid.default\">\n\t\t\t\t<div class=\"elementor-widget-container\">\n\t\t\t\t\t<div class=\"jet-listing-grid jet-listing\"><div class=\"jet-listing-not-found jet-listing-grid__items\" data-nav=\"{&quot;enabled&quot;:false,&quot;type&quot;:null,&quot;more_el&quot;:null,&quot;query&quot;:[],&quot;widget_settings&quot;:{&quot;lisitng_id&quot;:202,&quot;posts_num&quot;:6,&quot;columns&quot;:4,&quot;columns_tablet&quot;:4,&quot;columns_mobile&quot;:1,&quot;column_min_width&quot;:240,&quot;column_min_width_tablet&quot;:240,&quot;column_min_width_mobile&quot;:240,&quot;inline_columns_css&quot;:false,&quot;is_archive_template&quot;:&quot;&quot;,&quot;post_status&quot;:[&quot;publish&quot;],&quot;use_random_posts_num&quot;:&quot;&quot;,&quot;max_posts_num&quot;:9,&quot;not_found_message&quot;:&quot;Nem tal\\u00e1ltak adatokat&quot;,&quot;is_masonry&quot;:false,&quot;equal_columns_height&quot;:&quot;&quot;,&quot;use_load_more&quot;:&quot;&quot;,&quot;load_more_id&quot;:&quot;&quot;,&quot;load_more_type&quot;:&quot;click&quot;,&quot;load_more_offset&quot;:{&quot;unit&quot;:&quot;px&quot;,&quot;size&quot;:0,&quot;sizes&quot;:[]},&quot;use_custom_post_types&quot;:&quot;&quot;,&quot;custom_post_types&quot;:[],&quot;hide_widget_if&quot;:&quot;&quot;,&quot;carousel_enabled&quot;:&quot;&quot;,&quot;slides_to_scroll&quot;:&quot;1&quot;,&quot;arrows&quot;:&quot;true&quot;,&quot;arrow_icon&quot;:&quot;fa fa-angle-left&quot;,&quot;dots&quot;:&quot;&quot;,&quot;autoplay&quot;:&quot;true&quot;,&quot;pause_on_hover&quot;:&quot;true&quot;,&quot;autoplay_speed&quot;:5000,&quot;infinite&quot;:&quot;true&quot;,&quot;center_mode&quot;:&quot;&quot;,&quot;effect&quot;:&quot;slide&quot;,&quot;speed&quot;:500,&quot;inject_alternative_items&quot;:&quot;&quot;,&quot;injection_items&quot;:[],&quot;scroll_slider_enabled&quot;:&quot;&quot;,&quot;scroll_slider_on&quot;:[&quot;desktop&quot;,&quot;tablet&quot;,&quot;mobile&quot;],&quot;custom_query&quot;:false,&quot;custom_query_id&quot;:&quot;&quot;,&quot;_element_id&quot;:&quot;&quot;,&quot;collapse_first_last_gap&quot;:false,&quot;list_tag_selection&quot;:&quot;&quot;,&quot;list_items_wrapper_tag&quot;:&quot;div&quot;,&quot;list_item_tag&quot;:&quot;div&quot;,&quot;empty_items_wrapper_tag&quot;:&quot;div&quot;}}\" data-listing-source=\"posts\" data-listing-id=\"202\" data-query-id=\"\" data-queried-id=\"8293|WP_Post\">Nem tal\u00e1ltak adatokat<\/div><\/div>\t\t\t\t<\/div>\n\t\t\t\t<\/div>\n\t\t\t\t\t<\/div>\n\t\t\t\t<\/div>\n\t\t\t\t<\/div>\n\t\t\t\t<\/div>\n\t\t<\/div>\t\t\t<\/div>\n\t\t\t\t\t<\/div>\n\t\t\t\t\t\t<\/div>\n\t\t\t\t<\/div>\n\t\t\t\t<\/div>\n\t\t\t\t<\/div>\n\t\t","protected":false},"excerpt":{"rendered":"<p>Tiszt\u00edt\u00f3- \u00e9s elv\u00e1laszt\u00f3szerek Ragaszt\u00f3 tiszt\u00edt\u00f3szerekA sz\u00e9tv\u00e1laszt\u00e1s azt jelenti \u010cisti\u010de lepidiel \u010cisti\u010de lepidiel\u00a0 a separa\u010dn\u00e9 prostriedky s\u00fa nevyhnutnou s\u00fa\u010das\u0165ou v\u00fdrobn\u00e9ho procesu pre dosiahnutie kvalitn\u00e9ho v\u00fdsledku. \u010cisti\u010de zabezpe\u010duj\u00fa \u010distotu zariaden\u00ed, hladk\u00fd priebeh v\u00fdroby a kvalitn\u00fd v\u00fdsledok. Ich pou\u017e\u00edvanie taktie\u017e \u0161etr\u00ed n\u00e1klady na rozsiahle \u010distenie a repas, v pr\u00edpade zanedbania \u010distenia. Separa\u010dn\u00e9 prostriedky, napr\u00edklad antiadhez\u00edva, sl\u00fa\u017eia na dosiahnutie [&hellip;]<\/p>\n","protected":false},"author":3,"featured_media":0,"parent":0,"menu_order":0,"comment_status":"closed","ping_status":"closed","template":"","meta":{"footnotes":""},"class_list":["post-8293","page","type-page","status-publish","hentry"],"_links":{"self":[{"href":"https:\/\/agglu.sk\/hu\/wp-json\/wp\/v2\/pages\/8293","targetHints":{"allow":["GET"]}}],"collection":[{"href":"https:\/\/agglu.sk\/hu\/wp-json\/wp\/v2\/pages"}],"about":[{"href":"https:\/\/agglu.sk\/hu\/wp-json\/wp\/v2\/types\/page"}],"author":[{"embeddable":true,"href":"https:\/\/agglu.sk\/hu\/wp-json\/wp\/v2\/users\/3"}],"replies":[{"embeddable":true,"href":"https:\/\/agglu.sk\/hu\/wp-json\/wp\/v2\/comments?post=8293"}],"version-history":[{"count":1,"href":"https:\/\/agglu.sk\/hu\/wp-json\/wp\/v2\/pages\/8293\/revisions"}],"predecessor-version":[{"id":8294,"href":"https:\/\/agglu.sk\/hu\/wp-json\/wp\/v2\/pages\/8293\/revisions\/8294"}],"wp:attachment":[{"href":"https:\/\/agglu.sk\/hu\/wp-json\/wp\/v2\/media?parent=8293"}],"curies":[{"name":"wp","href":"https:\/\/api.w.org\/{rel}","templated":true}]}}