{"id":5742,"date":"2022-07-09T15:08:05","date_gmt":"2022-07-09T13:08:05","guid":{"rendered":"https:\/\/agglu.sk\/faipar\/poly-folyekony-ragasztok-parkettagyartas\/"},"modified":"2023-07-13T17:55:23","modified_gmt":"2023-07-13T15:55:23","slug":"poly-folyekony-ragasztok-parkettagyartas","status":"publish","type":"page","link":"https:\/\/agglu.sk\/hu\/faipar\/poly-folyekony-ragasztok-parkettagyartas\/","title":{"rendered":"Poly. Foly\u00e9kony ragaszt\u00f3k &#8211; Parkettagy\u00e1rt\u00e1s"},"content":{"rendered":"\t\t<div data-elementor-type=\"wp-page\" data-elementor-id=\"5742\" class=\"elementor elementor-5742 elementor-702\" data-elementor-post-type=\"page\">\n\t\t\t\t<div class=\"elementor-element elementor-element-c32386d e-con-full e-flex e-con e-parent\" data-id=\"c32386d\" data-element_type=\"container\" data-e-type=\"container\" data-settings=\"{&quot;background_background&quot;:&quot;classic&quot;,&quot;jet_parallax_layout_list&quot;:[]}\">\n\t\t<div class=\"elementor-element elementor-element-ad47744 e-con-full e-flex e-con e-parent\" data-id=\"ad47744\" data-element_type=\"container\" data-e-type=\"container\" data-settings=\"{&quot;jet_parallax_layout_list&quot;:[]}\">\n\t\t<div class=\"elementor-element elementor-element-fea1b73 e-flex e-con-boxed e-con e-parent\" data-id=\"fea1b73\" data-element_type=\"container\" data-e-type=\"container\" data-settings=\"{&quot;jet_parallax_layout_list&quot;:[]}\">\n\t\t\t\t\t<div class=\"e-con-inner\">\n\t\t\t\t<div class=\"elementor-element elementor-element-9bbb2f6 elementor-widget elementor-widget-heading\" data-id=\"9bbb2f6\" data-element_type=\"widget\" data-e-type=\"widget\" data-widget_type=\"heading.default\">\n\t\t\t\t<div class=\"elementor-widget-container\">\n\t\t\t\t\t<h2 class=\"elementor-heading-title elementor-size-default\"><a href=\"https:\/\/agglu.sk\/hu\/faipar\/\">Faipar<\/a> - Foly\u00e9kony poliuret\u00e1n ragaszt\u00f3k\n<\/h2>\t\t\t\t<\/div>\n\t\t\t\t<\/div>\n\t\t\t\t<div class=\"elementor-element elementor-element-6be0da1 elementor-widget elementor-widget-heading\" data-id=\"6be0da1\" data-element_type=\"widget\" data-e-type=\"widget\" data-widget_type=\"heading.default\">\n\t\t\t\t<div class=\"elementor-widget-container\">\n\t\t\t\t\t<h2 class=\"elementor-heading-title elementor-size-default\">Parketta gy\u00e1rt\u00e1sa<\/h2>\t\t\t\t<\/div>\n\t\t\t\t<\/div>\n\t\t\t\t\t<\/div>\n\t\t\t\t<\/div>\n\t\t\t\t<\/div>\n\t\t<div class=\"elementor-element elementor-element-cdcd547 e-con-full e-flex e-con e-parent\" data-id=\"cdcd547\" data-element_type=\"container\" data-e-type=\"container\" data-settings=\"{&quot;jet_parallax_layout_list&quot;:[]}\">\n\t\t\t\t<div class=\"elementor-element elementor-element-c31c0ec elementor-widget elementor-widget-text-editor\" data-id=\"c31c0ec\" data-element_type=\"widget\" data-e-type=\"widget\" data-widget_type=\"text-editor.default\">\n\t\t\t\t<div class=\"elementor-widget-container\">\n\t\t\t\t\t\t\t\t\t<p class=\"first_paragraph\">A PVAC diszperzi\u00f3s ragaszt\u00f3k mellett a poliuret\u00e1n ragaszt\u00f3kat is haszn\u00e1lj\u00e1k a parketta gy\u00e1rt\u00e1s\u00e1n\u00e1l, k\u00fcl\u00f6n\u00f6sen a nehezebben ragaszthat\u00f3 anyagok ragaszt\u00e1s\u00e1hoz, ahol a ragasztott k\u00f6t\u00e9s magas v\u00edz\u00e1ll\u00f3s\u00e1g\u00e1ra \u00e9s h\u0151\u00e1ll\u00f3s\u00e1g\u00e1ra van sz\u00fcks\u00e9g.<\/p>\n\t\t\t\t\t\t\t\t<\/div>\n\t\t\t\t<\/div>\n\t\t\t\t<\/div>\n\t\t\t\t<\/div>\n\t\t<div class=\"elementor-element elementor-element-ab7d2c8 e-con-full e-flex e-con e-parent\" data-id=\"ab7d2c8\" data-element_type=\"container\" data-e-type=\"container\" data-settings=\"{&quot;jet_parallax_layout_list&quot;:[]}\">\n\t\t\t\t<div class=\"elementor-element elementor-element-b365b6c elementor-widget__width-initial elementor-widget-tablet__width-inherit elementor-widget elementor-widget-jet-listing-grid\" data-id=\"b365b6c\" data-element_type=\"widget\" data-e-type=\"widget\" data-settings=\"{&quot;columns&quot;:&quot;3&quot;,&quot;columns_tablet&quot;:&quot;2&quot;,&quot;columns_mobile&quot;:&quot;1&quot;}\" data-widget_type=\"jet-listing-grid.default\">\n\t\t\t\t<div class=\"elementor-widget-container\">\n\t\t\t\t\t<div class=\"jet-listing-grid jet-listing\"><div class=\"jet-listing-not-found jet-listing-grid__items\" data-nav=\"{&quot;enabled&quot;:false,&quot;type&quot;:null,&quot;more_el&quot;:null,&quot;query&quot;:[],&quot;widget_settings&quot;:{&quot;lisitng_id&quot;:202,&quot;posts_num&quot;:6,&quot;columns&quot;:3,&quot;columns_tablet&quot;:2,&quot;columns_mobile&quot;:1,&quot;column_min_width&quot;:240,&quot;column_min_width_tablet&quot;:240,&quot;column_min_width_mobile&quot;:240,&quot;inline_columns_css&quot;:false,&quot;is_archive_template&quot;:&quot;&quot;,&quot;post_status&quot;:[&quot;publish&quot;],&quot;use_random_posts_num&quot;:&quot;&quot;,&quot;max_posts_num&quot;:9,&quot;not_found_message&quot;:&quot;Nem tal\\u00e1ltunk term\\u00e9keket&quot;,&quot;is_masonry&quot;:false,&quot;equal_columns_height&quot;:&quot;&quot;,&quot;use_load_more&quot;:&quot;&quot;,&quot;load_more_id&quot;:&quot;&quot;,&quot;load_more_type&quot;:&quot;click&quot;,&quot;load_more_offset&quot;:{&quot;unit&quot;:&quot;px&quot;,&quot;size&quot;:0,&quot;sizes&quot;:[]},&quot;use_custom_post_types&quot;:&quot;&quot;,&quot;custom_post_types&quot;:[],&quot;hide_widget_if&quot;:&quot;&quot;,&quot;carousel_enabled&quot;:&quot;&quot;,&quot;slides_to_scroll&quot;:&quot;1&quot;,&quot;arrows&quot;:&quot;true&quot;,&quot;arrow_icon&quot;:&quot;fa fa-angle-left&quot;,&quot;dots&quot;:&quot;&quot;,&quot;autoplay&quot;:&quot;true&quot;,&quot;pause_on_hover&quot;:&quot;true&quot;,&quot;autoplay_speed&quot;:5000,&quot;infinite&quot;:&quot;true&quot;,&quot;center_mode&quot;:&quot;&quot;,&quot;effect&quot;:&quot;slide&quot;,&quot;speed&quot;:500,&quot;inject_alternative_items&quot;:&quot;&quot;,&quot;injection_items&quot;:[],&quot;scroll_slider_enabled&quot;:&quot;&quot;,&quot;scroll_slider_on&quot;:[&quot;desktop&quot;,&quot;tablet&quot;,&quot;mobile&quot;],&quot;custom_query&quot;:false,&quot;custom_query_id&quot;:&quot;&quot;,&quot;_element_id&quot;:&quot;&quot;,&quot;collapse_first_last_gap&quot;:false,&quot;list_tag_selection&quot;:&quot;&quot;,&quot;list_items_wrapper_tag&quot;:&quot;div&quot;,&quot;list_item_tag&quot;:&quot;div&quot;,&quot;empty_items_wrapper_tag&quot;:&quot;div&quot;}}\" data-listing-source=\"posts\" data-listing-id=\"202\" data-query-id=\"\" data-queried-id=\"5742|WP_Post\">Nem tal\u00e1ltunk term\u00e9keket<\/div><\/div>\t\t\t\t<\/div>\n\t\t\t\t<\/div>\n\t\t\t\t<\/div>\n\t\t\t\t<\/div>\n\t\t","protected":false},"excerpt":{"rendered":"<p>Faipar &#8211; Foly\u00e9kony poliuret\u00e1n ragaszt\u00f3k Parketta gy\u00e1rt\u00e1sa A PVAC diszperzi\u00f3s ragaszt\u00f3k mellett a poliuret\u00e1n ragaszt\u00f3kat is haszn\u00e1lj\u00e1k a parketta gy\u00e1rt\u00e1s\u00e1n\u00e1l, k\u00fcl\u00f6n\u00f6sen a nehezebben ragaszthat\u00f3 anyagok ragaszt\u00e1s\u00e1hoz, ahol a ragasztott k\u00f6t\u00e9s magas v\u00edz\u00e1ll\u00f3s\u00e1g\u00e1ra \u00e9s h\u0151\u00e1ll\u00f3s\u00e1g\u00e1ra van sz\u00fcks\u00e9g. AG-PUR 222 AG-PUR 222 je tekut\u00e9 jednozlo\u017ekov\u00e9 vlhkos\u0165ou vytvrdzuj\u00face lepidlo na priemyseln\u00e9 pou\u017eitie. Neopur M 2238 RRR NEOPUR M [&hellip;]<\/p>\n","protected":false},"author":3,"featured_media":0,"parent":5659,"menu_order":1,"comment_status":"closed","ping_status":"closed","template":"","meta":{"footnotes":""},"class_list":["post-5742","page","type-page","status-publish","hentry"],"_links":{"self":[{"href":"https:\/\/agglu.sk\/hu\/wp-json\/wp\/v2\/pages\/5742","targetHints":{"allow":["GET"]}}],"collection":[{"href":"https:\/\/agglu.sk\/hu\/wp-json\/wp\/v2\/pages"}],"about":[{"href":"https:\/\/agglu.sk\/hu\/wp-json\/wp\/v2\/types\/page"}],"author":[{"embeddable":true,"href":"https:\/\/agglu.sk\/hu\/wp-json\/wp\/v2\/users\/3"}],"replies":[{"embeddable":true,"href":"https:\/\/agglu.sk\/hu\/wp-json\/wp\/v2\/comments?post=5742"}],"version-history":[{"count":2,"href":"https:\/\/agglu.sk\/hu\/wp-json\/wp\/v2\/pages\/5742\/revisions"}],"predecessor-version":[{"id":5749,"href":"https:\/\/agglu.sk\/hu\/wp-json\/wp\/v2\/pages\/5742\/revisions\/5749"}],"up":[{"embeddable":true,"href":"https:\/\/agglu.sk\/hu\/wp-json\/wp\/v2\/pages\/5659"}],"wp:attachment":[{"href":"https:\/\/agglu.sk\/hu\/wp-json\/wp\/v2\/media?parent=5742"}],"curies":[{"name":"wp","href":"https:\/\/api.w.org\/{rel}","templated":true}]}}