{"id":5589,"date":"2022-07-09T16:29:29","date_gmt":"2022-07-09T14:29:29","guid":{"rendered":"https:\/\/agglu.sk\/oldoszeres-ragasztok-karpitozas\/"},"modified":"2023-07-13T17:54:54","modified_gmt":"2023-07-13T15:54:54","slug":"oldoszeres-ragasztok-karpitozas","status":"publish","type":"page","link":"https:\/\/agglu.sk\/hu\/faipar\/oldoszeres-ragasztok-karpitozas\/","title":{"rendered":"Old\u00f3szeres ragaszt\u00f3k &#8211; k\u00e1rpitoz\u00e1s"},"content":{"rendered":"\t\t<div data-elementor-type=\"wp-page\" data-elementor-id=\"5589\" class=\"elementor elementor-5589 elementor-748\" data-elementor-post-type=\"page\">\n\t\t\t\t<div class=\"elementor-element elementor-element-c32386d e-con-full e-flex e-con e-parent\" data-id=\"c32386d\" data-element_type=\"container\" data-e-type=\"container\" data-settings=\"{&quot;background_background&quot;:&quot;classic&quot;,&quot;jet_parallax_layout_list&quot;:[]}\">\n\t\t<div class=\"elementor-element elementor-element-ad47744 e-con-full e-flex e-con e-parent\" data-id=\"ad47744\" data-element_type=\"container\" data-e-type=\"container\" data-settings=\"{&quot;jet_parallax_layout_list&quot;:[]}\">\n\t\t<div class=\"elementor-element elementor-element-fea1b73 e-flex e-con-boxed e-con e-parent\" data-id=\"fea1b73\" data-element_type=\"container\" data-e-type=\"container\" data-settings=\"{&quot;jet_parallax_layout_list&quot;:[]}\">\n\t\t\t\t\t<div class=\"e-con-inner\">\n\t\t\t\t<div class=\"elementor-element elementor-element-9bbb2f6 elementor-widget elementor-widget-heading\" data-id=\"9bbb2f6\" data-element_type=\"widget\" data-e-type=\"widget\" data-widget_type=\"heading.default\">\n\t\t\t\t<div class=\"elementor-widget-container\">\n\t\t\t\t\t<h2 class=\"elementor-heading-title elementor-size-default\"><a href=\"https:\/\/agglu.sk\/drevarsky-priemysel\/\">Faipar<\/a> - Old\u00f3szer alap\u00fa ragaszt\u00f3k<\/h2>\t\t\t\t<\/div>\n\t\t\t\t<\/div>\n\t\t\t\t<div class=\"elementor-element elementor-element-6be0da1 elementor-widget elementor-widget-heading\" data-id=\"6be0da1\" data-element_type=\"widget\" data-e-type=\"widget\" data-widget_type=\"heading.default\">\n\t\t\t\t<div class=\"elementor-widget-container\">\n\t\t\t\t\t<h2 class=\"elementor-heading-title elementor-size-default\">K\u00e1rpitoz\u00e1s<\/h2>\t\t\t\t<\/div>\n\t\t\t\t<\/div>\n\t\t\t\t\t<\/div>\n\t\t\t\t<\/div>\n\t\t\t\t<\/div>\n\t\t<div class=\"elementor-element elementor-element-cdcd547 e-con-full e-flex e-con e-parent\" data-id=\"cdcd547\" data-element_type=\"container\" data-e-type=\"container\" data-settings=\"{&quot;jet_parallax_layout_list&quot;:[]}\">\n\t\t\t\t<div class=\"elementor-element elementor-element-c31c0ec elementor-widget elementor-widget-text-editor\" data-id=\"c31c0ec\" data-element_type=\"widget\" data-e-type=\"widget\" data-widget_type=\"text-editor.default\">\n\t\t\t\t<div class=\"elementor-widget-container\">\n\t\t\t\t\t\t\t\t\t<p class=\"first_paragraph\">A b\u00fatoriparban a k\u00e1rpitos anyagok ragaszt\u00e1s\u00e1ra v\u00edzdiszperzi\u00f3s vagy old\u00f3szeres alap\u00fa k\u00e1rpitragaszt\u00f3kat haszn\u00e1lnak.<\/p>\n\t\t\t\t\t\t\t\t<\/div>\n\t\t\t\t<\/div>\n\t\t\t\t<\/div>\n\t\t\t\t<\/div>\n\t\t<div class=\"elementor-element elementor-element-ab7d2c8 e-con-full e-flex e-con e-parent\" data-id=\"ab7d2c8\" data-element_type=\"container\" data-e-type=\"container\" data-settings=\"{&quot;jet_parallax_layout_list&quot;:[]}\">\n\t\t\t\t<div class=\"elementor-element elementor-element-b365b6c elementor-widget__width-initial elementor-widget-tablet__width-inherit elementor-widget elementor-widget-jet-listing-grid\" data-id=\"b365b6c\" data-element_type=\"widget\" data-e-type=\"widget\" data-settings=\"{&quot;columns&quot;:&quot;3&quot;,&quot;columns_tablet&quot;:&quot;2&quot;,&quot;columns_mobile&quot;:&quot;1&quot;}\" data-widget_type=\"jet-listing-grid.default\">\n\t\t\t\t<div class=\"elementor-widget-container\">\n\t\t\t\t\t<div class=\"jet-listing-grid jet-listing\"><div class=\"jet-listing-not-found jet-listing-grid__items\" data-nav=\"{&quot;enabled&quot;:false,&quot;type&quot;:null,&quot;more_el&quot;:null,&quot;query&quot;:[],&quot;widget_settings&quot;:{&quot;lisitng_id&quot;:202,&quot;posts_num&quot;:6,&quot;columns&quot;:3,&quot;columns_tablet&quot;:2,&quot;columns_mobile&quot;:1,&quot;column_min_width&quot;:240,&quot;column_min_width_tablet&quot;:240,&quot;column_min_width_mobile&quot;:240,&quot;inline_columns_css&quot;:false,&quot;is_archive_template&quot;:&quot;&quot;,&quot;post_status&quot;:[&quot;publish&quot;],&quot;use_random_posts_num&quot;:&quot;&quot;,&quot;max_posts_num&quot;:9,&quot;not_found_message&quot;:&quot;Nem tal\\u00e1ltunk term\\u00e9keket&quot;,&quot;is_masonry&quot;:false,&quot;equal_columns_height&quot;:&quot;&quot;,&quot;use_load_more&quot;:&quot;&quot;,&quot;load_more_id&quot;:&quot;&quot;,&quot;load_more_type&quot;:&quot;click&quot;,&quot;load_more_offset&quot;:{&quot;unit&quot;:&quot;px&quot;,&quot;size&quot;:0,&quot;sizes&quot;:[]},&quot;use_custom_post_types&quot;:&quot;&quot;,&quot;custom_post_types&quot;:[],&quot;hide_widget_if&quot;:&quot;&quot;,&quot;carousel_enabled&quot;:&quot;&quot;,&quot;slides_to_scroll&quot;:&quot;1&quot;,&quot;arrows&quot;:&quot;true&quot;,&quot;arrow_icon&quot;:&quot;fa fa-angle-left&quot;,&quot;dots&quot;:&quot;&quot;,&quot;autoplay&quot;:&quot;true&quot;,&quot;pause_on_hover&quot;:&quot;true&quot;,&quot;autoplay_speed&quot;:5000,&quot;infinite&quot;:&quot;true&quot;,&quot;center_mode&quot;:&quot;&quot;,&quot;effect&quot;:&quot;slide&quot;,&quot;speed&quot;:500,&quot;inject_alternative_items&quot;:&quot;&quot;,&quot;injection_items&quot;:[],&quot;scroll_slider_enabled&quot;:&quot;&quot;,&quot;scroll_slider_on&quot;:[&quot;desktop&quot;,&quot;tablet&quot;,&quot;mobile&quot;],&quot;custom_query&quot;:false,&quot;custom_query_id&quot;:&quot;&quot;,&quot;_element_id&quot;:&quot;&quot;,&quot;collapse_first_last_gap&quot;:false,&quot;list_tag_selection&quot;:&quot;&quot;,&quot;list_items_wrapper_tag&quot;:&quot;div&quot;,&quot;list_item_tag&quot;:&quot;div&quot;,&quot;empty_items_wrapper_tag&quot;:&quot;div&quot;}}\" data-listing-source=\"posts\" data-listing-id=\"202\" data-query-id=\"\" data-queried-id=\"5589|WP_Post\">Nem tal\u00e1ltunk term\u00e9keket<\/div><\/div>\t\t\t\t<\/div>\n\t\t\t\t<\/div>\n\t\t\t\t<\/div>\n\t\t\t\t<\/div>\n\t\t","protected":false},"excerpt":{"rendered":"<p>Faipar &#8211; Old\u00f3szer alap\u00fa ragaszt\u00f3k K\u00e1rpitoz\u00e1s A b\u00fatoriparban a k\u00e1rpitos anyagok ragaszt\u00e1s\u00e1ra v\u00edzdiszperzi\u00f3s vagy old\u00f3szeres alap\u00fa k\u00e1rpitragaszt\u00f3kat haszn\u00e1lnak. NEOFLEX T-2924 RED NEOFLEX T-2924 RED je jednozlo\u017ekov\u00e9 sprejov\u00e9 lepidlo vhodn\u00e9 na lepenie ko\u017ee, dreva, textilu, polyuret\u00e1novej peny at\u010f. v \u010dal\u00fannickom priemysle.<\/p>\n","protected":false},"author":3,"featured_media":0,"parent":5659,"menu_order":1,"comment_status":"closed","ping_status":"closed","template":"","meta":{"footnotes":""},"class_list":["post-5589","page","type-page","status-publish","hentry"],"_links":{"self":[{"href":"https:\/\/agglu.sk\/hu\/wp-json\/wp\/v2\/pages\/5589","targetHints":{"allow":["GET"]}}],"collection":[{"href":"https:\/\/agglu.sk\/hu\/wp-json\/wp\/v2\/pages"}],"about":[{"href":"https:\/\/agglu.sk\/hu\/wp-json\/wp\/v2\/types\/page"}],"author":[{"embeddable":true,"href":"https:\/\/agglu.sk\/hu\/wp-json\/wp\/v2\/users\/3"}],"replies":[{"embeddable":true,"href":"https:\/\/agglu.sk\/hu\/wp-json\/wp\/v2\/comments?post=5589"}],"version-history":[{"count":3,"href":"https:\/\/agglu.sk\/hu\/wp-json\/wp\/v2\/pages\/5589\/revisions"}],"predecessor-version":[{"id":5618,"href":"https:\/\/agglu.sk\/hu\/wp-json\/wp\/v2\/pages\/5589\/revisions\/5618"}],"up":[{"embeddable":true,"href":"https:\/\/agglu.sk\/hu\/wp-json\/wp\/v2\/pages\/5659"}],"wp:attachment":[{"href":"https:\/\/agglu.sk\/hu\/wp-json\/wp\/v2\/media?parent=5589"}],"curies":[{"name":"wp","href":"https:\/\/api.w.org\/{rel}","templated":true}]}}