{"id":5571,"date":"2022-07-10T20:36:59","date_gmt":"2022-07-10T18:36:59","guid":{"rendered":"https:\/\/agglu.sk\/higienia\/"},"modified":"2023-07-13T17:54:54","modified_gmt":"2023-07-13T15:54:54","slug":"higienia","status":"publish","type":"page","link":"https:\/\/agglu.sk\/hu\/higienia\/","title":{"rendered":"Higi\u00e9nia"},"content":{"rendered":"\t\t<div data-elementor-type=\"wp-page\" data-elementor-id=\"5571\" class=\"elementor elementor-5571 elementor-1071\" data-elementor-post-type=\"page\">\n\t\t\t\t<div class=\"elementor-element elementor-element-e7034dc e-con-full e-flex e-con e-parent\" data-id=\"e7034dc\" data-element_type=\"container\" data-e-type=\"container\" data-settings=\"{&quot;background_background&quot;:&quot;classic&quot;,&quot;jet_parallax_layout_list&quot;:[]}\">\n\t\t\t\t<div class=\"elementor-element elementor-element-7b410e2 elementor-widget elementor-widget-heading\" data-id=\"7b410e2\" data-element_type=\"widget\" data-e-type=\"widget\" data-widget_type=\"heading.default\">\n\t\t\t\t<div class=\"elementor-widget-container\">\n\t\t\t\t\t<h2 class=\"elementor-heading-title elementor-size-default\">Higi\u00e9nia<\/h2>\t\t\t\t<\/div>\n\t\t\t\t<\/div>\n\t\t\t\t<div class=\"elementor-element elementor-element-819502e elementor-widget__width-initial elementor-widget elementor-widget-text-editor\" data-id=\"819502e\" data-element_type=\"widget\" data-e-type=\"widget\" data-widget_type=\"text-editor.default\">\n\t\t\t\t<div class=\"elementor-widget-container\">\n\t\t\t\t\t\t\t\t\t<div class=\"left-part\">\n<div class=\"left-part-wrapper\">\n<div class=\"left-part\">\n<div class=\"left-part-wrapper\">\n<div class=\"left-part\">\n<div class=\"left-part-wrapper\">\n<div class=\"left-part\">\n<div class=\"left-part-wrapper\">\n<div class=\"left-part\">\n<div class=\"left-part-wrapper\">\n<div class=\"left-part\">\n<div class=\"left-part-wrapper\">\n<div class=\"left-part\">\n<div class=\"left-part-wrapper\">\n<p class=\"perex\">Az olvad\u00e9kragaszt\u00f3kat (EVA, APAO, PSA) a szaniter\u00e1ruk gy\u00e1rt\u00e1sa sor\u00e1n a magok szerkezeti ragaszt\u00e1s\u00e1ra \u00e9s a szaniter\u00e1ruk fels\u0151 v\u00e9d\u0151r\u00e9teg\u00e9nek ragaszt\u00e1s\u00e1ra haszn\u00e1lj\u00e1k. PSA ragaszt\u00f3kkal r\u00f6gz\u00edtik \u0151ket a ruhadarabhoz (r\u00f6gz\u00edt\u00e9s).<\/p>\n<\/div>\n<\/div>\n<\/div>\n<\/div>\n<\/div>\n<\/div>\n<\/div>\n<\/div>\n<\/div>\n<\/div>\n<\/div>\n<\/div>\n<\/div>\n<\/div>\n\t\t\t\t\t\t\t\t<\/div>\n\t\t\t\t<\/div>\n\t\t\t\t<\/div>\n\t\t<div class=\"elementor-element elementor-element-d8c06f7 e-con-full e-flex e-con e-parent\" data-id=\"d8c06f7\" data-element_type=\"container\" data-e-type=\"container\" data-settings=\"{&quot;jet_parallax_layout_list&quot;:[]}\">\n\t\t\t\t<div class=\"elementor-element elementor-element-3ccb3ce elementor-widget__width-inherit elementor-widget elementor-widget-jet-tabs\" data-id=\"3ccb3ce\" data-element_type=\"widget\" data-e-type=\"widget\" data-settings=\"{&quot;tabs_position_mobile&quot;:&quot;top&quot;,&quot;tabs_position&quot;:&quot;top&quot;,&quot;no_active_tabs&quot;:&quot;false&quot;}\" data-widget_type=\"jet-tabs.default\">\n\t\t\t\t<div class=\"elementor-widget-container\">\n\t\t\t\t\t\n\t\t<div class=\"jet-tabs jet-tabs-position-top jet-tabs-move-up-effect \" data-settings=\"{&quot;activeIndex&quot;:0,&quot;event&quot;:&quot;click&quot;,&quot;autoSwitch&quot;:false,&quot;autoSwitchDelay&quot;:3000,&quot;ajaxTemplate&quot;:false,&quot;tabsPosition&quot;:&quot;top&quot;,&quot;switchScrolling&quot;:false,&quot;switchScrollingOffset&quot;:0}\">\n\t\t\t<div class=\"jet-tabs__control-wrapper \" role=\"tablist\">\n                                    <div id=\"jet-tabs-control-6371\" class=\"jet-tabs__control jet-tabs__control-icon-left elementor-menu-anchor active-tab \" data-tab=\"1\" tabindex=\"0\" role=\"tab\" aria-controls=\"jet-tabs-content-6371\" aria-expanded=\"true\" data-template-id=\"2232\"><div class=\"jet-tabs__control-inner\"><div class=\"jet-tabs__label-text\">Forr\u00f3 olvad\u00e9k ragaszt\u00f3k<\/div><\/div><\/div>\n                    \t\t\t    <\/div>\n\t\t\t<div class=\"jet-tabs__content-wrapper\">\n\t\t\t\t<div id=\"jet-tabs-content-6371\" class=\"jet-tabs__content active-content\" data-tab=\"1\" role=\"tabpanel\" aria-hidden=\"false\" data-template-id=\"2232\">\t\t<div data-elementor-type=\"section\" data-elementor-id=\"5882\" class=\"elementor elementor-5882 elementor-2232\" data-elementor-post-type=\"elementor_library\">\n\t\t\t<div class=\"elementor-element elementor-element-301032e2 e-con-full e-flex e-con e-parent\" data-id=\"301032e2\" data-element_type=\"container\" data-e-type=\"container\" data-settings=\"{&quot;jet_parallax_layout_list&quot;:[]}\">\n\t\t\t\t<div class=\"elementor-element elementor-element-5eb4e8db elementor-widget elementor-widget-heading\" data-id=\"5eb4e8db\" data-element_type=\"widget\" data-e-type=\"widget\" data-widget_type=\"heading.default\">\n\t\t\t\t<div class=\"elementor-widget-container\">\n\t\t\t\t\t<h2 class=\"elementor-heading-title elementor-size-default\">Forr\u00f3 olvad\u00e9k ragaszt\u00f3k<\/h2>\t\t\t\t<\/div>\n\t\t\t\t<\/div>\n\t\t\t\t<div class=\"elementor-element elementor-element-26115ae elementor-widget__width-initial elementor-widget elementor-widget-text-editor\" data-id=\"26115ae\" data-element_type=\"widget\" data-e-type=\"widget\" data-widget_type=\"text-editor.default\">\n\t\t\t\t<div class=\"elementor-widget-container\">\n\t\t\t\t\t\t\t\t\t<div class=\"elementor-element elementor-element-167e0d8c elementor-widget__width-initial elementor-widget elementor-widget-text-editor\" data-id=\"167e0d8c\" data-element_type=\"widget\" data-widget_type=\"text-editor.default\">\n<div class=\"elementor-widget-container\">\n<p>Az olvad\u00f3 ragaszt\u00f3kat a fa anyagok pap\u00edr, furn\u00e9r vagy ABS szeg\u00e9llyel t\u00f6rt\u00e9n\u0151 szeg\u00e9lyez\u00e9s\u00e9re haszn\u00e1lj\u00e1k. A felhord\u00e1s mechanikus szeg\u00e9lyez\u0151g\u00e9peken t\u00f6rt\u00e9nik, amelyeknek lehet\u0151s\u00e9g\u00fck van a ragaszt\u00f3 felolvaszt\u00e1s\u00e1ra a felhord\u00e1si h\u0151m\u00e9rs\u00e9kletre. A profilok burkol\u00e1s\u00e1ra EVA, APAO \u00e9s PUR alap\u00fa forr\u00f3 olvad\u00e9kragaszt\u00f3kat haszn\u00e1lnak. A megfelel\u0151 ragaszt\u00f3 kiv\u00e1laszt\u00e1sa a burkolathoz haszn\u00e1lt alapanyagt\u00f3l, valamint a term\u00e9k v\u00edz- \u00e9s h\u0151\u00e1ll\u00f3s\u00e1gi k\u00f6vetelm\u00e9nyeit\u0151l f\u00fcgg.<\/p>\n<\/div>\n<\/div>\n\t\t\t\t\t\t\t\t<\/div>\n\t\t\t\t<\/div>\n\t\t<div class=\"elementor-element elementor-element-46a44044 e-flex e-con-boxed e-con e-parent\" data-id=\"46a44044\" data-element_type=\"container\" data-e-type=\"container\" data-settings=\"{&quot;jet_parallax_layout_list&quot;:[]}\">\n\t\t\t\t\t<div class=\"e-con-inner\">\n\t\t\t\t<div class=\"elementor-element elementor-element-1858287f elementor-widget elementor-widget-jet-listing-grid\" data-id=\"1858287f\" data-element_type=\"widget\" data-e-type=\"widget\" data-settings=\"{&quot;columns&quot;:&quot;4&quot;,&quot;columns_mobile&quot;:&quot;1&quot;}\" data-widget_type=\"jet-listing-grid.default\">\n\t\t\t\t<div class=\"elementor-widget-container\">\n\t\t\t\t\t<div class=\"jet-listing-grid jet-listing\"><div class=\"jet-listing-grid__items grid-col-desk-4 grid-col-tablet-4 grid-col-mobile-1 jet-listing-grid--2045\" data-queried-id=\"5571|WP_Post\" data-nav=\"{&quot;enabled&quot;:false,&quot;type&quot;:null,&quot;more_el&quot;:null,&quot;query&quot;:[],&quot;widget_settings&quot;:{&quot;lisitng_id&quot;:2045,&quot;posts_num&quot;:6,&quot;columns&quot;:4,&quot;columns_tablet&quot;:4,&quot;columns_mobile&quot;:1,&quot;column_min_width&quot;:240,&quot;column_min_width_tablet&quot;:240,&quot;column_min_width_mobile&quot;:240,&quot;inline_columns_css&quot;:false,&quot;is_archive_template&quot;:&quot;&quot;,&quot;post_status&quot;:[&quot;publish&quot;],&quot;use_random_posts_num&quot;:&quot;&quot;,&quot;max_posts_num&quot;:9,&quot;not_found_message&quot;:&quot;Nem tal\\u00e1ltak adatokat&quot;,&quot;is_masonry&quot;:false,&quot;equal_columns_height&quot;:&quot;&quot;,&quot;use_load_more&quot;:&quot;&quot;,&quot;load_more_id&quot;:&quot;&quot;,&quot;load_more_type&quot;:&quot;click&quot;,&quot;load_more_offset&quot;:{&quot;unit&quot;:&quot;px&quot;,&quot;size&quot;:0,&quot;sizes&quot;:[]},&quot;use_custom_post_types&quot;:&quot;&quot;,&quot;custom_post_types&quot;:[],&quot;hide_widget_if&quot;:&quot;&quot;,&quot;carousel_enabled&quot;:&quot;&quot;,&quot;slides_to_scroll&quot;:&quot;1&quot;,&quot;arrows&quot;:&quot;true&quot;,&quot;arrow_icon&quot;:&quot;fa fa-angle-left&quot;,&quot;dots&quot;:&quot;&quot;,&quot;autoplay&quot;:&quot;true&quot;,&quot;pause_on_hover&quot;:&quot;true&quot;,&quot;autoplay_speed&quot;:5000,&quot;infinite&quot;:&quot;true&quot;,&quot;center_mode&quot;:&quot;&quot;,&quot;effect&quot;:&quot;slide&quot;,&quot;speed&quot;:500,&quot;inject_alternative_items&quot;:&quot;&quot;,&quot;injection_items&quot;:[],&quot;scroll_slider_enabled&quot;:&quot;&quot;,&quot;scroll_slider_on&quot;:[&quot;desktop&quot;,&quot;tablet&quot;,&quot;mobile&quot;],&quot;custom_query&quot;:false,&quot;custom_query_id&quot;:&quot;&quot;,&quot;_element_id&quot;:&quot;&quot;,&quot;collapse_first_last_gap&quot;:false,&quot;list_tag_selection&quot;:&quot;&quot;,&quot;list_items_wrapper_tag&quot;:&quot;div&quot;,&quot;list_item_tag&quot;:&quot;div&quot;,&quot;empty_items_wrapper_tag&quot;:&quot;div&quot;}}\" data-page=\"1\" data-pages=\"1\" data-listing-source=\"posts\" data-listing-id=\"2045\" data-query-id=\"\"><div class=\"jet-listing-grid__item jet-listing-dynamic-post-7138\" data-post-id=\"7138\"  ><style type=\"text\/css\">.jet-listing-dynamic-post-7138 .elementor-element.elementor-element-9dc8209:not(.elementor-motion-effects-element-type-background), .jet-listing-dynamic-post-7138 .elementor-element.elementor-element-9dc8209 > .elementor-motion-effects-container > .elementor-motion-effects-layer{background-image:url(\"https:\/\/agglu.sk\/wp-content\/uploads\/2022\/09\/medical.webp\");}<\/style>\t\t<div data-elementor-type=\"jet-listing-items\" data-elementor-id=\"7321\" class=\"elementor elementor-7321 elementor-2045\" data-elementor-post-type=\"jet-engine\">\n\t\t\t\t<a class=\"elementor-element elementor-element-9dc8209 container-shadow e-flex e-con-boxed e-con e-parent\" data-id=\"9dc8209\" data-element_type=\"container\" data-e-type=\"container\" data-settings=\"{&quot;background_background&quot;:&quot;classic&quot;,&quot;jet_parallax_layout_list&quot;:[]}\" href=\"https:\/\/agglu.sk\/hu\/produktova-kategoria\/higienia-melegen-olvado-ragasztok-orvostechnika\/\">\n\t\t\t\t\t<div class=\"e-con-inner\">\n\t\t\t\t<div class=\"elementor-element elementor-element-233014c elementor-widget elementor-widget-jet-listing-dynamic-field\" data-id=\"233014c\" data-element_type=\"widget\" data-e-type=\"widget\" data-widget_type=\"jet-listing-dynamic-field.default\">\n\t\t\t\t<div class=\"elementor-widget-container\">\n\t\t\t\t\t<div class=\"jet-listing jet-listing-dynamic-field display-inline\"><div class=\"jet-listing-dynamic-field__inline-wrap\"><div class=\"jet-listing-dynamic-field__content\">Orvosi<\/div><\/div><\/div>\t\t\t\t<\/div>\n\t\t\t\t<\/div>\n\t\t\t\t\t<\/div>\n\t\t\t\t<\/a>\n\t\t\t\t<\/div>\n\t\t<\/div><div class=\"jet-listing-grid__item jet-listing-dynamic-post-7156\" data-post-id=\"7156\"  ><style type=\"text\/css\">.jet-listing-dynamic-post-7156 .elementor-element.elementor-element-9dc8209:not(.elementor-motion-effects-element-type-background), .jet-listing-dynamic-post-7156 .elementor-element.elementor-element-9dc8209 > .elementor-motion-effects-container > .elementor-motion-effects-layer{background-image:url(\"https:\/\/agglu.sk\/wp-content\/uploads\/2022\/09\/inkontinencia-.webp\");}<\/style>\t\t<div data-elementor-type=\"jet-listing-items\" data-elementor-id=\"7321\" class=\"elementor elementor-7321 elementor-2045\" data-elementor-post-type=\"jet-engine\">\n\t\t\t\t<a class=\"elementor-element elementor-element-9dc8209 container-shadow e-flex e-con-boxed e-con e-parent\" data-id=\"9dc8209\" data-element_type=\"container\" data-e-type=\"container\" data-settings=\"{&quot;background_background&quot;:&quot;classic&quot;,&quot;jet_parallax_layout_list&quot;:[]}\" href=\"https:\/\/agglu.sk\/hu\/produktova-kategoria\/higienia-olvadekragasztok-inkontinencia\/\">\n\t\t\t\t\t<div class=\"e-con-inner\">\n\t\t\t\t<div class=\"elementor-element elementor-element-233014c elementor-widget elementor-widget-jet-listing-dynamic-field\" data-id=\"233014c\" data-element_type=\"widget\" data-e-type=\"widget\" data-widget_type=\"jet-listing-dynamic-field.default\">\n\t\t\t\t<div class=\"elementor-widget-container\">\n\t\t\t\t\t<div class=\"jet-listing jet-listing-dynamic-field display-inline\"><div class=\"jet-listing-dynamic-field__inline-wrap\"><div class=\"jet-listing-dynamic-field__content\">Inkontinencia<\/div><\/div><\/div>\t\t\t\t<\/div>\n\t\t\t\t<\/div>\n\t\t\t\t\t<\/div>\n\t\t\t\t<\/a>\n\t\t\t\t<\/div>\n\t\t<\/div><div class=\"jet-listing-grid__item jet-listing-dynamic-post-7123\" data-post-id=\"7123\"  ><style type=\"text\/css\">.jet-listing-dynamic-post-7123 .elementor-element.elementor-element-9dc8209:not(.elementor-motion-effects-element-type-background), .jet-listing-dynamic-post-7123 .elementor-element.elementor-element-9dc8209 > .elementor-motion-effects-container > .elementor-motion-effects-layer{background-image:url(\"https:\/\/agglu.sk\/wp-content\/uploads\/2022\/09\/damska-hygiena-.webp\");}<\/style>\t\t<div data-elementor-type=\"jet-listing-items\" data-elementor-id=\"7321\" class=\"elementor elementor-7321 elementor-2045\" data-elementor-post-type=\"jet-engine\">\n\t\t\t\t<a class=\"elementor-element elementor-element-9dc8209 container-shadow e-flex e-con-boxed e-con e-parent\" data-id=\"9dc8209\" data-element_type=\"container\" data-e-type=\"container\" data-settings=\"{&quot;background_background&quot;:&quot;classic&quot;,&quot;jet_parallax_layout_list&quot;:[]}\" href=\"https:\/\/agglu.sk\/hu\/produktova-kategoria\/higienia-melegen-olvado-ragasztok-szemelyi-noi-higienia\/\">\n\t\t\t\t\t<div class=\"e-con-inner\">\n\t\t\t\t<div class=\"elementor-element elementor-element-233014c elementor-widget elementor-widget-jet-listing-dynamic-field\" data-id=\"233014c\" data-element_type=\"widget\" data-e-type=\"widget\" data-widget_type=\"jet-listing-dynamic-field.default\">\n\t\t\t\t<div class=\"elementor-widget-container\">\n\t\t\t\t\t<div class=\"jet-listing jet-listing-dynamic-field display-inline\"><div class=\"jet-listing-dynamic-field__inline-wrap\"><div class=\"jet-listing-dynamic-field__content\">Szem\u00e9lyes n\u0151i higi\u00e9nia<\/div><\/div><\/div>\t\t\t\t<\/div>\n\t\t\t\t<\/div>\n\t\t\t\t\t<\/div>\n\t\t\t\t<\/a>\n\t\t\t\t<\/div>\n\t\t<\/div><div class=\"jet-listing-grid__item jet-listing-dynamic-post-7140\" data-post-id=\"7140\"  ><style type=\"text\/css\">.jet-listing-dynamic-post-7140 .elementor-element.elementor-element-9dc8209:not(.elementor-motion-effects-element-type-background), .jet-listing-dynamic-post-7140 .elementor-element.elementor-element-9dc8209 > .elementor-motion-effects-container > .elementor-motion-effects-layer{background-image:url(\"https:\/\/agglu.sk\/wp-content\/uploads\/2022\/09\/detske-plienky.webp\");}<\/style>\t\t<div data-elementor-type=\"jet-listing-items\" data-elementor-id=\"7321\" class=\"elementor elementor-7321 elementor-2045\" data-elementor-post-type=\"jet-engine\">\n\t\t\t\t<a class=\"elementor-element elementor-element-9dc8209 container-shadow e-flex e-con-boxed e-con e-parent\" data-id=\"9dc8209\" data-element_type=\"container\" data-e-type=\"container\" data-settings=\"{&quot;background_background&quot;:&quot;classic&quot;,&quot;jet_parallax_layout_list&quot;:[]}\" href=\"https:\/\/agglu.sk\/hu\/produktova-kategoria\/higienia-melegen-olvado-ragasztok-baba-pelenkak\/\">\n\t\t\t\t\t<div class=\"e-con-inner\">\n\t\t\t\t<div class=\"elementor-element elementor-element-233014c elementor-widget elementor-widget-jet-listing-dynamic-field\" data-id=\"233014c\" data-element_type=\"widget\" data-e-type=\"widget\" data-widget_type=\"jet-listing-dynamic-field.default\">\n\t\t\t\t<div class=\"elementor-widget-container\">\n\t\t\t\t\t<div class=\"jet-listing jet-listing-dynamic-field display-inline\"><div class=\"jet-listing-dynamic-field__inline-wrap\"><div class=\"jet-listing-dynamic-field__content\">Baba pelenk\u00e1k<\/div><\/div><\/div>\t\t\t\t<\/div>\n\t\t\t\t<\/div>\n\t\t\t\t\t<\/div>\n\t\t\t\t<\/a>\n\t\t\t\t<\/div>\n\t\t<\/div><\/div><\/div>\t\t\t\t<\/div>\n\t\t\t\t<\/div>\n\t\t\t\t\t<\/div>\n\t\t\t\t<\/div>\n\t\t\t\t<\/div>\n\t\t\t\t<\/div>\n\t\t<\/div>\t\t\t<\/div>\n\t\t\t\t\t<\/div>\n\t\t\t\t\t\t<\/div>\n\t\t\t\t<\/div>\n\t\t\t\t<\/div>\n\t\t\t\t<\/div>\n\t\t","protected":false},"excerpt":{"rendered":"<p>Higi\u00e9nia Az olvad\u00e9kragaszt\u00f3kat (EVA, APAO, PSA) a szaniter\u00e1ruk gy\u00e1rt\u00e1sa sor\u00e1n a magok szerkezeti ragaszt\u00e1s\u00e1ra \u00e9s a szaniter\u00e1ruk fels\u0151 v\u00e9d\u0151r\u00e9teg\u00e9nek ragaszt\u00e1s\u00e1ra haszn\u00e1lj\u00e1k. PSA ragaszt\u00f3kkal r\u00f6gz\u00edtik \u0151ket a ruhadarabhoz (r\u00f6gz\u00edt\u00e9s). Forr\u00f3 olvad\u00e9k ragaszt\u00f3k Tavn\u00e9 lepidl\u00e1 Na ohranenie drevn\u00fdch materi\u00e1lov papierom, dyhou alebo ABS hranou, sa pou\u017e\u00edvaj\u00fa tavn\u00e9 lepidl\u00e1. Dan\u00e1 aplik\u00e1cia prebieha na mechanick\u00fdch hranovac\u00edch zariadeniach, ktor\u00e9 maj\u00fa [&hellip;]<\/p>\n","protected":false},"author":3,"featured_media":0,"parent":0,"menu_order":0,"comment_status":"closed","ping_status":"closed","template":"","meta":{"footnotes":""},"class_list":["post-5571","page","type-page","status-publish","hentry"],"_links":{"self":[{"href":"https:\/\/agglu.sk\/hu\/wp-json\/wp\/v2\/pages\/5571","targetHints":{"allow":["GET"]}}],"collection":[{"href":"https:\/\/agglu.sk\/hu\/wp-json\/wp\/v2\/pages"}],"about":[{"href":"https:\/\/agglu.sk\/hu\/wp-json\/wp\/v2\/types\/page"}],"author":[{"embeddable":true,"href":"https:\/\/agglu.sk\/hu\/wp-json\/wp\/v2\/users\/3"}],"replies":[{"embeddable":true,"href":"https:\/\/agglu.sk\/hu\/wp-json\/wp\/v2\/comments?post=5571"}],"version-history":[{"count":4,"href":"https:\/\/agglu.sk\/hu\/wp-json\/wp\/v2\/pages\/5571\/revisions"}],"predecessor-version":[{"id":5616,"href":"https:\/\/agglu.sk\/hu\/wp-json\/wp\/v2\/pages\/5571\/revisions\/5616"}],"wp:attachment":[{"href":"https:\/\/agglu.sk\/hu\/wp-json\/wp\/v2\/media?parent=5571"}],"curies":[{"name":"wp","href":"https:\/\/api.w.org\/{rel}","templated":true}]}}