{"id":5457,"date":"2022-10-18T19:46:30","date_gmt":"2022-10-18T17:46:30","guid":{"rendered":"https:\/\/agglu.sk\/szep-rendszerek-cimkek\/"},"modified":"2024-06-18T16:28:52","modified_gmt":"2024-06-18T14:28:52","slug":"szep-rendszerek-cimkek","status":"publish","type":"page","link":"https:\/\/agglu.sk\/hu\/szep-rendszerek-cimkek\/","title":{"rendered":"Sz\u00e9p. Rendszerek &#8211; C\u00edmk\u00e9k"},"content":{"rendered":"\t\t<div data-elementor-type=\"wp-page\" data-elementor-id=\"5457\" class=\"elementor elementor-5457 elementor-2409\" data-elementor-post-type=\"page\">\n\t\t\t\t<div class=\"elementor-element elementor-element-e7034dc e-con-full e-flex e-con e-parent\" data-id=\"e7034dc\" data-element_type=\"container\" data-e-type=\"container\" data-settings=\"{&quot;background_background&quot;:&quot;classic&quot;,&quot;jet_parallax_layout_list&quot;:[]}\">\n\t\t\t\t<div class=\"elementor-element elementor-element-7b410e2 elementor-widget elementor-widget-heading\" data-id=\"7b410e2\" data-element_type=\"widget\" data-e-type=\"widget\" data-widget_type=\"heading.default\">\n\t\t\t\t<div class=\"elementor-widget-container\">\n\t\t\t\t\t<h2 class=\"elementor-heading-title elementor-size-default\">C\u00edmk\u00e9k<\/h2>\t\t\t\t<\/div>\n\t\t\t\t<\/div>\n\t\t\t\t<\/div>\n\t\t<div class=\"elementor-element elementor-element-560d1d4 e-con-full elementor-hidden-desktop elementor-hidden-tablet elementor-hidden-mobile e-flex e-con e-parent\" data-id=\"560d1d4\" data-element_type=\"container\" data-e-type=\"container\" data-settings=\"{&quot;jet_parallax_layout_list&quot;:[]}\">\n\t\t\t\t<div class=\"elementor-element elementor-element-2c0f088 elementor-widget elementor-widget-heading\" data-id=\"2c0f088\" data-element_type=\"widget\" data-e-type=\"widget\" data-widget_type=\"heading.default\">\n\t\t\t\t<div class=\"elementor-widget-container\">\n\t\t\t\t\t<h2 class=\"elementor-heading-title elementor-size-default\">M\u00e1rk\u00e1k, amelyekkel egy\u00fctt dolgozunk<\/h2>\t\t\t\t<\/div>\n\t\t\t\t<\/div>\n\t\t\t\t<div class=\"elementor-element elementor-element-6d35e62 elementor-widget__width-initial elementor-widget elementor-widget-jet-brands\" data-id=\"6d35e62\" data-element_type=\"widget\" data-e-type=\"widget\" data-widget_type=\"jet-brands.default\">\n\t\t\t\t<div class=\"elementor-widget-container\">\n\t\t\t\t\t<div class=\"elementor-jet-brands jet-elements\"><div class=\"brands-wrap\">\n\t<div class=\"brands-list col-row\"><div class=\"brands-list__item\"><div class=\"brands-list__item-img-wrap\"><img decoding=\"async\" src=\"https:\/\/agglu.sk\/wp-content\/uploads\/2022\/08\/Logo-PREO-2018-Ok.png\" alt=\"Logo-PREO-2018-Ok\" class=\"brands-list__item-img\" loading=\"lazy\"><\/div><\/div>\n<\/div><\/div><\/div>\t\t\t\t<\/div>\n\t\t\t\t<\/div>\n\t\t\t\t<\/div>\n\t\t<div class=\"elementor-element elementor-element-a7db4f4 e-flex e-con-boxed e-con e-parent\" data-id=\"a7db4f4\" data-element_type=\"container\" data-e-type=\"container\" data-settings=\"{&quot;jet_parallax_layout_list&quot;:[]}\">\n\t\t\t\t\t<div class=\"e-con-inner\">\n\t\t\t\t<div class=\"elementor-element elementor-element-e74958d elementor-widget elementor-widget-heading\" data-id=\"e74958d\" data-element_type=\"widget\" data-e-type=\"widget\" data-widget_type=\"heading.default\">\n\t\t\t\t<div class=\"elementor-widget-container\">\n\t\t\t\t\t<h2 class=\"elementor-heading-title elementor-size-default\">Ragaszt\u00f3rendszerek<\/h2>\t\t\t\t<\/div>\n\t\t\t\t<\/div>\n\t\t\t\t<div class=\"elementor-element elementor-element-cc79151 elementor-widget__width-initial elementor-widget elementor-widget-text-editor\" data-id=\"cc79151\" data-element_type=\"widget\" data-e-type=\"widget\" data-widget_type=\"text-editor.default\">\n\t\t\t\t<div class=\"elementor-widget-container\">\n\t\t\t\t\t\t\t\t\t<p class=\"p1\">Modern \u00e9s megb\u00edzhat\u00f3 alkalmaz\u00e1stechnol\u00f3gi\u00e1t k\u00edn\u00e1lunk sz\u00e1mos ipar\u00e1g sz\u00e1m\u00e1ra.<\/p>\n\t\t\t\t\t\t\t\t<\/div>\n\t\t\t\t<\/div>\n\t\t<div class=\"elementor-element elementor-element-9b1b856 e-con-full e-flex e-con e-child\" data-id=\"9b1b856\" data-element_type=\"container\" data-e-type=\"container\" data-settings=\"{&quot;jet_parallax_layout_list&quot;:[]}\">\n\t\t<a class=\"elementor-element elementor-element-76f3982 e-flex e-con-boxed e-con e-child\" data-id=\"76f3982\" data-element_type=\"container\" data-e-type=\"container\" data-settings=\"{&quot;jet_parallax_layout_list&quot;:[]}\" href=\"#elementor-action%3Aaction%3Dpopup%3Aopen%26settings%3DeyJpZCI6NTgyOCwidG9nZ2xlIjpmYWxzZX0%3D\">\n\t\t\t\t\t<div class=\"e-con-inner\">\n\t\t\t\t<div class=\"elementor-element elementor-element-1792786 elementor-widget elementor-widget-image\" data-id=\"1792786\" data-element_type=\"widget\" data-e-type=\"widget\" data-widget_type=\"image.default\">\n\t\t\t\t<div class=\"elementor-widget-container\">\n\t\t\t\t\t\t\t\t\t\t\t\t\t\t\t<img fetchpriority=\"high\" decoding=\"async\" width=\"800\" height=\"600\" src=\"https:\/\/agglu.sk\/wp-content\/uploads\/2023\/01\/hotmaster_thumb.jpg\" class=\"attachment-large size-large wp-image-5259\" alt=\"\" srcset=\"https:\/\/agglu.sk\/wp-content\/uploads\/2023\/01\/hotmaster_thumb.jpg 800w, https:\/\/agglu.sk\/wp-content\/uploads\/2023\/01\/hotmaster_thumb-300x225.jpg 300w, https:\/\/agglu.sk\/wp-content\/uploads\/2023\/01\/hotmaster_thumb-768x576.jpg 768w\" sizes=\"(max-width: 800px) 100vw, 800px\" \/>\t\t\t\t\t\t\t\t\t\t\t\t\t\t\t<\/div>\n\t\t\t\t<\/div>\n\t\t<div class=\"elementor-element elementor-element-1d6b72f lep-sys-block e-flex e-con-boxed e-con e-child\" data-id=\"1d6b72f\" data-element_type=\"container\" data-e-type=\"container\" data-settings=\"{&quot;background_background&quot;:&quot;classic&quot;,&quot;jet_parallax_layout_list&quot;:[]}\">\n\t\t\t\t\t<div class=\"e-con-inner\">\n\t\t\t\t<div class=\"elementor-element elementor-element-303ea67 elementor-widget elementor-widget-heading\" data-id=\"303ea67\" data-element_type=\"widget\" data-e-type=\"widget\" data-widget_type=\"heading.default\">\n\t\t\t\t<div class=\"elementor-widget-container\">\n\t\t\t\t\t<h2 class=\"elementor-heading-title elementor-size-default\">Kis hengeres applik\u00e1torok<\/h2>\t\t\t\t<\/div>\n\t\t\t\t<\/div>\n\t\t\t\t<div class=\"elementor-element elementor-element-fb3dd7a elementor-widget elementor-widget-text-editor\" data-id=\"fb3dd7a\" data-element_type=\"widget\" data-e-type=\"widget\" data-widget_type=\"text-editor.default\">\n\t\t\t\t<div class=\"elementor-widget-container\">\n\t\t\t\t\t\t\t\t\t<p>Egyes alkalmaz\u00e1sokhoz egyszer\u0171en egy kis hengeres applik\u00e1torra van sz\u00fcks\u00e9g. Ha egyenletesen kell felvinni a ragaszt\u00f3t a fel\u00fcletre, \u00e9s a felhord\u00e1s ellen\u0151rz\u00e9se alatt kell tartania, akkor ebben a r\u00e9szben biztosan tal\u00e1l v\u00e1laszt\u00e1st. Ezek az applik\u00e1torok alkalmasak k\u00e9zi folyamatokhoz, ahol sok id\u0151t \u00e9s ragaszt\u00f3t takar\u00edthatnak meg.<\/p>\n\t\t\t\t\t\t\t\t<\/div>\n\t\t\t\t<\/div>\n\t\t\t\t\t<\/div>\n\t\t\t\t<\/div>\n\t\t\t\t\t<\/div>\n\t\t\t\t<\/a>\n\t\t<a class=\"elementor-element elementor-element-4b260b0 e-flex e-con-boxed e-con e-child\" data-id=\"4b260b0\" data-element_type=\"container\" data-e-type=\"container\" data-settings=\"{&quot;jet_parallax_layout_list&quot;:[]}\" href=\"#elementor-action%3Aaction%3Dpopup%3Aopen%26settings%3DeyJpZCI6NTgyOCwidG9nZ2xlIjpmYWxzZX0%3D\">\n\t\t\t\t\t<div class=\"e-con-inner\">\n\t\t\t\t<div class=\"elementor-element elementor-element-5b1463d elementor-widget elementor-widget-image\" data-id=\"5b1463d\" data-element_type=\"widget\" data-e-type=\"widget\" data-widget_type=\"image.default\">\n\t\t\t\t<div class=\"elementor-widget-container\">\n\t\t\t\t\t\t\t\t\t\t\t\t\t\t\t<img decoding=\"async\" width=\"250\" height=\"220\" src=\"https:\/\/agglu.sk\/wp-content\/uploads\/2023\/01\/vyr_142tavna-pistole-polygun-LT.jpg\" class=\"attachment-large size-large wp-image-5253\" alt=\"\" \/>\t\t\t\t\t\t\t\t\t\t\t\t\t\t\t<\/div>\n\t\t\t\t<\/div>\n\t\t<div class=\"elementor-element elementor-element-747c62c lep-sys-block e-flex e-con-boxed e-con e-child\" data-id=\"747c62c\" data-element_type=\"container\" data-e-type=\"container\" data-settings=\"{&quot;background_background&quot;:&quot;classic&quot;,&quot;jet_parallax_layout_list&quot;:[]}\">\n\t\t\t\t\t<div class=\"e-con-inner\">\n\t\t\t\t<div class=\"elementor-element elementor-element-1082527 elementor-widget elementor-widget-heading\" data-id=\"1082527\" data-element_type=\"widget\" data-e-type=\"widget\" data-widget_type=\"heading.default\">\n\t\t\t\t<div class=\"elementor-widget-container\">\n\t\t\t\t\t<h2 class=\"elementor-heading-title elementor-size-default\">Olvaszt\u00f3pisztolyok<\/h2>\t\t\t\t<\/div>\n\t\t\t\t<\/div>\n\t\t\t\t<div class=\"elementor-element elementor-element-c4a7fd4 elementor-widget elementor-widget-text-editor\" data-id=\"c4a7fd4\" data-element_type=\"widget\" data-e-type=\"widget\" data-widget_type=\"text-editor.default\">\n\t\t\t\t<div class=\"elementor-widget-container\">\n\t\t\t\t\t\t\t\t\t<p>Gazdas\u00e1gos, egyszer\u0171 \u00e9s gyors megold\u00e1s a forr\u00f3 olvad\u00e9kragaszt\u00f3 felvitel\u00e9re. A forr\u00f3olvad\u00e9k-pisztolyok v\u00e1laszt\u00e9ka meglep\u0151en sz\u00e9les, ak\u00e1rcsak az alkalmaz\u00e1si lehet\u0151s\u00e9gek. T\u00f6bbf\u00e9le felhord\u00e1si m\u00f3d k\u00f6z\u00fcl lehet v\u00e1lasztani, legyen az vonalas vagy sz\u00f3r\u00e1sos, valamint a bemeneti ragaszt\u00f3: p\u00e1lcika, granul\u00e1tum vagy patron. Csapatunk seg\u00edt kiv\u00e1lasztani a megfelel\u0151 fegyvert.<\/p>\n\t\t\t\t\t\t\t\t<\/div>\n\t\t\t\t<\/div>\n\t\t\t\t\t<\/div>\n\t\t\t\t<\/div>\n\t\t\t\t\t<\/div>\n\t\t\t\t<\/a>\n\t\t<a class=\"elementor-element elementor-element-df5a033 e-flex e-con-boxed e-con e-child\" data-id=\"df5a033\" data-element_type=\"container\" data-e-type=\"container\" data-settings=\"{&quot;jet_parallax_layout_list&quot;:[]}\" href=\"#elementor-action%3Aaction%3Dpopup%3Aopen%26settings%3DeyJpZCI6NTgyOCwidG9nZ2xlIjpmYWxzZX0%3D\">\n\t\t\t\t\t<div class=\"e-con-inner\">\n\t\t\t\t<div class=\"elementor-element elementor-element-0e2674d elementor-widget elementor-widget-image\" data-id=\"0e2674d\" data-element_type=\"widget\" data-e-type=\"widget\" data-widget_type=\"image.default\">\n\t\t\t\t<div class=\"elementor-widget-container\">\n\t\t\t\t\t\t\t\t\t\t\t\t\t\t\t<img decoding=\"async\" width=\"285\" height=\"285\" src=\"https:\/\/agglu.sk\/wp-content\/uploads\/2023\/01\/14942278fe6f79a3dd2b9828373ce34d0d6ad793a44b9be3e3e115c0fc6ffc00_0_min.jpg\" class=\"attachment-large size-large wp-image-5257\" alt=\"\" srcset=\"https:\/\/agglu.sk\/wp-content\/uploads\/2023\/01\/14942278fe6f79a3dd2b9828373ce34d0d6ad793a44b9be3e3e115c0fc6ffc00_0_min.jpg 285w, https:\/\/agglu.sk\/wp-content\/uploads\/2023\/01\/14942278fe6f79a3dd2b9828373ce34d0d6ad793a44b9be3e3e115c0fc6ffc00_0_min-150x150.jpg 150w\" sizes=\"(max-width: 285px) 100vw, 285px\" \/>\t\t\t\t\t\t\t\t\t\t\t\t\t\t\t<\/div>\n\t\t\t\t<\/div>\n\t\t<div class=\"elementor-element elementor-element-0471cda lep-sys-block e-flex e-con-boxed e-con e-child\" data-id=\"0471cda\" data-element_type=\"container\" data-e-type=\"container\" data-settings=\"{&quot;background_background&quot;:&quot;classic&quot;,&quot;jet_parallax_layout_list&quot;:[]}\">\n\t\t\t\t\t<div class=\"e-con-inner\">\n\t\t\t\t<div class=\"elementor-element elementor-element-563804b elementor-widget elementor-widget-heading\" data-id=\"563804b\" data-element_type=\"widget\" data-e-type=\"widget\" data-widget_type=\"heading.default\">\n\t\t\t\t<div class=\"elementor-widget-container\">\n\t\t\t\t\t<h2 class=\"elementor-heading-title elementor-size-default\">P\u00f3talkatr\u00e9szek \/ szerviz<\/h2>\t\t\t\t<\/div>\n\t\t\t\t<\/div>\n\t\t\t\t<div class=\"elementor-element elementor-element-7725424 elementor-widget elementor-widget-text-editor\" data-id=\"7725424\" data-element_type=\"widget\" data-e-type=\"widget\" data-widget_type=\"text-editor.default\">\n\t\t\t\t<div class=\"elementor-widget-container\">\n\t\t\t\t\t\t\t\t\t<p>Az \u00e1ltalunk \u00e9rt\u00e9kes\u00edtett berendez\u00e9sekhez szervizel\u00e9st \u00e9s alkatr\u00e9szell\u00e1t\u00e1st is v\u00e1llalunk. Ezeket nagyr\u00e9szt a portf\u00f3li\u00f3nkon k\u00edv\u00fcli m\u00e1rk\u00e1k k\u00e9sz\u00fcl\u00e9keihez is biztos\u00edtani tudjuk.<\/p>\n\t\t\t\t\t\t\t\t<\/div>\n\t\t\t\t<\/div>\n\t\t\t\t\t<\/div>\n\t\t\t\t<\/div>\n\t\t\t\t\t<\/div>\n\t\t\t\t<\/a>\n\t\t\t\t<\/div>\n\t\t\t\t\t<\/div>\n\t\t\t\t<\/div>\n\t\t<div class=\"elementor-element elementor-element-42e5063 e-flex e-con-boxed e-con e-parent\" data-id=\"42e5063\" data-element_type=\"container\" data-e-type=\"container\" data-settings=\"{&quot;jet_parallax_layout_list&quot;:[]}\">\n\t\t\t\t\t<div class=\"e-con-inner\">\n\t\t<div class=\"elementor-element elementor-element-1beb187 e-con-full e-flex e-con e-child\" data-id=\"1beb187\" data-element_type=\"container\" data-e-type=\"container\" data-settings=\"{&quot;jet_parallax_layout_list&quot;:[]}\">\n\t\t<div class=\"elementor-element elementor-element-9d8f578 e-flex e-con-boxed e-con e-child\" data-id=\"9d8f578\" data-element_type=\"container\" data-e-type=\"container\" data-settings=\"{&quot;jet_parallax_layout_list&quot;:[]}\">\n\t\t\t\t\t<div class=\"e-con-inner\">\n\t\t<div class=\"elementor-element elementor-element-14b16b0 e-con-full e-flex e-con e-child\" data-id=\"14b16b0\" data-element_type=\"container\" data-e-type=\"container\" data-settings=\"{&quot;background_background&quot;:&quot;classic&quot;,&quot;jet_parallax_layout_list&quot;:[]}\">\n\t\t\t\t<div class=\"elementor-element elementor-element-92f8997 elementor-widget elementor-widget-image\" data-id=\"92f8997\" data-element_type=\"widget\" data-e-type=\"widget\" data-widget_type=\"image.default\">\n\t\t\t\t<div class=\"elementor-widget-container\">\n\t\t\t\t\t\t\t\t\t\t\t\t\t\t\t<img loading=\"lazy\" decoding=\"async\" width=\"1536\" height=\"1633\" src=\"https:\/\/agglu.sk\/wp-content\/uploads\/2023\/01\/IMG_4793_jpg-e1673452974644.jpg\" class=\"attachment-full size-full wp-image-5261\" alt=\"\" srcset=\"https:\/\/agglu.sk\/wp-content\/uploads\/2023\/01\/IMG_4793_jpg-e1673452974644.jpg 1536w, https:\/\/agglu.sk\/wp-content\/uploads\/2023\/01\/IMG_4793_jpg-e1673452974644-282x300.jpg 282w, https:\/\/agglu.sk\/wp-content\/uploads\/2023\/01\/IMG_4793_jpg-e1673452974644-963x1024.jpg 963w, https:\/\/agglu.sk\/wp-content\/uploads\/2023\/01\/IMG_4793_jpg-e1673452974644-768x817.jpg 768w, https:\/\/agglu.sk\/wp-content\/uploads\/2023\/01\/IMG_4793_jpg-e1673452974644-1445x1536.jpg 1445w\" sizes=\"(max-width: 1536px) 100vw, 1536px\" \/>\t\t\t\t\t\t\t\t\t\t\t\t\t\t\t<\/div>\n\t\t\t\t<\/div>\n\t\t<div class=\"elementor-element elementor-element-7fd9bff e-flex e-con-boxed e-con e-child\" data-id=\"7fd9bff\" data-element_type=\"container\" data-e-type=\"container\" data-settings=\"{&quot;background_background&quot;:&quot;classic&quot;,&quot;jet_parallax_layout_list&quot;:[]}\">\n\t\t\t\t\t<div class=\"e-con-inner\">\n\t\t\t\t<div class=\"elementor-element elementor-element-200bab9 elementor-widget elementor-widget-heading\" data-id=\"200bab9\" data-element_type=\"widget\" data-e-type=\"widget\" data-widget_type=\"heading.default\">\n\t\t\t\t<div class=\"elementor-widget-container\">\n\t\t\t\t\t<h2 class=\"elementor-heading-title elementor-size-default\">Mgr. Marko \u0160tefko<\/h2>\t\t\t\t<\/div>\n\t\t\t\t<\/div>\n\t\t\t\t<div class=\"elementor-element elementor-element-a699d9f elementor-widget elementor-widget-heading\" data-id=\"a699d9f\" data-element_type=\"widget\" data-e-type=\"widget\" data-widget_type=\"heading.default\">\n\t\t\t\t<div class=\"elementor-widget-container\">\n\t\t\t\t\t<h2 class=\"elementor-heading-title elementor-size-default\">A ragaszt\u00f3k szak\u00e9rt\u0151je <\/br>\u00e9s a ragaszt\u00f3rendszerek szak\u00e9rt\u0151je<\/h2>\t\t\t\t<\/div>\n\t\t\t\t<\/div>\n\t\t\t\t\t<\/div>\n\t\t\t\t<\/div>\n\t\t<div class=\"elementor-element elementor-element-63bb91c e-flex e-con-boxed e-con e-child\" data-id=\"63bb91c\" data-element_type=\"container\" data-e-type=\"container\" data-settings=\"{&quot;background_background&quot;:&quot;classic&quot;,&quot;jet_parallax_layout_list&quot;:[]}\">\n\t\t\t\t\t<div class=\"e-con-inner\">\n\t\t\t\t<div class=\"elementor-element elementor-element-fa96f67 elementor-align-center elementor-icon-list--layout-traditional elementor-list-item-link-full_width elementor-widget elementor-widget-icon-list\" data-id=\"fa96f67\" data-element_type=\"widget\" data-e-type=\"widget\" data-widget_type=\"icon-list.default\">\n\t\t\t\t<div class=\"elementor-widget-container\">\n\t\t\t\t\t\t\t<ul class=\"elementor-icon-list-items\">\n\t\t\t\t\t\t\t<li class=\"elementor-icon-list-item\">\n\t\t\t\t\t\t\t\t\t\t\t<span class=\"elementor-icon-list-icon\">\n\t\t\t\t\t\t\t<i aria-hidden=\"true\" class=\"fas fa-phone\"><\/i>\t\t\t\t\t\t<\/span>\n\t\t\t\t\t\t\t\t\t\t<span class=\"elementor-icon-list-text\">+421 917 102 251<\/span>\n\t\t\t\t\t\t\t\t\t<\/li>\n\t\t\t\t\t\t\t\t<li class=\"elementor-icon-list-item\">\n\t\t\t\t\t\t\t\t\t\t\t<span class=\"elementor-icon-list-icon\">\n\t\t\t\t\t\t\t<i aria-hidden=\"true\" class=\"fas fa-envelope\"><\/i>\t\t\t\t\t\t<\/span>\n\t\t\t\t\t\t\t\t\t\t<span class=\"elementor-icon-list-text\">marko.stefko@agglu.sk<\/span>\n\t\t\t\t\t\t\t\t\t<\/li>\n\t\t\t\t\t\t<\/ul>\n\t\t\t\t\t\t<\/div>\n\t\t\t\t<\/div>\n\t\t\t\t\t<\/div>\n\t\t\t\t<\/div>\n\t\t\t\t<\/div>\n\t\t\t\t\t<\/div>\n\t\t\t\t<\/div>\n\t\t<div class=\"elementor-element elementor-element-9c128ad e-flex e-con-boxed e-con e-child\" data-id=\"9c128ad\" data-element_type=\"container\" data-e-type=\"container\" data-settings=\"{&quot;jet_parallax_layout_list&quot;:[]}\">\n\t\t\t\t\t<div class=\"e-con-inner\">\n\t\t\t\t<div class=\"elementor-element elementor-element-7f99e0c elementor-widget elementor-widget-heading\" data-id=\"7f99e0c\" data-element_type=\"widget\" data-e-type=\"widget\" data-widget_type=\"heading.default\">\n\t\t\t\t<div class=\"elementor-widget-container\">\n\t\t\t\t\t<h2 class=\"elementor-heading-title elementor-size-default\">Seg\u00edts\u00e9gre van sz\u00fcks\u00e9gem<\/h2>\t\t\t\t<\/div>\n\t\t\t\t<\/div>\n\t\t\t\t<div class=\"elementor-element elementor-element-c46fc99 elementor-widget__width-initial elementor-widget elementor-widget-text-editor\" data-id=\"c46fc99\" data-element_type=\"widget\" data-e-type=\"widget\" data-widget_type=\"text-editor.default\">\n\t\t\t\t<div class=\"elementor-widget-container\">\n\t\t\t\t\t\t\t\t\t<p class=\"p1\">Vegye ig\u00e9nybe az ingyenes konzult\u00e1ci\u00f3t, \u00e9s l\u00e9pjen kapcsolatba szakember\u00fcnkkel.  <\/br>Az ipari ragaszt\u00e1s szak\u00e9rt\u0151i vagyunk.<\/p>\n\t\t\t\t\t\t\t\t<\/div>\n\t\t\t\t<\/div>\n\t\t\t\t<div class=\"elementor-element elementor-element-9b917e3 elementor-widget elementor-widget-button\" data-id=\"9b917e3\" data-element_type=\"widget\" data-e-type=\"widget\" data-widget_type=\"button.default\">\n\t\t\t\t<div class=\"elementor-widget-container\">\n\t\t\t\t\t\t\t\t\t<div class=\"elementor-button-wrapper\">\n\t\t\t\t\t<a class=\"elementor-button elementor-button-link elementor-size-md\" href=\"https:\/\/agglu.sk\/hu\/ingyenes-konzultacio\/\">\n\t\t\t\t\t\t<span class=\"elementor-button-content-wrapper\">\n\t\t\t\t\t\t\t\t\t<span class=\"elementor-button-text\">Konzult\u00e1ljon a  c\u00edmen.<\/span>\n\t\t\t\t\t<\/span>\n\t\t\t\t\t<\/a>\n\t\t\t\t<\/div>\n\t\t\t\t\t\t\t\t<\/div>\n\t\t\t\t<\/div>\n\t\t\t\t\t<\/div>\n\t\t\t\t<\/div>\n\t\t\t\t<\/div>\n\t\t\t\t\t<\/div>\n\t\t\t\t<\/div>\n\t\t<div class=\"elementor-element elementor-element-f08fad0 e-con-full e-flex e-con e-parent\" data-id=\"f08fad0\" data-element_type=\"container\" data-e-type=\"container\" id=\"formular\" data-settings=\"{&quot;background_background&quot;:&quot;classic&quot;,&quot;jet_parallax_layout_list&quot;:[]}\">\n\t\t\t\t<div class=\"elementor-element elementor-element-3d362f5 elementor-widget elementor-widget-heading\" data-id=\"3d362f5\" data-element_type=\"widget\" data-e-type=\"widget\" data-widget_type=\"heading.default\">\n\t\t\t\t<div class=\"elementor-widget-container\">\n\t\t\t\t\t<h2 class=\"elementor-heading-title elementor-size-default\">Nem tal\u00e1lta meg, amit keresett?<\/h2>\t\t\t\t<\/div>\n\t\t\t\t<\/div>\n\t\t\t\t<div class=\"elementor-element elementor-element-00a016a elementor-widget elementor-widget-heading\" data-id=\"00a016a\" data-element_type=\"widget\" data-e-type=\"widget\" data-widget_type=\"heading.default\">\n\t\t\t\t<div class=\"elementor-widget-container\">\n\t\t\t\t\t<h2 class=\"elementor-heading-title elementor-size-default\">\u00d6r\u00f6mmel seg\u00edt\u00fcnk \u00d6nnek<\/h2>\t\t\t\t<\/div>\n\t\t\t\t<\/div>\n\t\t\t\t<div class=\"elementor-element elementor-element-f7e81be elementor-widget elementor-widget-jet-engine-booking-form\" data-id=\"f7e81be\" data-element_type=\"widget\" data-e-type=\"widget\" data-widget_type=\"jet-engine-booking-form.default\">\n\t\t\t\t<div class=\"elementor-widget-container\">\n\t\t\t\t\t<form  class=\"jet-form layout-column submit-type-reload\" action=\"\/hu\/wp-json\/wp\/v2\/pages\/5457?jet_engine_action=book&#038;nocache=1777236931\" method=\"POST\" data-form-id=\"6877\"><input class=\"jet-form__field hidden-field\" type=\"hidden\" name=\"_jet_engine_booking_form_id\" value=\"6877\" data-field-name=\"_jet_engine_booking_form_id\"><input class=\"jet-form__field hidden-field\" type=\"hidden\" name=\"_jet_engine_refer\" value=\"https:\/\/agglu.sk\/hu\/wp-json\/wp\/v2\/pages\/5457\/\" data-field-name=\"_jet_engine_refer\"><input class=\"jet-form__field hidden-field\" type=\"hidden\" name=\"_jet_engine_nonce\" value=\"3fe523ebe0\" data-field-name=\"_jet_engine_nonce\"><\/form>\t\t\t\t<\/div>\n\t\t\t\t<\/div>\n\t\t\t\t<\/div>\n\t\t\t\t<\/div>\n\t\t","protected":false},"excerpt":{"rendered":"<p>C\u00edmk\u00e9k M\u00e1rk\u00e1k, amelyekkel egy\u00fctt dolgozunk Ragaszt\u00f3rendszerek Modern \u00e9s megb\u00edzhat\u00f3 alkalmaz\u00e1stechnol\u00f3gi\u00e1t k\u00edn\u00e1lunk sz\u00e1mos ipar\u00e1g sz\u00e1m\u00e1ra. Kis hengeres applik\u00e1torok Egyes alkalmaz\u00e1sokhoz egyszer\u0171en egy kis hengeres applik\u00e1torra van sz\u00fcks\u00e9g. Ha egyenletesen kell felvinni a ragaszt\u00f3t a fel\u00fcletre, \u00e9s a felhord\u00e1s ellen\u0151rz\u00e9se alatt kell tartania, akkor ebben a r\u00e9szben biztosan tal\u00e1l v\u00e1laszt\u00e1st. Ezek az applik\u00e1torok alkalmasak k\u00e9zi folyamatokhoz, ahol [&hellip;]<\/p>\n","protected":false},"author":3,"featured_media":0,"parent":0,"menu_order":0,"comment_status":"closed","ping_status":"closed","template":"","meta":{"footnotes":""},"class_list":["post-5457","page","type-page","status-publish","hentry"],"_links":{"self":[{"href":"https:\/\/agglu.sk\/hu\/wp-json\/wp\/v2\/pages\/5457","targetHints":{"allow":["GET"]}}],"collection":[{"href":"https:\/\/agglu.sk\/hu\/wp-json\/wp\/v2\/pages"}],"about":[{"href":"https:\/\/agglu.sk\/hu\/wp-json\/wp\/v2\/types\/page"}],"author":[{"embeddable":true,"href":"https:\/\/agglu.sk\/hu\/wp-json\/wp\/v2\/users\/3"}],"replies":[{"embeddable":true,"href":"https:\/\/agglu.sk\/hu\/wp-json\/wp\/v2\/comments?post=5457"}],"version-history":[{"count":5,"href":"https:\/\/agglu.sk\/hu\/wp-json\/wp\/v2\/pages\/5457\/revisions"}],"predecessor-version":[{"id":8187,"href":"https:\/\/agglu.sk\/hu\/wp-json\/wp\/v2\/pages\/5457\/revisions\/8187"}],"wp:attachment":[{"href":"https:\/\/agglu.sk\/hu\/wp-json\/wp\/v2\/media?parent=5457"}],"curies":[{"name":"wp","href":"https:\/\/api.w.org\/{rel}","templated":true}]}}