{"id":5452,"date":"2022-08-05T12:17:02","date_gmt":"2022-08-05T10:17:02","guid":{"rendered":"https:\/\/agglu.sk\/tanusitvanyok\/"},"modified":"2025-10-13T16:16:39","modified_gmt":"2025-10-13T14:16:39","slug":"tanusitvanyok","status":"publish","type":"page","link":"https:\/\/agglu.sk\/hu\/tanusitvanyok\/","title":{"rendered":"Tan\u00fas\u00edtv\u00e1nyok"},"content":{"rendered":"\t\t<div data-elementor-type=\"wp-page\" data-elementor-id=\"5452\" class=\"elementor elementor-5452 elementor-1386\" data-elementor-post-type=\"page\">\n\t\t\t\t<div class=\"elementor-element elementor-element-4f88bb5 e-con-full e-flex e-con e-parent\" data-id=\"4f88bb5\" data-element_type=\"container\" data-e-type=\"container\" data-settings=\"{&quot;jet_parallax_layout_list&quot;:[]}\">\n\t\t<div class=\"elementor-element elementor-element-f454a0f e-con-full e-flex e-con e-child\" data-id=\"f454a0f\" data-element_type=\"container\" data-e-type=\"container\" data-settings=\"{&quot;jet_parallax_layout_list&quot;:[]}\">\n\t\t\t\t<div class=\"elementor-element elementor-element-94af725 elementor-widget elementor-widget-heading\" data-id=\"94af725\" data-element_type=\"widget\" data-e-type=\"widget\" data-widget_type=\"heading.default\">\n\t\t\t\t<div class=\"elementor-widget-container\">\n\t\t\t\t\t<h2 class=\"elementor-heading-title elementor-size-default\">Tan\u00fas\u00edtv\u00e1nyok<\/h2>\t\t\t\t<\/div>\n\t\t\t\t<\/div>\n\t\t<div class=\"elementor-element elementor-element-ad75719 e-flex e-con-boxed e-con e-child\" data-id=\"ad75719\" data-element_type=\"container\" data-e-type=\"container\" data-settings=\"{&quot;jet_parallax_layout_list&quot;:[]}\">\n\t\t\t\t\t<div class=\"e-con-inner\">\n\t\t<div class=\"elementor-element elementor-element-b410faa e-flex e-con-boxed e-con e-child\" data-id=\"b410faa\" data-element_type=\"container\" data-e-type=\"container\" data-settings=\"{&quot;jet_parallax_layout_list&quot;:[]}\">\n\t\t\t\t\t<div class=\"e-con-inner\">\n\t\t\t\t<div class=\"elementor-element elementor-element-bcd1c1c elementor-widget elementor-widget-heading\" data-id=\"bcd1c1c\" data-element_type=\"widget\" data-e-type=\"widget\" data-widget_type=\"heading.default\">\n\t\t\t\t<div class=\"elementor-widget-container\">\n\t\t\t\t\t<h2 class=\"elementor-heading-title elementor-size-default\">Min\u0151s\u00e9gir\u00e1ny\u00edt\u00e1si rendszer tan\u00fas\u00edtv\u00e1nyok<\/h2>\t\t\t\t<\/div>\n\t\t\t\t<\/div>\n\t\t<div class=\"elementor-element elementor-element-58496d4 e-flex e-con-boxed e-con e-child\" data-id=\"58496d4\" data-element_type=\"container\" data-e-type=\"container\" data-settings=\"{&quot;jet_parallax_layout_list&quot;:[]}\">\n\t\t\t\t\t<div class=\"e-con-inner\">\n\t\t\t\t<div class=\"elementor-element elementor-element-05872a3 elementor-widget elementor-widget-image\" data-id=\"05872a3\" data-element_type=\"widget\" data-e-type=\"widget\" data-widget_type=\"image.default\">\n\t\t\t\t<div class=\"elementor-widget-container\">\n\t\t\t\t\t\t\t\t\t\t\t\t\t\t\t<img fetchpriority=\"high\" decoding=\"async\" width=\"724\" height=\"1024\" src=\"https:\/\/agglu.sk\/wp-content\/uploads\/2025\/10\/868_24_agglu_int_certifikaty-bf843e0b-8999-4f5a-8d43-523b70ee7527_page-0001-724x1024.jpg\" class=\"attachment-large size-large wp-image-9878\" alt=\"\" srcset=\"https:\/\/agglu.sk\/wp-content\/uploads\/2025\/10\/868_24_agglu_int_certifikaty-bf843e0b-8999-4f5a-8d43-523b70ee7527_page-0001-724x1024.jpg 724w, https:\/\/agglu.sk\/wp-content\/uploads\/2025\/10\/868_24_agglu_int_certifikaty-bf843e0b-8999-4f5a-8d43-523b70ee7527_page-0001-212x300.jpg 212w, https:\/\/agglu.sk\/wp-content\/uploads\/2025\/10\/868_24_agglu_int_certifikaty-bf843e0b-8999-4f5a-8d43-523b70ee7527_page-0001-768x1086.jpg 768w, https:\/\/agglu.sk\/wp-content\/uploads\/2025\/10\/868_24_agglu_int_certifikaty-bf843e0b-8999-4f5a-8d43-523b70ee7527_page-0001-1086x1536.jpg 1086w, https:\/\/agglu.sk\/wp-content\/uploads\/2025\/10\/868_24_agglu_int_certifikaty-bf843e0b-8999-4f5a-8d43-523b70ee7527_page-0001.jpg 1240w\" sizes=\"(max-width: 724px) 100vw, 724px\" \/>\t\t\t\t\t\t\t\t\t\t\t\t\t\t\t<\/div>\n\t\t\t\t<\/div>\n\t\t\t\t<div class=\"elementor-element elementor-element-8aee61b elementor-widget elementor-widget-image\" data-id=\"8aee61b\" data-element_type=\"widget\" data-e-type=\"widget\" data-widget_type=\"image.default\">\n\t\t\t\t<div class=\"elementor-widget-container\">\n\t\t\t\t\t\t\t\t\t\t\t\t\t\t\t<img decoding=\"async\" width=\"724\" height=\"1024\" src=\"https:\/\/agglu.sk\/wp-content\/uploads\/2025\/10\/868_24_agglu_int_certifikaty-bf843e0b-8999-4f5a-8d43-523b70ee7527_page-0002-724x1024.jpg\" class=\"attachment-large size-large wp-image-9882\" alt=\"\" srcset=\"https:\/\/agglu.sk\/wp-content\/uploads\/2025\/10\/868_24_agglu_int_certifikaty-bf843e0b-8999-4f5a-8d43-523b70ee7527_page-0002-724x1024.jpg 724w, https:\/\/agglu.sk\/wp-content\/uploads\/2025\/10\/868_24_agglu_int_certifikaty-bf843e0b-8999-4f5a-8d43-523b70ee7527_page-0002-212x300.jpg 212w, https:\/\/agglu.sk\/wp-content\/uploads\/2025\/10\/868_24_agglu_int_certifikaty-bf843e0b-8999-4f5a-8d43-523b70ee7527_page-0002-768x1086.jpg 768w, https:\/\/agglu.sk\/wp-content\/uploads\/2025\/10\/868_24_agglu_int_certifikaty-bf843e0b-8999-4f5a-8d43-523b70ee7527_page-0002-1086x1536.jpg 1086w, https:\/\/agglu.sk\/wp-content\/uploads\/2025\/10\/868_24_agglu_int_certifikaty-bf843e0b-8999-4f5a-8d43-523b70ee7527_page-0002.jpg 1240w\" sizes=\"(max-width: 724px) 100vw, 724px\" \/>\t\t\t\t\t\t\t\t\t\t\t\t\t\t\t<\/div>\n\t\t\t\t<\/div>\n\t\t\t\t\t<\/div>\n\t\t\t\t<\/div>\n\t\t\t\t\t<\/div>\n\t\t\t\t<\/div>\n\t\t\t\t\t<\/div>\n\t\t\t\t<\/div>\n\t\t\t\t<\/div>\n\t\t\t\t<\/div>\n\t\t\t\t<\/div>\n\t\t","protected":false},"excerpt":{"rendered":"<p>Tan\u00fas\u00edtv\u00e1nyok Min\u0151s\u00e9gir\u00e1ny\u00edt\u00e1si rendszer tan\u00fas\u00edtv\u00e1nyok<\/p>\n","protected":false},"author":3,"featured_media":0,"parent":0,"menu_order":0,"comment_status":"closed","ping_status":"closed","template":"","meta":{"footnotes":""},"class_list":["post-5452","page","type-page","status-publish","hentry"],"_links":{"self":[{"href":"https:\/\/agglu.sk\/hu\/wp-json\/wp\/v2\/pages\/5452","targetHints":{"allow":["GET"]}}],"collection":[{"href":"https:\/\/agglu.sk\/hu\/wp-json\/wp\/v2\/pages"}],"about":[{"href":"https:\/\/agglu.sk\/hu\/wp-json\/wp\/v2\/types\/page"}],"author":[{"embeddable":true,"href":"https:\/\/agglu.sk\/hu\/wp-json\/wp\/v2\/users\/3"}],"replies":[{"embeddable":true,"href":"https:\/\/agglu.sk\/hu\/wp-json\/wp\/v2\/comments?post=5452"}],"version-history":[{"count":6,"href":"https:\/\/agglu.sk\/hu\/wp-json\/wp\/v2\/pages\/5452\/revisions"}],"predecessor-version":[{"id":9896,"href":"https:\/\/agglu.sk\/hu\/wp-json\/wp\/v2\/pages\/5452\/revisions\/9896"}],"wp:attachment":[{"href":"https:\/\/agglu.sk\/hu\/wp-json\/wp\/v2\/media?parent=5452"}],"curies":[{"name":"wp","href":"https:\/\/api.w.org\/{rel}","templated":true}]}}