{"id":5401,"date":"2022-08-05T13:46:02","date_gmt":"2022-08-05T11:46:02","guid":{"rendered":"https:\/\/agglu.sk\/a-vallalatrol\/"},"modified":"2023-07-13T17:50:28","modified_gmt":"2023-07-13T15:50:28","slug":"a-vallalatrol","status":"publish","type":"page","link":"https:\/\/agglu.sk\/hu\/a-vallalatrol\/","title":{"rendered":"A v\u00e1llalatr\u00f3l"},"content":{"rendered":"\t\t<div data-elementor-type=\"wp-page\" data-elementor-id=\"5401\" class=\"elementor elementor-5401 elementor-1393\" data-elementor-post-type=\"page\">\n\t\t\t\t<div class=\"elementor-element elementor-element-9107bb7 e-con-full e-flex e-con e-parent\" data-id=\"9107bb7\" data-element_type=\"container\" data-e-type=\"container\" data-settings=\"{&quot;background_background&quot;:&quot;classic&quot;,&quot;jet_parallax_layout_list&quot;:[]}\">\n\t\t\t\t<div class=\"elementor-element elementor-element-059562c elementor-widget elementor-widget-heading\" data-id=\"059562c\" data-element_type=\"widget\" data-e-type=\"widget\" data-widget_type=\"heading.default\">\n\t\t\t\t<div class=\"elementor-widget-container\">\n\t\t\t\t\t<h2 class=\"elementor-heading-title elementor-size-default\">A v\u00e1llalatr\u00f3l<\/h2>\t\t\t\t<\/div>\n\t\t\t\t<\/div>\n\t\t\t\t<\/div>\n\t\t<div class=\"elementor-element elementor-element-0d23f73 e-flex e-con-boxed e-con e-parent\" data-id=\"0d23f73\" data-element_type=\"container\" data-e-type=\"container\" data-settings=\"{&quot;jet_parallax_layout_list&quot;:[]}\">\n\t\t\t\t\t<div class=\"e-con-inner\">\n\t\t\t\t<div class=\"elementor-element elementor-element-6cee578 elementor-widget elementor-widget-text-editor\" data-id=\"6cee578\" data-element_type=\"widget\" data-e-type=\"widget\" data-widget_type=\"text-editor.default\">\n\t\t\t\t<div class=\"elementor-widget-container\">\n\t\t\t\t\t\t\t\t\t<p>AGGLU Int. s.r.o. egy progressz\u00edv, dinamikus \u00e9s folyamatosan n\u00f6vekv\u0151 v\u00e1llalat, amely a szlov\u00e1k, cseh \u00e9s magyar piacon tev\u00e9kenykedik. Els\u0151sorban sz\u00e1mos glob\u00e1lis gy\u00e1rt\u00f3 ipari ragaszt\u00f3inak forgalmaz\u00e1s\u00e1val \u00e9s \u00e9rt\u00e9kes\u00edt\u00e9s\u00e9vel foglalkozunk. Azonban nem csak a forgalmaz\u00e1sra \u00e9s az \u00e9rt\u00e9kes\u00edt\u00e9sre \u00f6sszpontos\u00edtunk, hanem tan\u00e1csad\u00e1st \u00e9s konzult\u00e1ci\u00f3t is k\u00edn\u00e1lunk. Az \u00d6n sikere a mi siker\u00fcnk is.<\/p>\n\t\t\t\t\t\t\t\t<\/div>\n\t\t\t\t<\/div>\n\t\t\t\t<div class=\"elementor-element elementor-element-8b55600 elementor-widget elementor-widget-text-editor\" data-id=\"8b55600\" data-element_type=\"widget\" data-e-type=\"widget\" data-widget_type=\"text-editor.default\">\n\t\t\t\t<div class=\"elementor-widget-container\">\n\t\t\t\t\t\t\t\t\t<p>Az ipari ragaszt\u00f3k legsz\u00e9lesebb v\u00e1laszt\u00e9k\u00e1t k\u00edn\u00e1ljuk a szlov\u00e1k, cseh \u00e9s magyar piacon. Forgalmaz\u00e1sunk olyan m\u00e1rk\u00e1kat foglal mag\u00e1ban, mint a Neoflex, a Leuenberger, a Kiilto \u00e9s a Menichetti. Azon kev\u00e9s c\u00e9gek k\u00f6z\u00e9 tartozunk, amelyek nemcsak az ipari ragaszt\u00f3k \u00e9rt\u00e9kes\u00edt\u00e9s\u00e9re szakosodtak, hanem szolg\u00e1ltat\u00e1ssal \u00e9s min\u0151s\u00e9gi tan\u00e1csad\u00e1ssal is szolg\u00e1lunk \u00fcgyfeleinknek.<\/p>\n\t\t\t\t\t\t\t\t<\/div>\n\t\t\t\t<\/div>\n\t\t\t\t\t<\/div>\n\t\t\t\t<\/div>\n\t\t<div class=\"elementor-element elementor-element-d29e7c2 e-con-full e-flex e-con e-parent\" data-id=\"d29e7c2\" data-element_type=\"container\" data-e-type=\"container\" data-settings=\"{&quot;background_background&quot;:&quot;classic&quot;,&quot;jet_parallax_layout_list&quot;:[]}\">\n\t\t<div class=\"elementor-element elementor-element-ef63ace e-con-full e-flex e-con e-parent\" data-id=\"ef63ace\" data-element_type=\"container\" data-e-type=\"container\" data-settings=\"{&quot;background_background&quot;:&quot;classic&quot;,&quot;jet_parallax_layout_list&quot;:[]}\">\n\t\t<div class=\"elementor-element elementor-element-83416f8 e-con-full e-flex e-con e-parent\" data-id=\"83416f8\" data-element_type=\"container\" data-e-type=\"container\" data-settings=\"{&quot;jet_parallax_layout_list&quot;:[]}\">\n\t\t\t\t<div class=\"elementor-element elementor-element-b73e493 elementor-widget elementor-widget-heading\" data-id=\"b73e493\" data-element_type=\"widget\" data-e-type=\"widget\" data-widget_type=\"heading.default\">\n\t\t\t\t<div class=\"elementor-widget-container\">\n\t\t\t\t\t<h2 class=\"elementor-heading-title elementor-size-default\">Mit tesz\u00fcnk mi mint v\u00e1llalat?<\/h2>\t\t\t\t<\/div>\n\t\t\t\t<\/div>\n\t\t<div class=\"elementor-element elementor-element-2229ce3 e-flex e-con-boxed e-con e-parent\" data-id=\"2229ce3\" data-element_type=\"container\" data-e-type=\"container\" data-settings=\"{&quot;jet_parallax_layout_list&quot;:[]}\">\n\t\t\t\t\t<div class=\"e-con-inner\">\n\t\t\t\t<div class=\"elementor-element elementor-element-8558fcf elementor-position-block-start elementor-widget__width-initial elementor-view-default elementor-mobile-position-block-start elementor-widget elementor-widget-icon-box\" data-id=\"8558fcf\" data-element_type=\"widget\" data-e-type=\"widget\" data-widget_type=\"icon-box.default\">\n\t\t\t\t<div class=\"elementor-widget-container\">\n\t\t\t\t\t\t\t<div class=\"elementor-icon-box-wrapper\">\n\n\t\t\t\t\t\t<div class=\"elementor-icon-box-icon\">\n\t\t\t\t<span  class=\"elementor-icon\">\n\t\t\t\t<i aria-hidden=\"true\" class=\"fas fa-comments\"><\/i>\t\t\t\t<\/span>\n\t\t\t<\/div>\n\t\t\t\n\t\t\t\t\t\t<div class=\"elementor-icon-box-content\">\n\n\t\t\t\t\t\t\t\t\t<h3 class=\"elementor-icon-box-title\">\n\t\t\t\t\t\t<span  >\n\t\t\t\t\t\t\tNem csak a forgalmaz\u00e1s \u00e9s az \u00e9rt\u00e9kes\u00edt\u00e9s\t\t\t\t\t\t<\/span>\n\t\t\t\t\t<\/h3>\n\t\t\t\t\n\t\t\t\t\t\t\t\t\t<p class=\"elementor-icon-box-description\">\n\t\t\t\t\t\t  Mi az \u00d6n sz\u00e1m\u00e1ra tan\u00e1csad\u00e1s \u00e9s a konzult\u00e1ci\u00f3 lehet\u0151s\u00e9g\u00e9t.\t\t\t\t\t<\/p>\n\t\t\t\t\n\t\t\t<\/div>\n\t\t\t\n\t\t<\/div>\n\t\t\t\t\t\t<\/div>\n\t\t\t\t<\/div>\n\t\t\t\t<div class=\"elementor-element elementor-element-b9d91b1 elementor-position-block-start elementor-widget__width-initial elementor-view-default elementor-mobile-position-block-start elementor-widget elementor-widget-icon-box\" data-id=\"b9d91b1\" data-element_type=\"widget\" data-e-type=\"widget\" data-widget_type=\"icon-box.default\">\n\t\t\t\t<div class=\"elementor-widget-container\">\n\t\t\t\t\t\t\t<div class=\"elementor-icon-box-wrapper\">\n\n\t\t\t\t\t\t<div class=\"elementor-icon-box-icon\">\n\t\t\t\t<span  class=\"elementor-icon\">\n\t\t\t\t<svg xmlns=\"http:\/\/www.w3.org\/2000\/svg\" viewBox=\"0 0 512 512\"><path d=\"M495.9 166.6C499.2 175.2 496.4 184.9 489.6 191.2L446.3 230.6C447.4 238.9 448 247.4 448 256C448 264.6 447.4 273.1 446.3 281.4L489.6 320.8C496.4 327.1 499.2 336.8 495.9 345.4C491.5 357.3 486.2 368.8 480.2 379.7L475.5 387.8C468.9 398.8 461.5 409.2 453.4 419.1C447.4 426.2 437.7 428.7 428.9 425.9L373.2 408.1C359.8 418.4 344.1 427 329.2 433.6L316.7 490.7C314.7 499.7 307.7 506.1 298.5 508.5C284.7 510.8 270.5 512 255.1 512C241.5 512 227.3 510.8 213.5 508.5C204.3 506.1 197.3 499.7 195.3 490.7L182.8 433.6C167 427 152.2 418.4 138.8 408.1L83.14 425.9C74.3 428.7 64.55 426.2 58.63 419.1C50.52 409.2 43.12 398.8 36.52 387.8L31.84 379.7C25.77 368.8 20.49 357.3 16.06 345.4C12.82 336.8 15.55 327.1 22.41 320.8L65.67 281.4C64.57 273.1 64 264.6 64 256C64 247.4 64.57 238.9 65.67 230.6L22.41 191.2C15.55 184.9 12.82 175.3 16.06 166.6C20.49 154.7 25.78 143.2 31.84 132.3L36.51 124.2C43.12 113.2 50.52 102.8 58.63 92.95C64.55 85.8 74.3 83.32 83.14 86.14L138.8 103.9C152.2 93.56 167 84.96 182.8 78.43L195.3 21.33C197.3 12.25 204.3 5.04 213.5 3.51C227.3 1.201 241.5 0 256 0C270.5 0 284.7 1.201 298.5 3.51C307.7 5.04 314.7 12.25 316.7 21.33L329.2 78.43C344.1 84.96 359.8 93.56 373.2 103.9L428.9 86.14C437.7 83.32 447.4 85.8 453.4 92.95C461.5 102.8 468.9 113.2 475.5 124.2L480.2 132.3C486.2 143.2 491.5 154.7 495.9 166.6V166.6zM256 336C300.2 336 336 300.2 336 255.1C336 211.8 300.2 175.1 256 175.1C211.8 175.1 176 211.8 176 255.1C176 300.2 211.8 336 256 336z\"><\/path><\/svg>\t\t\t\t<\/span>\n\t\t\t<\/div>\n\t\t\t\n\t\t\t\t\t\t<div class=\"elementor-icon-box-content\">\n\n\t\t\t\t\t\t\t\t\t<h3 class=\"elementor-icon-box-title\">\n\t\t\t\t\t\t<span  >\n\t\t\t\t\t\t\tKicser\u00e9lj\u00fck\t\t\t\t\t\t<\/span>\n\t\t\t\t\t<\/h3>\n\t\t\t\t\n\t\t\t\t\t\t\t\t\t<p class=\"elementor-icon-box-description\">\n\t\t\t\t\t\tTechnol\u00f3gusokat helyettes\u00edt\u00fcnk \u00fcgyfeleinkn\u00e9l, \u00e9s be\u00e1ll\u00edtjuk a g\u00e9peiket.\t\t\t\t\t<\/p>\n\t\t\t\t\n\t\t\t<\/div>\n\t\t\t\n\t\t<\/div>\n\t\t\t\t\t\t<\/div>\n\t\t\t\t<\/div>\n\t\t\t\t\t<\/div>\n\t\t\t\t<\/div>\n\t\t<div class=\"elementor-element elementor-element-586e650 e-flex e-con-boxed e-con e-parent\" data-id=\"586e650\" data-element_type=\"container\" data-e-type=\"container\" data-settings=\"{&quot;jet_parallax_layout_list&quot;:[]}\">\n\t\t\t\t\t<div class=\"e-con-inner\">\n\t\t\t\t<div class=\"elementor-element elementor-element-c111227 elementor-position-block-start elementor-widget__width-initial elementor-view-default elementor-mobile-position-block-start elementor-widget elementor-widget-icon-box\" data-id=\"c111227\" data-element_type=\"widget\" data-e-type=\"widget\" data-widget_type=\"icon-box.default\">\n\t\t\t\t<div class=\"elementor-widget-container\">\n\t\t\t\t\t\t\t<div class=\"elementor-icon-box-wrapper\">\n\n\t\t\t\t\t\t<div class=\"elementor-icon-box-icon\">\n\t\t\t\t<span  class=\"elementor-icon\">\n\t\t\t\t<i aria-hidden=\"true\" class=\"fas fa-thumbs-up\"><\/i>\t\t\t\t<\/span>\n\t\t\t<\/div>\n\t\t\t\n\t\t\t\t\t\t<div class=\"elementor-icon-box-content\">\n\n\t\t\t\t\t\t\t\t\t<h3 class=\"elementor-icon-box-title\">\n\t\t\t\t\t\t<span  >\n\t\t\t\t\t\t\tMi itt vagyunk az \u00d6n sz\u00e1m\u00e1ra\t\t\t\t\t\t<\/span>\n\t\t\t\t\t<\/h3>\n\t\t\t\t\n\t\t\t\t\t\t\t\t\t<p class=\"elementor-icon-box-description\">\n\t\t\t\t\t\tAz \u00d6n el\u00e9gedetts\u00e9ge \u00e9s sikere kiemelked\u0151en fontos sz\u00e1munkra.\t\t\t\t\t<\/p>\n\t\t\t\t\n\t\t\t<\/div>\n\t\t\t\n\t\t<\/div>\n\t\t\t\t\t\t<\/div>\n\t\t\t\t<\/div>\n\t\t\t\t<div class=\"elementor-element elementor-element-3208e95 elementor-position-block-start elementor-widget__width-initial elementor-view-default elementor-mobile-position-block-start elementor-widget elementor-widget-icon-box\" data-id=\"3208e95\" data-element_type=\"widget\" data-e-type=\"widget\" data-widget_type=\"icon-box.default\">\n\t\t\t\t<div class=\"elementor-widget-container\">\n\t\t\t\t\t\t\t<div class=\"elementor-icon-box-wrapper\">\n\n\t\t\t\t\t\t<div class=\"elementor-icon-box-icon\">\n\t\t\t\t<span  class=\"elementor-icon\">\n\t\t\t\t<i aria-hidden=\"true\" class=\"fas fa-people-carry\"><\/i>\t\t\t\t<\/span>\n\t\t\t<\/div>\n\t\t\t\n\t\t\t\t\t\t<div class=\"elementor-icon-box-content\">\n\n\t\t\t\t\t\t\t\t\t<h3 class=\"elementor-icon-box-title\">\n\t\t\t\t\t\t<span  >\n\t\t\t\t\t\t\tT\u00e1mogatjuk a r\u00e9gi\u00f3nkat\t\t\t\t\t\t<\/span>\n\t\t\t\t\t<\/h3>\n\t\t\t\t\n\t\t\t\t\t\t\t\t\t<p class=\"elementor-icon-box-description\">\n\t\t\t\t\t\tLegyen sz\u00f3 iskol\u00e1k vagy \u00f6nk\u00e9ntes t\u0171zolt\u00f3s\u00e1gok felszerel\u00e9s\u00e9r\u0151l, nem hagyunk ki egyetlen lehet\u0151s\u00e9get sem, hogy valamit visszaadjunk a k\u00f6z\u00f6ss\u00e9gnek.\t\t\t\t\t<\/p>\n\t\t\t\t\n\t\t\t<\/div>\n\t\t\t\n\t\t<\/div>\n\t\t\t\t\t\t<\/div>\n\t\t\t\t<\/div>\n\t\t\t\t\t<\/div>\n\t\t\t\t<\/div>\n\t\t\t\t<\/div>\n\t\t<div class=\"elementor-element elementor-element-77eb402 e-con-full e-flex e-con e-parent\" data-id=\"77eb402\" data-element_type=\"container\" data-e-type=\"container\" data-settings=\"{&quot;jet_parallax_layout_list&quot;:[]}\">\n\t\t\t\t<div class=\"elementor-element elementor-element-fab6d66 elementor-widget elementor-widget-image\" data-id=\"fab6d66\" data-element_type=\"widget\" data-e-type=\"widget\" data-widget_type=\"image.default\">\n\t\t\t\t<div class=\"elementor-widget-container\">\n\t\t\t\t\t\t\t\t\t\t\t\t\t\t\t<img fetchpriority=\"high\" decoding=\"async\" width=\"312\" height=\"310\" src=\"https:\/\/agglu.sk\/wp-content\/uploads\/2022\/08\/img_co_robime.png\" class=\"attachment-large size-large wp-image-5131\" alt=\"\" srcset=\"https:\/\/agglu.sk\/wp-content\/uploads\/2022\/08\/img_co_robime.png 312w, https:\/\/agglu.sk\/wp-content\/uploads\/2022\/08\/img_co_robime-300x298.png 300w, https:\/\/agglu.sk\/wp-content\/uploads\/2022\/08\/img_co_robime-150x150.png 150w\" sizes=\"(max-width: 312px) 100vw, 312px\" \/>\t\t\t\t\t\t\t\t\t\t\t\t\t\t\t<\/div>\n\t\t\t\t<\/div>\n\t\t\t\t<\/div>\n\t\t\t\t<\/div>\n\t\t\t\t<\/div>\n\t\t<div class=\"elementor-element elementor-element-fd8b0a1 e-con-full e-flex e-con e-parent\" data-id=\"fd8b0a1\" data-element_type=\"container\" data-e-type=\"container\" data-settings=\"{&quot;jet_parallax_layout_list&quot;:[]}\">\n\t\t\t\t<div class=\"elementor-element elementor-element-6e7603b elementor-widget__width-initial elementor-widget elementor-widget-image\" data-id=\"6e7603b\" data-element_type=\"widget\" data-e-type=\"widget\" data-widget_type=\"image.default\">\n\t\t\t\t<div class=\"elementor-widget-container\">\n\t\t\t\t\t\t\t\t\t\t\t\t\t\t\t<img decoding=\"async\" width=\"800\" height=\"482\" src=\"https:\/\/agglu.sk\/wp-content\/uploads\/2022\/08\/img_preco_agglu-1024x617.png\" class=\"attachment-large size-large wp-image-5129\" alt=\"\" srcset=\"https:\/\/agglu.sk\/wp-content\/uploads\/2022\/08\/img_preco_agglu-1024x617.png 1024w, https:\/\/agglu.sk\/wp-content\/uploads\/2022\/08\/img_preco_agglu-300x181.png 300w, https:\/\/agglu.sk\/wp-content\/uploads\/2022\/08\/img_preco_agglu-768x462.png 768w, https:\/\/agglu.sk\/wp-content\/uploads\/2022\/08\/img_preco_agglu.png 1096w\" sizes=\"(max-width: 800px) 100vw, 800px\" \/>\t\t\t\t\t\t\t\t\t\t\t\t\t\t\t<\/div>\n\t\t\t\t<\/div>\n\t\t<div class=\"elementor-element elementor-element-70013c4 e-con-full e-flex e-con e-parent\" data-id=\"70013c4\" data-element_type=\"container\" data-e-type=\"container\" data-settings=\"{&quot;jet_parallax_layout_list&quot;:[]}\">\n\t\t\t\t<div class=\"elementor-element elementor-element-fe33899 elementor-widget elementor-widget-heading\" data-id=\"fe33899\" data-element_type=\"widget\" data-e-type=\"widget\" data-widget_type=\"heading.default\">\n\t\t\t\t<div class=\"elementor-widget-container\">\n\t\t\t\t\t<h2 class=\"elementor-heading-title elementor-size-default\">Mi\u00e9rt v\u00e1lassza az AGGLU-t?<\/h2>\t\t\t\t<\/div>\n\t\t\t\t<\/div>\n\t\t\t\t<div class=\"elementor-element elementor-element-1bf01cb elementor-widget elementor-widget-text-editor\" data-id=\"1bf01cb\" data-element_type=\"widget\" data-e-type=\"widget\" data-widget_type=\"text-editor.default\">\n\t\t\t\t<div class=\"elementor-widget-container\">\n\t\t\t\t\t\t\t\t\t<p>C\u00e9g\u00fcnk els\u0151 oszt\u00e1ly\u00fa szolg\u00e1ltat\u00e1si filoz\u00f3fi\u00e1ja nemcsak \u00fcgyfeleinkre, hanem csapatunkra is vonatkozik. Egy olyan piacon, ahol a min\u0151s\u00e9gi ipari ragaszt\u00f3k ir\u00e1nti kereslet folyamatosan n\u00f6vekszik, ugyanilyen ig\u00e9nyt kell t\u00e1masztani a min\u0151s\u00e9gi alkalmazottak ir\u00e1nt is. Ez\u00e9rt keres\u00fcnk olyan munkat\u00e1rsakat, akik seg\u00edthetnek nek\u00fcnk egy etikus \u00fczleti vil\u00e1g megteremt\u00e9s\u00e9ben. Vel\u00fcnk fogsz n\u00f6vekedni?<\/p>\n\t\t\t\t\t\t\t\t<\/div>\n\t\t\t\t<\/div>\n\t\t\t\t<\/div>\n\t\t\t\t<\/div>\n\t\t\t\t<\/div>\n\t\t","protected":false},"excerpt":{"rendered":"<p>A v\u00e1llalatr\u00f3l AGGLU Int. s.r.o. egy progressz\u00edv, dinamikus \u00e9s folyamatosan n\u00f6vekv\u0151 v\u00e1llalat, amely a szlov\u00e1k, cseh \u00e9s magyar piacon tev\u00e9kenykedik. Els\u0151sorban sz\u00e1mos glob\u00e1lis gy\u00e1rt\u00f3 ipari ragaszt\u00f3inak forgalmaz\u00e1s\u00e1val \u00e9s \u00e9rt\u00e9kes\u00edt\u00e9s\u00e9vel foglalkozunk. Azonban nem csak a forgalmaz\u00e1sra \u00e9s az \u00e9rt\u00e9kes\u00edt\u00e9sre \u00f6sszpontos\u00edtunk, hanem tan\u00e1csad\u00e1st \u00e9s konzult\u00e1ci\u00f3t is k\u00edn\u00e1lunk. Az \u00d6n sikere a mi siker\u00fcnk is. Az ipari ragaszt\u00f3k [&hellip;]<\/p>\n","protected":false},"author":3,"featured_media":0,"parent":0,"menu_order":0,"comment_status":"closed","ping_status":"closed","template":"","meta":{"footnotes":""},"class_list":["post-5401","page","type-page","status-publish","hentry"],"_links":{"self":[{"href":"https:\/\/agglu.sk\/hu\/wp-json\/wp\/v2\/pages\/5401","targetHints":{"allow":["GET"]}}],"collection":[{"href":"https:\/\/agglu.sk\/hu\/wp-json\/wp\/v2\/pages"}],"about":[{"href":"https:\/\/agglu.sk\/hu\/wp-json\/wp\/v2\/types\/page"}],"author":[{"embeddable":true,"href":"https:\/\/agglu.sk\/hu\/wp-json\/wp\/v2\/users\/3"}],"replies":[{"embeddable":true,"href":"https:\/\/agglu.sk\/hu\/wp-json\/wp\/v2\/comments?post=5401"}],"version-history":[{"count":3,"href":"https:\/\/agglu.sk\/hu\/wp-json\/wp\/v2\/pages\/5401\/revisions"}],"predecessor-version":[{"id":5538,"href":"https:\/\/agglu.sk\/hu\/wp-json\/wp\/v2\/pages\/5401\/revisions\/5538"}],"wp:attachment":[{"href":"https:\/\/agglu.sk\/hu\/wp-json\/wp\/v2\/media?parent=5401"}],"curies":[{"name":"wp","href":"https:\/\/api.w.org\/{rel}","templated":true}]}}