{"id":5353,"date":"2022-10-19T15:48:32","date_gmt":"2022-10-19T13:48:32","guid":{"rendered":"https:\/\/agglu.sk\/szep-rendszerek-specialis-ragasztok\/"},"modified":"2023-07-13T17:50:28","modified_gmt":"2023-07-13T15:50:28","slug":"szep-rendszerek-specialis-ragasztok","status":"publish","type":"page","link":"https:\/\/agglu.sk\/hu\/szep-rendszerek-specialis-ragasztok\/","title":{"rendered":"Sz\u00e9p. Rendszerek &#8211; Speci\u00e1lis ragaszt\u00f3k"},"content":{"rendered":"\t\t<div data-elementor-type=\"wp-page\" data-elementor-id=\"5353\" class=\"elementor elementor-5353 elementor-2475\" data-elementor-post-type=\"page\">\n\t\t\t\t<div class=\"elementor-element elementor-element-e7034dc e-con-full e-flex e-con e-parent\" data-id=\"e7034dc\" data-element_type=\"container\" data-e-type=\"container\" data-settings=\"{&quot;background_background&quot;:&quot;classic&quot;,&quot;jet_parallax_layout_list&quot;:[]}\">\n\t\t\t\t<div class=\"elementor-element elementor-element-7b410e2 elementor-widget elementor-widget-heading\" data-id=\"7b410e2\" data-element_type=\"widget\" data-e-type=\"widget\" data-widget_type=\"heading.default\">\n\t\t\t\t<div class=\"elementor-widget-container\">\n\t\t\t\t\t<h2 class=\"elementor-heading-title elementor-size-default\">Speci\u00e1lis ragaszt\u00f3k<\/h2>\t\t\t\t<\/div>\n\t\t\t\t<\/div>\n\t\t\t\t<\/div>\n\t\t<div class=\"elementor-element elementor-element-b01b39e e-flex e-con-boxed e-con e-parent\" data-id=\"b01b39e\" data-element_type=\"container\" data-e-type=\"container\" data-settings=\"{&quot;jet_parallax_layout_list&quot;:[]}\">\n\t\t\t\t\t<div class=\"e-con-inner\">\n\t\t\t\t<div class=\"elementor-element elementor-element-bc30bb9 elementor-widget elementor-widget-heading\" data-id=\"bc30bb9\" data-element_type=\"widget\" data-e-type=\"widget\" data-widget_type=\"heading.default\">\n\t\t\t\t<div class=\"elementor-widget-container\">\n\t\t\t\t\t<h2 class=\"elementor-heading-title elementor-size-default\">Ragaszt\u00f3rendszerek<\/h2>\t\t\t\t<\/div>\n\t\t\t\t<\/div>\n\t\t\t\t<div class=\"elementor-element elementor-element-63fde8d elementor-widget__width-initial elementor-widget elementor-widget-text-editor\" data-id=\"63fde8d\" data-element_type=\"widget\" data-e-type=\"widget\" data-widget_type=\"text-editor.default\">\n\t\t\t\t<div class=\"elementor-widget-container\">\n\t\t\t\t\t\t\t\t\t<p class=\"p1\">Modern \u00e9s megb\u00edzhat\u00f3 alkalmaz\u00e1stechnol\u00f3gi\u00e1t k\u00edn\u00e1lunk sz\u00e1mos ipar\u00e1g sz\u00e1m\u00e1ra.<\/p>\n\t\t\t\t\t\t\t\t<\/div>\n\t\t\t\t<\/div>\n\t\t<div class=\"elementor-element elementor-element-7cdfbeb e-con-full e-flex e-con e-parent\" data-id=\"7cdfbeb\" data-element_type=\"container\" data-e-type=\"container\" data-settings=\"{&quot;jet_parallax_layout_list&quot;:[]}\">\n\t\t<a class=\"elementor-element elementor-element-79eeefa e-flex e-con-boxed e-con e-parent\" data-id=\"79eeefa\" data-element_type=\"container\" data-e-type=\"container\" data-settings=\"{&quot;jet_parallax_layout_list&quot;:[]}\" href=\"#elementor-action%3Aaction%3Dpopup%3Aopen%26settings%3DeyJpZCI6NTgyOCwidG9nZ2xlIjpmYWxzZX0%3D\">\n\t\t\t\t\t<div class=\"e-con-inner\">\n\t\t\t\t<div class=\"elementor-element elementor-element-5daa9b5 elementor-widget elementor-widget-image\" data-id=\"5daa9b5\" data-element_type=\"widget\" data-e-type=\"widget\" data-widget_type=\"image.default\">\n\t\t\t\t<div class=\"elementor-widget-container\">\n\t\t\t\t\t\t\t\t\t\t\t\t\t\t\t<img fetchpriority=\"high\" decoding=\"async\" width=\"800\" height=\"400\" src=\"https:\/\/agglu.sk\/wp-content\/uploads\/2023\/01\/355f1c8faa72f110d7a84bd87b5dbe6a-1-1024x512.jpg\" class=\"attachment-large size-large wp-image-5251\" alt=\"\" srcset=\"https:\/\/agglu.sk\/wp-content\/uploads\/2023\/01\/355f1c8faa72f110d7a84bd87b5dbe6a-1-1024x512.jpg 1024w, https:\/\/agglu.sk\/wp-content\/uploads\/2023\/01\/355f1c8faa72f110d7a84bd87b5dbe6a-1-300x150.jpg 300w, https:\/\/agglu.sk\/wp-content\/uploads\/2023\/01\/355f1c8faa72f110d7a84bd87b5dbe6a-1-768x384.jpg 768w, https:\/\/agglu.sk\/wp-content\/uploads\/2023\/01\/355f1c8faa72f110d7a84bd87b5dbe6a-1-1536x768.jpg 1536w, https:\/\/agglu.sk\/wp-content\/uploads\/2023\/01\/355f1c8faa72f110d7a84bd87b5dbe6a-1.jpg 1600w\" sizes=\"(max-width: 800px) 100vw, 800px\" \/>\t\t\t\t\t\t\t\t\t\t\t\t\t\t\t<\/div>\n\t\t\t\t<\/div>\n\t\t<div class=\"elementor-element elementor-element-1a22047 lep-sys-block e-flex e-con-boxed e-con e-parent\" data-id=\"1a22047\" data-element_type=\"container\" data-e-type=\"container\" data-settings=\"{&quot;background_background&quot;:&quot;classic&quot;,&quot;jet_parallax_layout_list&quot;:[]}\">\n\t\t\t\t\t<div class=\"e-con-inner\">\n\t\t\t\t<div class=\"elementor-element elementor-element-361b30e elementor-widget elementor-widget-heading\" data-id=\"361b30e\" data-element_type=\"widget\" data-e-type=\"widget\" data-widget_type=\"heading.default\">\n\t\t\t\t<div class=\"elementor-widget-container\">\n\t\t\t\t\t<h2 class=\"elementor-heading-title elementor-size-default\">Egyedi vonalak<\/h2>\t\t\t\t<\/div>\n\t\t\t\t<\/div>\n\t\t\t\t<div class=\"elementor-element elementor-element-e65c899 elementor-widget elementor-widget-text-editor\" data-id=\"e65c899\" data-element_type=\"widget\" data-e-type=\"widget\" data-widget_type=\"text-editor.default\">\n\t\t\t\t<div class=\"elementor-widget-container\">\n\t\t\t\t\t\t\t\t\t<p>Ragasztod? \u00c9s racionaliz\u00e1lni szeretn\u00e9 a munk\u00e1j\u00e1t, vagy munka\u00f3r\u00e1kat szeretne megtakar\u00edtani? Vagy ragasztani akarsz? Sz\u00edvesen seg\u00edt\u00fcnk \u00d6nnek a technol\u00f3gia megtervez\u00e9s\u00e9ben \u00e9s az automatiz\u00e1lt gy\u00e1rt\u00f3sor megval\u00f3s\u00edt\u00e1s\u00e1ban.<\/p>\n\t\t\t\t\t\t\t\t<\/div>\n\t\t\t\t<\/div>\n\t\t\t\t\t<\/div>\n\t\t\t\t<\/div>\n\t\t\t\t\t<\/div>\n\t\t\t\t<\/a>\n\t\t<a class=\"elementor-element elementor-element-007d457 e-flex e-con-boxed e-con e-parent\" data-id=\"007d457\" data-element_type=\"container\" data-e-type=\"container\" data-settings=\"{&quot;jet_parallax_layout_list&quot;:[]}\" href=\"#elementor-action%3Aaction%3Dpopup%3Aopen%26settings%3DeyJpZCI6NTgyOCwidG9nZ2xlIjpmYWxzZX0%3D\">\n\t\t\t\t\t<div class=\"e-con-inner\">\n\t\t\t\t<div class=\"elementor-element elementor-element-35d6241 elementor-widget elementor-widget-image\" data-id=\"35d6241\" data-element_type=\"widget\" data-e-type=\"widget\" data-widget_type=\"image.default\">\n\t\t\t\t<div class=\"elementor-widget-container\">\n\t\t\t\t\t\t\t\t\t\t\t\t\t\t\t<img decoding=\"async\" width=\"285\" height=\"285\" src=\"https:\/\/agglu.sk\/wp-content\/uploads\/2023\/01\/14942278fe6f79a3dd2b9828373ce34d0d6ad793a44b9be3e3e115c0fc6ffc00_0_min.jpg\" class=\"attachment-large size-large wp-image-5257\" alt=\"\" srcset=\"https:\/\/agglu.sk\/wp-content\/uploads\/2023\/01\/14942278fe6f79a3dd2b9828373ce34d0d6ad793a44b9be3e3e115c0fc6ffc00_0_min.jpg 285w, https:\/\/agglu.sk\/wp-content\/uploads\/2023\/01\/14942278fe6f79a3dd2b9828373ce34d0d6ad793a44b9be3e3e115c0fc6ffc00_0_min-150x150.jpg 150w\" sizes=\"(max-width: 285px) 100vw, 285px\" \/>\t\t\t\t\t\t\t\t\t\t\t\t\t\t\t<\/div>\n\t\t\t\t<\/div>\n\t\t<div class=\"elementor-element elementor-element-456976e lep-sys-block e-flex e-con-boxed e-con e-parent\" data-id=\"456976e\" data-element_type=\"container\" data-e-type=\"container\" data-settings=\"{&quot;background_background&quot;:&quot;classic&quot;,&quot;jet_parallax_layout_list&quot;:[]}\">\n\t\t\t\t\t<div class=\"e-con-inner\">\n\t\t\t\t<div class=\"elementor-element elementor-element-e7139b2 elementor-widget elementor-widget-heading\" data-id=\"e7139b2\" data-element_type=\"widget\" data-e-type=\"widget\" data-widget_type=\"heading.default\">\n\t\t\t\t<div class=\"elementor-widget-container\">\n\t\t\t\t\t<h2 class=\"elementor-heading-title elementor-size-default\">P\u00f3talkatr\u00e9szek \/ szerviz<\/h2>\t\t\t\t<\/div>\n\t\t\t\t<\/div>\n\t\t\t\t<div class=\"elementor-element elementor-element-5e1101f elementor-widget elementor-widget-text-editor\" data-id=\"5e1101f\" data-element_type=\"widget\" data-e-type=\"widget\" data-widget_type=\"text-editor.default\">\n\t\t\t\t<div class=\"elementor-widget-container\">\n\t\t\t\t\t\t\t\t\t<p>Az \u00e1ltalunk \u00e9rt\u00e9kes\u00edtett berendez\u00e9sekhez szervizel\u00e9st \u00e9s alkatr\u00e9szell\u00e1t\u00e1st is v\u00e1llalunk. Ezeket nagyr\u00e9szt a portf\u00f3li\u00f3nkon k\u00edv\u00fcli m\u00e1rk\u00e1k k\u00e9sz\u00fcl\u00e9keihez is biztos\u00edtani tudjuk.<\/p>\n\t\t\t\t\t\t\t\t<\/div>\n\t\t\t\t<\/div>\n\t\t\t\t\t<\/div>\n\t\t\t\t<\/div>\n\t\t\t\t\t<\/div>\n\t\t\t\t<\/a>\n\t\t<div class=\"elementor-element elementor-element-080b69f e-con-full e-flex e-con e-parent\" data-id=\"080b69f\" data-element_type=\"container\" data-e-type=\"container\" data-settings=\"{&quot;jet_parallax_layout_list&quot;:[]}\">\n\t\t\t\t<\/div>\n\t\t\t\t<\/div>\n\t\t\t\t\t<\/div>\n\t\t\t\t<\/div>\n\t\t<div class=\"elementor-element elementor-element-d8268d3 e-flex e-con-boxed e-con e-parent\" data-id=\"d8268d3\" data-element_type=\"container\" data-e-type=\"container\" data-settings=\"{&quot;jet_parallax_layout_list&quot;:[]}\">\n\t\t\t\t\t<div class=\"e-con-inner\">\n\t\t<div class=\"elementor-element elementor-element-af3a560 e-con-full e-flex e-con e-parent\" data-id=\"af3a560\" data-element_type=\"container\" data-e-type=\"container\" data-settings=\"{&quot;jet_parallax_layout_list&quot;:[]}\">\n\t\t<div class=\"elementor-element elementor-element-854b71e e-flex e-con-boxed e-con e-parent\" data-id=\"854b71e\" data-element_type=\"container\" data-e-type=\"container\" data-settings=\"{&quot;jet_parallax_layout_list&quot;:[]}\">\n\t\t\t\t\t<div class=\"e-con-inner\">\n\t\t<div class=\"elementor-element elementor-element-060b343 e-con-full e-flex e-con e-parent\" data-id=\"060b343\" data-element_type=\"container\" data-e-type=\"container\" data-settings=\"{&quot;background_background&quot;:&quot;classic&quot;,&quot;jet_parallax_layout_list&quot;:[]}\">\n\t\t\t\t<div class=\"elementor-element elementor-element-5cb89dc elementor-widget elementor-widget-image\" data-id=\"5cb89dc\" data-element_type=\"widget\" data-e-type=\"widget\" data-widget_type=\"image.default\">\n\t\t\t\t<div class=\"elementor-widget-container\">\n\t\t\t\t\t\t\t\t\t\t\t\t\t\t\t<img decoding=\"async\" width=\"1536\" height=\"1633\" src=\"https:\/\/agglu.sk\/wp-content\/uploads\/2023\/01\/IMG_4793_jpg-e1673452974644.jpg\" class=\"attachment-full size-full wp-image-5261\" alt=\"\" srcset=\"https:\/\/agglu.sk\/wp-content\/uploads\/2023\/01\/IMG_4793_jpg-e1673452974644.jpg 1536w, https:\/\/agglu.sk\/wp-content\/uploads\/2023\/01\/IMG_4793_jpg-e1673452974644-282x300.jpg 282w, https:\/\/agglu.sk\/wp-content\/uploads\/2023\/01\/IMG_4793_jpg-e1673452974644-963x1024.jpg 963w, https:\/\/agglu.sk\/wp-content\/uploads\/2023\/01\/IMG_4793_jpg-e1673452974644-768x817.jpg 768w, https:\/\/agglu.sk\/wp-content\/uploads\/2023\/01\/IMG_4793_jpg-e1673452974644-1445x1536.jpg 1445w\" sizes=\"(max-width: 1536px) 100vw, 1536px\" \/>\t\t\t\t\t\t\t\t\t\t\t\t\t\t\t<\/div>\n\t\t\t\t<\/div>\n\t\t<div class=\"elementor-element elementor-element-46e85a3 e-flex e-con-boxed e-con e-parent\" data-id=\"46e85a3\" data-element_type=\"container\" data-e-type=\"container\" data-settings=\"{&quot;background_background&quot;:&quot;classic&quot;,&quot;jet_parallax_layout_list&quot;:[]}\">\n\t\t\t\t\t<div class=\"e-con-inner\">\n\t\t\t\t<div class=\"elementor-element elementor-element-37a86e5 elementor-widget elementor-widget-heading\" data-id=\"37a86e5\" data-element_type=\"widget\" data-e-type=\"widget\" data-widget_type=\"heading.default\">\n\t\t\t\t<div class=\"elementor-widget-container\">\n\t\t\t\t\t<h2 class=\"elementor-heading-title elementor-size-default\">Mgr. Marko \u0160tefko<\/h2>\t\t\t\t<\/div>\n\t\t\t\t<\/div>\n\t\t\t\t<div class=\"elementor-element elementor-element-2cd608b elementor-widget elementor-widget-heading\" data-id=\"2cd608b\" data-element_type=\"widget\" data-e-type=\"widget\" data-widget_type=\"heading.default\">\n\t\t\t\t<div class=\"elementor-widget-container\">\n\t\t\t\t\t<h2 class=\"elementor-heading-title elementor-size-default\">A ragaszt\u00f3k szak\u00e9rt\u0151je <\/br>\u00e9s a ragaszt\u00f3rendszerek szak\u00e9rt\u0151je<\/h2>\t\t\t\t<\/div>\n\t\t\t\t<\/div>\n\t\t\t\t\t<\/div>\n\t\t\t\t<\/div>\n\t\t<div class=\"elementor-element elementor-element-d3badf9 e-flex e-con-boxed e-con e-parent\" data-id=\"d3badf9\" data-element_type=\"container\" data-e-type=\"container\" data-settings=\"{&quot;background_background&quot;:&quot;classic&quot;,&quot;jet_parallax_layout_list&quot;:[]}\">\n\t\t\t\t\t<div class=\"e-con-inner\">\n\t\t\t\t<div class=\"elementor-element elementor-element-09e2e9e elementor-align-center elementor-icon-list--layout-traditional elementor-list-item-link-full_width elementor-widget elementor-widget-icon-list\" data-id=\"09e2e9e\" data-element_type=\"widget\" data-e-type=\"widget\" data-widget_type=\"icon-list.default\">\n\t\t\t\t<div class=\"elementor-widget-container\">\n\t\t\t\t\t\t\t<ul class=\"elementor-icon-list-items\">\n\t\t\t\t\t\t\t<li class=\"elementor-icon-list-item\">\n\t\t\t\t\t\t\t\t\t\t\t<span class=\"elementor-icon-list-icon\">\n\t\t\t\t\t\t\t<i aria-hidden=\"true\" class=\"fas fa-phone\"><\/i>\t\t\t\t\t\t<\/span>\n\t\t\t\t\t\t\t\t\t\t<span class=\"elementor-icon-list-text\">+421 917 102 251<\/span>\n\t\t\t\t\t\t\t\t\t<\/li>\n\t\t\t\t\t\t\t\t<li class=\"elementor-icon-list-item\">\n\t\t\t\t\t\t\t\t\t\t\t<span class=\"elementor-icon-list-icon\">\n\t\t\t\t\t\t\t<i aria-hidden=\"true\" class=\"fas fa-envelope\"><\/i>\t\t\t\t\t\t<\/span>\n\t\t\t\t\t\t\t\t\t\t<span class=\"elementor-icon-list-text\">marko.stefko@agglu.sk<\/span>\n\t\t\t\t\t\t\t\t\t<\/li>\n\t\t\t\t\t\t<\/ul>\n\t\t\t\t\t\t<\/div>\n\t\t\t\t<\/div>\n\t\t\t\t\t<\/div>\n\t\t\t\t<\/div>\n\t\t\t\t<\/div>\n\t\t\t\t\t<\/div>\n\t\t\t\t<\/div>\n\t\t<div class=\"elementor-element elementor-element-45c335f e-flex e-con-boxed e-con e-parent\" data-id=\"45c335f\" data-element_type=\"container\" data-e-type=\"container\" data-settings=\"{&quot;jet_parallax_layout_list&quot;:[]}\">\n\t\t\t\t\t<div class=\"e-con-inner\">\n\t\t\t\t<div class=\"elementor-element elementor-element-fba92b7 elementor-widget elementor-widget-heading\" data-id=\"fba92b7\" data-element_type=\"widget\" data-e-type=\"widget\" data-widget_type=\"heading.default\">\n\t\t\t\t<div class=\"elementor-widget-container\">\n\t\t\t\t\t<h2 class=\"elementor-heading-title elementor-size-default\">Seg\u00edts\u00e9gre van sz\u00fcks\u00e9gem<\/h2>\t\t\t\t<\/div>\n\t\t\t\t<\/div>\n\t\t\t\t<div class=\"elementor-element elementor-element-f796ae9 elementor-widget__width-initial elementor-widget elementor-widget-text-editor\" data-id=\"f796ae9\" data-element_type=\"widget\" data-e-type=\"widget\" data-widget_type=\"text-editor.default\">\n\t\t\t\t<div class=\"elementor-widget-container\">\n\t\t\t\t\t\t\t\t\t<p class=\"p1\">Vegye ig\u00e9nybe az ingyenes konzult\u00e1ci\u00f3t, \u00e9s l\u00e9pjen kapcsolatba szakember\u00fcnkkel.  <\/br>Az ipari ragaszt\u00e1s szak\u00e9rt\u0151i vagyunk.<\/p>\n\t\t\t\t\t\t\t\t<\/div>\n\t\t\t\t<\/div>\n\t\t\t\t<div class=\"elementor-element elementor-element-d69fb1b elementor-widget elementor-widget-button\" data-id=\"d69fb1b\" data-element_type=\"widget\" data-e-type=\"widget\" data-widget_type=\"button.default\">\n\t\t\t\t<div class=\"elementor-widget-container\">\n\t\t\t\t\t\t\t\t\t<div class=\"elementor-button-wrapper\">\n\t\t\t\t\t<a class=\"elementor-button elementor-button-link elementor-size-md\" href=\"https:\/\/agglu.sk\/hu\/ingyenes-konzultacio\/\">\n\t\t\t\t\t\t<span class=\"elementor-button-content-wrapper\">\n\t\t\t\t\t\t\t\t\t<span class=\"elementor-button-text\">Konzult\u00e1ljon a  c\u00edmen.<\/span>\n\t\t\t\t\t<\/span>\n\t\t\t\t\t<\/a>\n\t\t\t\t<\/div>\n\t\t\t\t\t\t\t\t<\/div>\n\t\t\t\t<\/div>\n\t\t\t\t\t<\/div>\n\t\t\t\t<\/div>\n\t\t\t\t<\/div>\n\t\t\t\t\t<\/div>\n\t\t\t\t<\/div>\n\t\t<div class=\"elementor-element elementor-element-f08fad0 e-con-full e-flex e-con e-parent\" data-id=\"f08fad0\" data-element_type=\"container\" data-e-type=\"container\" id=\"formular\" data-settings=\"{&quot;background_background&quot;:&quot;classic&quot;,&quot;jet_parallax_layout_list&quot;:[]}\">\n\t\t\t\t<div class=\"elementor-element elementor-element-3d362f5 elementor-widget elementor-widget-heading\" data-id=\"3d362f5\" data-element_type=\"widget\" data-e-type=\"widget\" data-widget_type=\"heading.default\">\n\t\t\t\t<div class=\"elementor-widget-container\">\n\t\t\t\t\t<h2 class=\"elementor-heading-title elementor-size-default\">Nem tal\u00e1lta meg, amit keresett?<\/h2>\t\t\t\t<\/div>\n\t\t\t\t<\/div>\n\t\t\t\t<div class=\"elementor-element elementor-element-00a016a elementor-widget elementor-widget-heading\" data-id=\"00a016a\" data-element_type=\"widget\" data-e-type=\"widget\" data-widget_type=\"heading.default\">\n\t\t\t\t<div class=\"elementor-widget-container\">\n\t\t\t\t\t<h2 class=\"elementor-heading-title elementor-size-default\">\u00d6r\u00f6mmel seg\u00edt\u00fcnk \u00d6nnek<\/h2>\t\t\t\t<\/div>\n\t\t\t\t<\/div>\n\t\t\t\t<div class=\"elementor-element elementor-element-f7e81be elementor-widget elementor-widget-jet-engine-booking-form\" data-id=\"f7e81be\" data-element_type=\"widget\" data-e-type=\"widget\" data-widget_type=\"jet-engine-booking-form.default\">\n\t\t\t\t<div class=\"elementor-widget-container\">\n\t\t\t\t\t<form  class=\"jet-form layout-column submit-type-reload\" action=\"\/hu\/wp-json\/wp\/v2\/pages\/5353?jet_engine_action=book&#038;nocache=1777236942\" method=\"POST\" data-form-id=\"6873\"><input class=\"jet-form__field hidden-field\" type=\"hidden\" name=\"_jet_engine_booking_form_id\" value=\"6873\" data-field-name=\"_jet_engine_booking_form_id\"><input class=\"jet-form__field hidden-field\" type=\"hidden\" name=\"_jet_engine_refer\" value=\"https:\/\/agglu.sk\/hu\/wp-json\/wp\/v2\/pages\/5353\/\" data-field-name=\"_jet_engine_refer\"><input class=\"jet-form__field hidden-field\" type=\"hidden\" name=\"_jet_engine_nonce\" value=\"3fe523ebe0\" data-field-name=\"_jet_engine_nonce\"><\/form>\t\t\t\t<\/div>\n\t\t\t\t<\/div>\n\t\t\t\t<\/div>\n\t\t\t\t<\/div>\n\t\t","protected":false},"excerpt":{"rendered":"<p>Speci\u00e1lis ragaszt\u00f3k Ragaszt\u00f3rendszerek Modern \u00e9s megb\u00edzhat\u00f3 alkalmaz\u00e1stechnol\u00f3gi\u00e1t k\u00edn\u00e1lunk sz\u00e1mos ipar\u00e1g sz\u00e1m\u00e1ra. Egyedi vonalak Ragasztod? \u00c9s racionaliz\u00e1lni szeretn\u00e9 a munk\u00e1j\u00e1t, vagy munka\u00f3r\u00e1kat szeretne megtakar\u00edtani? Vagy ragasztani akarsz? Sz\u00edvesen seg\u00edt\u00fcnk \u00d6nnek a technol\u00f3gia megtervez\u00e9s\u00e9ben \u00e9s az automatiz\u00e1lt gy\u00e1rt\u00f3sor megval\u00f3s\u00edt\u00e1s\u00e1ban. P\u00f3talkatr\u00e9szek \/ szerviz Az \u00e1ltalunk \u00e9rt\u00e9kes\u00edtett berendez\u00e9sekhez szervizel\u00e9st \u00e9s alkatr\u00e9szell\u00e1t\u00e1st is v\u00e1llalunk. Ezeket nagyr\u00e9szt a portf\u00f3li\u00f3nkon k\u00edv\u00fcli m\u00e1rk\u00e1k [&hellip;]<\/p>\n","protected":false},"author":3,"featured_media":0,"parent":0,"menu_order":0,"comment_status":"closed","ping_status":"closed","template":"","meta":{"footnotes":""},"class_list":["post-5353","page","type-page","status-publish","hentry"],"_links":{"self":[{"href":"https:\/\/agglu.sk\/hu\/wp-json\/wp\/v2\/pages\/5353","targetHints":{"allow":["GET"]}}],"collection":[{"href":"https:\/\/agglu.sk\/hu\/wp-json\/wp\/v2\/pages"}],"about":[{"href":"https:\/\/agglu.sk\/hu\/wp-json\/wp\/v2\/types\/page"}],"author":[{"embeddable":true,"href":"https:\/\/agglu.sk\/hu\/wp-json\/wp\/v2\/users\/3"}],"replies":[{"embeddable":true,"href":"https:\/\/agglu.sk\/hu\/wp-json\/wp\/v2\/comments?post=5353"}],"version-history":[{"count":3,"href":"https:\/\/agglu.sk\/hu\/wp-json\/wp\/v2\/pages\/5353\/revisions"}],"predecessor-version":[{"id":5533,"href":"https:\/\/agglu.sk\/hu\/wp-json\/wp\/v2\/pages\/5353\/revisions\/5533"}],"wp:attachment":[{"href":"https:\/\/agglu.sk\/hu\/wp-json\/wp\/v2\/media?parent=5353"}],"curies":[{"name":"wp","href":"https:\/\/api.w.org\/{rel}","templated":true}]}}