{"id":5347,"date":"2022-11-18T19:06:10","date_gmt":"2022-11-18T18:06:10","guid":{"rendered":"https:\/\/agglu.sk\/ingyenes-konzultacio\/"},"modified":"2026-04-13T09:43:56","modified_gmt":"2026-04-13T07:43:56","slug":"ingyenes-konzultacio","status":"publish","type":"page","link":"https:\/\/agglu.sk\/hu\/ingyenes-konzultacio\/","title":{"rendered":"Ingyenes konzult\u00e1ci\u00f3"},"content":{"rendered":"\t\t<div data-elementor-type=\"wp-page\" data-elementor-id=\"5347\" class=\"elementor elementor-5347 elementor-2487\" data-elementor-post-type=\"page\">\n\t\t\t\t<div class=\"elementor-element elementor-element-7c132ac e-con-full e-flex e-con e-parent\" data-id=\"7c132ac\" data-element_type=\"container\" data-e-type=\"container\" data-settings=\"{&quot;background_background&quot;:&quot;classic&quot;,&quot;jet_parallax_layout_list&quot;:[]}\">\n\t\t\t\t<div class=\"elementor-element elementor-element-d6caf43 elementor-widget elementor-widget-heading\" data-id=\"d6caf43\" data-element_type=\"widget\" data-e-type=\"widget\" data-widget_type=\"heading.default\">\n\t\t\t\t<div class=\"elementor-widget-container\">\n\t\t\t\t\t<h2 class=\"elementor-heading-title elementor-size-default\">Ingyenes konzult\u00e1ci\u00f3<\/h2>\t\t\t\t<\/div>\n\t\t\t\t<\/div>\n\t\t\t\t<div class=\"elementor-element elementor-element-a097348 elementor-widget__width-initial elementor-widget elementor-widget-text-editor\" data-id=\"a097348\" data-element_type=\"widget\" data-e-type=\"widget\" data-widget_type=\"text-editor.default\">\n\t\t\t\t<div class=\"elementor-widget-container\">\n\t\t\t\t\t\t\t\t\t<p class=\"p1\">Szak\u00e9rt\u0151 AGGLU csapatunk k\u00e9szen \u00e1ll arra, hogy X lehet\u0151s\u00e9get k\u00edn\u00e1ljon \u00d6nnek a gy\u00e1rt\u00e1shoz!<\/p><p class=\"p1\">Tan\u00e1csra van sz\u00fcks\u00e9ge a ragaszt\u00f3 vagy ragaszt\u00f3rendszer kiv\u00e1laszt\u00e1s\u00e1hoz? Szeretn\u00e9 jav\u00edtani term\u00e9ke ragasztott k\u00f6t\u00e9s\u00e9nek min\u0151s\u00e9g\u00e9t? Probl\u00e9m\u00e1ja van a g\u00e9p haszn\u00e1lat\u00e1val, szervizel\u00e9sre vagy a tartoz\u00e9kok tiszt\u00edt\u00e1s\u00e1ra van sz\u00fcks\u00e9ge?<\/p>\t\t\t\t\t\t\t\t<\/div>\n\t\t\t\t<\/div>\n\t\t\t\t<\/div>\n\t\t<div class=\"elementor-element elementor-element-b2eb635 e-con-full e-flex e-con e-parent\" data-id=\"b2eb635\" data-element_type=\"container\" data-e-type=\"container\" data-settings=\"{&quot;background_background&quot;:&quot;classic&quot;,&quot;jet_parallax_layout_list&quot;:[]}\">\n\t\t\t\t<div class=\"elementor-element elementor-element-7555aa2 elementor-widget elementor-widget-jet-engine-booking-form\" data-id=\"7555aa2\" data-element_type=\"widget\" data-e-type=\"widget\" data-widget_type=\"jet-engine-booking-form.default\">\n\t\t\t\t<div class=\"elementor-widget-container\">\n\t\t\t\t\t<form  class=\"jet-form layout-column submit-type-reload\" action=\"\/hu\/wp-json\/wp\/v2\/pages\/5347?jet_engine_action=book&#038;nocache=1777715526\" method=\"POST\" data-form-id=\"6885\"><input class=\"jet-form__field hidden-field\" type=\"hidden\" name=\"_jet_engine_booking_form_id\" value=\"6885\" data-field-name=\"_jet_engine_booking_form_id\"><input class=\"jet-form__field hidden-field\" type=\"hidden\" name=\"_jet_engine_refer\" value=\"https:\/\/agglu.sk\/hu\/wp-json\/wp\/v2\/pages\/5347\/\" data-field-name=\"_jet_engine_refer\"><div  class=\"jet-form-row jet-form-row--hidden\"><div class=\"jet-form-col jet-form-col-12  field-type-hidden  jet-form-field-container\" data-field=\"post_id\" data-conditional=\"false\"><input class=\"jet-form__field hidden-field\" type=\"hidden\" name=\"post_id\" value=\"5347\" data-field-name=\"post_id\"><\/div><\/div><div  class=\"jet-form-row jet-form-row--first-visible\"><div class=\"jet-form-col jet-form-col-12  field-type-select  jet-form-field-container\" data-field=\"field_name\" data-conditional=\"false\"><div class=\"jet-form__label\">\n\t<span class=\"jet-form__label-text\" >Mit tan\u00e1csolhatunk<span class=\"jet-form__required\">*<\/span><\/span>\n\t<\/div><select  required=\"required\" name=\"field_name\" data-field-name=\"field_name\" id=\"field_name\" data-default-val=\"\" class=\"jet-form__field select-field\"><option value=\"Lepidlo \" >Ragaszt\u00f3<\/option><option value=\"Stroj \" >G\u00e9p<\/option><option value=\"Servis\" >Szolg\u00e1ltat\u00e1s<\/option><\/select><\/div><\/div><div  class=\"jet-form-row\"><div class=\"jet-form-col jet-form-col-12  field-type-checkboxes  jet-form-field-container\" data-field=\"segment\" data-conditional=\"false\"><div class=\"jet-form__label\">\n\t<span class=\"jet-form__label-text\" >Mi a termel\u00e9si szegmensed?<span class=\"jet-form__required\">*<\/span><\/span>\n\t<\/div><div class=\"jet-form__fields-group checkradio-wrap\">\t\t<div class=\"jet-form__field-wrap checkboxes-wrap checkradio-wrap\">\n\t\t\t\t\t\t<label class=\"jet-form__field-label\">\n\t\t\t\t<input\n\t\t\t\t\ttype=\"checkbox\"\n\t\t\t\t\tname=\"segment[]\"\n\t\t\t\t\tclass=\"jet-form__field checkboxes-field checkradio-field checkboxes-group-required\"\n\t\t\t\t\tvalue=\"drevarsky-priemysel\"\n\t\t\t\t\tdata-field-name=\"segment\"\n\t\t\t\t\t\t\t\t\t\trequired=\"required\"\t\t\t\t\t\t\t\t\t>\n\t\t\t\tFaipar\t\t\t<\/label>\n\t\t<\/div>\n\t\t\t\t<div class=\"jet-form__field-wrap checkboxes-wrap checkradio-wrap\">\n\t\t\t\t\t\t<label class=\"jet-form__field-label\">\n\t\t\t\t<input\n\t\t\t\t\ttype=\"checkbox\"\n\t\t\t\t\tname=\"segment[]\"\n\t\t\t\t\tclass=\"jet-form__field checkboxes-field checkradio-field checkboxes-group-required\"\n\t\t\t\t\tvalue=\"polygrafia\"\n\t\t\t\t\tdata-field-name=\"segment\"\n\t\t\t\t\t\t\t\t\t\trequired=\"required\"\t\t\t\t\t\t\t\t\t>\n\t\t\t\tNyomtat\u00e1s\t\t\t<\/label>\n\t\t<\/div>\n\t\t\t\t<div class=\"jet-form__field-wrap checkboxes-wrap checkradio-wrap\">\n\t\t\t\t\t\t<label class=\"jet-form__field-label\">\n\t\t\t\t<input\n\t\t\t\t\ttype=\"checkbox\"\n\t\t\t\t\tname=\"segment[]\"\n\t\t\t\t\tclass=\"jet-form__field checkboxes-field checkradio-field checkboxes-group-required\"\n\t\t\t\t\tvalue=\"papier-a-obaly\"\n\t\t\t\t\tdata-field-name=\"segment\"\n\t\t\t\t\t\t\t\t\t\trequired=\"required\"\t\t\t\t\t\t\t\t\t>\n\t\t\t\tPap\u00edr \u00e9s csomagol\u00e1s\t\t\t<\/label>\n\t\t<\/div>\n\t\t\t\t<div class=\"jet-form__field-wrap checkboxes-wrap checkradio-wrap\">\n\t\t\t\t\t\t<label class=\"jet-form__field-label\">\n\t\t\t\t<input\n\t\t\t\t\ttype=\"checkbox\"\n\t\t\t\t\tname=\"segment[]\"\n\t\t\t\t\tclass=\"jet-form__field checkboxes-field checkradio-field checkboxes-group-required\"\n\t\t\t\t\tvalue=\"etikety\"\n\t\t\t\t\tdata-field-name=\"segment\"\n\t\t\t\t\t\t\t\t\t\trequired=\"required\"\t\t\t\t\t\t\t\t\t>\n\t\t\t\tC\u00edmk\u00e9k\t\t\t<\/label>\n\t\t<\/div>\n\t\t\t\t<div class=\"jet-form__field-wrap checkboxes-wrap checkradio-wrap\">\n\t\t\t\t\t\t<label class=\"jet-form__field-label\">\n\t\t\t\t<input\n\t\t\t\t\ttype=\"checkbox\"\n\t\t\t\t\tname=\"segment[]\"\n\t\t\t\t\tclass=\"jet-form__field checkboxes-field checkradio-field checkboxes-group-required\"\n\t\t\t\t\tvalue=\"stavby-a-montaze-oplastovanie\"\n\t\t\t\t\tdata-field-name=\"segment\"\n\t\t\t\t\t\t\t\t\t\trequired=\"required\"\t\t\t\t\t\t\t\t\t>\n\t\t\t\t\u00c9p\u00edt\u00e9s \u00e9s telep\u00edt\u00e9s, burkolat\t\t\t<\/label>\n\t\t<\/div>\n\t\t\t\t<div class=\"jet-form__field-wrap checkboxes-wrap checkradio-wrap\">\n\t\t\t\t\t\t<label class=\"jet-form__field-label\">\n\t\t\t\t<input\n\t\t\t\t\ttype=\"checkbox\"\n\t\t\t\t\tname=\"segment[]\"\n\t\t\t\t\tclass=\"jet-form__field checkboxes-field checkradio-field checkboxes-group-required\"\n\t\t\t\t\tvalue=\"automotive\"\n\t\t\t\t\tdata-field-name=\"segment\"\n\t\t\t\t\t\t\t\t\t\trequired=\"required\"\t\t\t\t\t\t\t\t\t>\n\t\t\t\tAut\u00f3ipar\t\t\t<\/label>\n\t\t<\/div>\n\t\t\t\t<div class=\"jet-form__field-wrap checkboxes-wrap checkradio-wrap\">\n\t\t\t\t\t\t<label class=\"jet-form__field-label\">\n\t\t\t\t<input\n\t\t\t\t\ttype=\"checkbox\"\n\t\t\t\t\tname=\"segment[]\"\n\t\t\t\t\tclass=\"jet-form__field checkboxes-field checkradio-field checkboxes-group-required\"\n\t\t\t\t\tvalue=\"matrace-laminacia-pien-a-textilii\"\n\t\t\t\t\tdata-field-name=\"segment\"\n\t\t\t\t\t\t\t\t\t\trequired=\"required\"\t\t\t\t\t\t\t\t\t>\n\t\t\t\tMatracok, habok \u00e9s sz\u00f6vetek lamin\u00e1l\u00e1sa\t\t\t<\/label>\n\t\t<\/div>\n\t\t\t\t<div class=\"jet-form__field-wrap checkboxes-wrap checkradio-wrap\">\n\t\t\t\t\t\t<label class=\"jet-form__field-label\">\n\t\t\t\t<input\n\t\t\t\t\ttype=\"checkbox\"\n\t\t\t\t\tname=\"segment[]\"\n\t\t\t\t\tclass=\"jet-form__field checkboxes-field checkradio-field checkboxes-group-required\"\n\t\t\t\t\tvalue=\"vyroba-filtrov\"\n\t\t\t\t\tdata-field-name=\"segment\"\n\t\t\t\t\t\t\t\t\t\trequired=\"required\"\t\t\t\t\t\t\t\t\t>\n\t\t\t\tSz\u0171r\u0151k gy\u00e1rt\u00e1sa\t\t\t<\/label>\n\t\t<\/div>\n\t\t\t\t<div class=\"jet-form__field-wrap checkboxes-wrap checkradio-wrap\">\n\t\t\t\t\t\t<label class=\"jet-form__field-label\">\n\t\t\t\t<input\n\t\t\t\t\ttype=\"checkbox\"\n\t\t\t\t\tname=\"segment[]\"\n\t\t\t\t\tclass=\"jet-form__field checkboxes-field checkradio-field checkboxes-group-required\"\n\t\t\t\t\tvalue=\"tissue\"\n\t\t\t\t\tdata-field-name=\"segment\"\n\t\t\t\t\t\t\t\t\t\trequired=\"required\"\t\t\t\t\t\t\t\t\t>\n\t\t\t\tSz\u00f6vet\t\t\t<\/label>\n\t\t<\/div>\n\t\t\t\t<div class=\"jet-form__field-wrap checkboxes-wrap checkradio-wrap\">\n\t\t\t\t\t\t<label class=\"jet-form__field-label\">\n\t\t\t\t<input\n\t\t\t\t\ttype=\"checkbox\"\n\t\t\t\t\tname=\"segment[]\"\n\t\t\t\t\tclass=\"jet-form__field checkboxes-field checkradio-field checkboxes-group-required\"\n\t\t\t\t\tvalue=\"hygiena\"\n\t\t\t\t\tdata-field-name=\"segment\"\n\t\t\t\t\t\t\t\t\t\trequired=\"required\"\t\t\t\t\t\t\t\t\t>\n\t\t\t\tHigi\u00e9nia\t\t\t<\/label>\n\t\t<\/div>\n\t\t\t\t<div class=\"jet-form__field-wrap checkboxes-wrap checkradio-wrap\">\n\t\t\t\t\t\t<label class=\"jet-form__field-label\">\n\t\t\t\t<input\n\t\t\t\t\ttype=\"checkbox\"\n\t\t\t\t\tname=\"segment[]\"\n\t\t\t\t\tclass=\"jet-form__field checkboxes-field checkradio-field checkboxes-group-required\"\n\t\t\t\t\tvalue=\"cistiace-a-separacne-prostriedky\"\n\t\t\t\t\tdata-field-name=\"segment\"\n\t\t\t\t\t\t\t\t\t\trequired=\"required\"\t\t\t\t\t\t\t\t\t>\n\t\t\t\t\u010cistiace a separa\u010dn\u00e9 prostriedky\t\t\t<\/label>\n\t\t<\/div>\n\t\t\t\t<div class=\"jet-form__field-wrap checkboxes-wrap checkradio-wrap\">\n\t\t\t\t\t\t<label class=\"jet-form__field-label\">\n\t\t\t\t<input\n\t\t\t\t\ttype=\"checkbox\"\n\t\t\t\t\tname=\"segment[]\"\n\t\t\t\t\tclass=\"jet-form__field checkboxes-field checkradio-field checkboxes-group-required\"\n\t\t\t\t\tvalue=\"specialne-lepidla\"\n\t\t\t\t\tdata-field-name=\"segment\"\n\t\t\t\t\t\t\t\t\t\trequired=\"required\"\t\t\t\t\t\t\t\t\t>\n\t\t\t\tSpeci\u00e1lis ragaszt\u00f3k\t\t\t<\/label>\n\t\t<\/div>\n\t\t\t\t<div class=\"jet-form__field-wrap checkboxes-wrap checkradio-wrap\">\n\t\t\t\t\t\t<label class=\"jet-form__field-label\">\n\t\t\t\t<input\n\t\t\t\t\ttype=\"checkbox\"\n\t\t\t\t\tname=\"segment[]\"\n\t\t\t\t\tclass=\"jet-form__field checkboxes-field checkradio-field checkboxes-group-required\"\n\t\t\t\t\tvalue=\"ine\"\n\t\t\t\t\tdata-field-name=\"segment\"\n\t\t\t\t\t\t\t\t\t\trequired=\"required\"\t\t\t\t\t\t\t\t\t>\n\t\t\t\tIn\u00e9\t\t\t<\/label>\n\t\t<\/div>\n\t\t<\/div><\/div><\/div><div  class=\"jet-form-row\"><div class=\"jet-form-col jet-form-col-12  field-type-text  jet-form-field-container\" data-field=\"V\u00e1\u0161 segment\" data-conditional=\"[{&quot;type&quot;:&quot;show&quot;,&quot;field&quot;:&quot;segment&quot;,&quot;operator&quot;:&quot;one_of&quot;,&quot;value&quot;:[&quot;ine&quot;],&quot;set_value&quot;:&quot;&quot;}]\"><div class=\"jet-form__label\">\n\t<span class=\"jet-form__label-text\" >A szegmens<\/span>\n\t<\/div><input class=\"jet-form__field text-field \" value=\"\" name=\"V\u00e1\u0161 segment\" id=\"V\u00e1\u0161 segment\" type=\"text\" data-field-name=\"V\u00e1\u0161 segment\"><\/div><\/div><div  class=\"jet-form-row\"><div class=\"jet-form-col jet-form-col-12  field-type-text  jet-form-field-container\" data-field=\"co_lepite\" data-conditional=\"false\"><div class=\"jet-form__label\">\n\t<span class=\"jet-form__label-text\" >Mit ragasztasz\/mit szeretn\u00e9l ragasztani?<span class=\"jet-form__required\">*<\/span><\/span>\n\t<\/div><input class=\"jet-form__field text-field \" value=\"\" required=\"required\" name=\"co_lepite\" id=\"co_lepite\" type=\"text\" data-field-name=\"co_lepite\"><\/div><\/div><div  class=\"jet-form-row\"><div class=\"jet-form-col jet-form-col-12  field-type-text  jet-form-field-container\" data-field=\"pouzivane_lepidlo\" data-conditional=\"false\"><div class=\"jet-form__label\">\n\t<span class=\"jet-form__label-text\" >Haszn\u00e1lt ragaszt\u00f3 (gy\u00e1rt\u00f3, c\u00edmke)<span class=\"jet-form__required\">*<\/span><\/span>\n\t<\/div><input class=\"jet-form__field text-field \" value=\"\" required=\"required\" name=\"pouzivane_lepidlo\" id=\"pouzivane_lepidlo\" type=\"text\" data-field-name=\"pouzivane_lepidlo\"><\/div><\/div><div  class=\"jet-form-row\"><div class=\"jet-form-col jet-form-col-12  field-type-text  jet-form-field-container\" data-field=\"stroj\" data-conditional=\"false\"><div class=\"jet-form__label\">\n\t<span class=\"jet-form__label-text\" >A g\u00e9p, amelyre ragaszt<span class=\"jet-form__required\">*<\/span><\/span>\n\t<\/div><input class=\"jet-form__field text-field \" value=\"\" required=\"required\" name=\"stroj\" id=\"stroj\" type=\"text\" data-field-name=\"stroj\"><\/div><\/div><div  class=\"jet-form-row\"><div class=\"jet-form-col jet-form-col-6  field-type-text  jet-form-field-container\" data-field=\"meno\" data-conditional=\"false\"><div class=\"jet-form__label\">\n\t<span class=\"jet-form__label-text\" >N\u00e9v<span class=\"jet-form__required\">*<\/span><\/span>\n\t<\/div><input class=\"jet-form__field text-field \" value=\"\" required=\"required\" name=\"meno\" id=\"meno\" type=\"text\" data-field-name=\"meno\"><\/div><div class=\"jet-form-col jet-form-col-6  field-type-text  jet-form-field-container\" data-field=\"priezvisko\" data-conditional=\"false\"><div class=\"jet-form__label\">\n\t<span class=\"jet-form__label-text\" >Vezet\u00e9kn\u00e9v<span class=\"jet-form__required\">*<\/span><\/span>\n\t<\/div><input class=\"jet-form__field text-field \" value=\"\" required=\"required\" name=\"priezvisko\" id=\"priezvisko\" type=\"text\" data-field-name=\"priezvisko\"><\/div><\/div><div  class=\"jet-form-row\"><div class=\"jet-form-col jet-form-col-12  field-type-text  jet-form-field-container\" data-field=\"spolocnost\" data-conditional=\"false\"><div class=\"jet-form__label\">\n\t<span class=\"jet-form__label-text\" >V\u00e1llalat<\/span>\n\t<\/div><input class=\"jet-form__field text-field \" value=\"\" name=\"spolocnost\" id=\"spolocnost\" type=\"text\" data-field-name=\"spolocnost\"><\/div><\/div><div  class=\"jet-form-row\"><div class=\"jet-form-col jet-form-col-12  field-type-text  jet-form-field-container\" data-field=\"mail\" data-conditional=\"false\"><div class=\"jet-form__label\">\n\t<span class=\"jet-form__label-text\" >Email<span class=\"jet-form__required\">*<\/span><\/span>\n\t<\/div><input class=\"jet-form__field text-field \" value=\"\" required=\"required\" name=\"mail\" id=\"mail\" type=\"email\" data-field-name=\"mail\"><\/div><\/div><div  class=\"jet-form-row\"><div class=\"jet-form-col jet-form-col-12  field-type-text  jet-form-field-container\" data-field=\"tel_cislo\" data-conditional=\"false\"><div class=\"jet-form__label\">\n\t<span class=\"jet-form__label-text\" >Tel. sz\u00e1m<\/span>\n\t<\/div><input class=\"jet-form__field text-field \" value=\"\" name=\"tel_cislo\" id=\"tel_cislo\" type=\"text\" data-field-name=\"tel_cislo\"><\/div><\/div><div  class=\"jet-form-row\"><div class=\"jet-form-col jet-form-col-12  field-type-checkboxes gdpr-checkbox jet-form-field-container\" data-field=\"gdpr\" data-conditional=\"false\"><div class=\"jet-form__fields-group checkradio-wrap\">\t\t<div class=\"jet-form__field-wrap checkboxes-wrap checkradio-wrap\">\n\t\t\t\t\t\t<label class=\"jet-form__field-label\">\n\t\t\t\t<input\n\t\t\t\t\ttype=\"checkbox\"\n\t\t\t\t\tname=\"gdpr\"\n\t\t\t\t\tclass=\"jet-form__field checkboxes-field checkradio-field checkboxes-required\"\n\t\t\t\t\tvalue=\"consent\"\n\t\t\t\t\tdata-field-name=\"gdpr\"\n\t\t\t\t\t\t\t\t\t\trequired=\"required\"\t\t\t\t\t\t\t\t\t>\n\t\t\t\tEgyet\u00e9rtek\t\t\t<\/label>\n\t\t<\/div>\n\t\t<\/div><small class=\"jet-form__desc\"><span class=\"jet-form__desc-text\">Hozz\u00e1j\u00e1rulok a <a href=\"\/wp-content\/uploads\/2023\/01\/Oboznamenie-so-spracovanim_cookies-converted-1.pdf\" target=\"_blank\">szem\u00e9lyes adatok<\/a> feldolgoz\u00e1s\u00e1hoz.<\/span><\/small><\/div><\/div><div  class=\"jet-form-row jet-form-row--submit\"><div class=\"jet-form-col jet-form-col-12  field-type-submit  jet-form-field-container\" data-field=\"Submit\" data-conditional=\"false\"><div class=\"jet-form__submit-wrap\">\n\t\t<button class=\"jet-form__submit submit-type-reload\" type=\"submit\">K\u00e9relmet k\u00fcldeni<\/button>\n<\/div><\/div><\/div><input class=\"jet-form__field hidden-field\" type=\"hidden\" name=\"_jet_engine_nonce\" value=\"dbdf6951c5\" data-field-name=\"_jet_engine_nonce\"><\/form>\t\t\t\t<\/div>\n\t\t\t\t<\/div>\n\t\t\t\t<\/div>\n\t\t<div class=\"elementor-element elementor-element-09bbb82 e-con-full e-flex e-con e-parent\" data-id=\"09bbb82\" data-element_type=\"container\" data-e-type=\"container\" data-settings=\"{&quot;jet_parallax_layout_list&quot;:[]}\">\n\t\t<div class=\"elementor-element elementor-element-9bbf5f6 e-flex e-con-boxed e-con e-child\" data-id=\"9bbf5f6\" data-element_type=\"container\" data-e-type=\"container\" data-settings=\"{&quot;jet_parallax_layout_list&quot;:[]}\">\n\t\t\t\t\t<div class=\"e-con-inner\">\n\t\t<div class=\"elementor-element elementor-element-5439880 e-con-full e-flex e-con e-child\" data-id=\"5439880\" data-element_type=\"container\" data-e-type=\"container\" data-settings=\"{&quot;jet_parallax_layout_list&quot;:[]}\">\n\t\t<div class=\"elementor-element elementor-element-361473f e-flex e-con-boxed e-con e-child\" data-id=\"361473f\" data-element_type=\"container\" data-e-type=\"container\" data-settings=\"{&quot;jet_parallax_layout_list&quot;:[]}\">\n\t\t\t\t\t<div class=\"e-con-inner\">\n\t\t<div class=\"elementor-element elementor-element-db77897 e-con-full e-flex e-con e-child\" data-id=\"db77897\" data-element_type=\"container\" data-e-type=\"container\" data-settings=\"{&quot;background_background&quot;:&quot;classic&quot;,&quot;jet_parallax_layout_list&quot;:[]}\">\n\t\t\t\t<div class=\"elementor-element elementor-element-c7c13c5 elementor-widget elementor-widget-image\" data-id=\"c7c13c5\" data-element_type=\"widget\" data-e-type=\"widget\" data-widget_type=\"image.default\">\n\t\t\t\t<div class=\"elementor-widget-container\">\n\t\t\t\t\t\t\t\t\t\t\t\t\t\t\t<img fetchpriority=\"high\" decoding=\"async\" width=\"1536\" height=\"2048\" src=\"https:\/\/agglu.sk\/wp-content\/uploads\/2026\/04\/WhatsApp-Image-2025-12-18-at-07.54.35.jpeg\" class=\"attachment-full size-full wp-image-11458\" alt=\"\" srcset=\"https:\/\/agglu.sk\/wp-content\/uploads\/2026\/04\/WhatsApp-Image-2025-12-18-at-07.54.35.jpeg 1536w, https:\/\/agglu.sk\/wp-content\/uploads\/2026\/04\/WhatsApp-Image-2025-12-18-at-07.54.35-225x300.jpeg 225w, https:\/\/agglu.sk\/wp-content\/uploads\/2026\/04\/WhatsApp-Image-2025-12-18-at-07.54.35-768x1024.jpeg 768w, https:\/\/agglu.sk\/wp-content\/uploads\/2026\/04\/WhatsApp-Image-2025-12-18-at-07.54.35-1152x1536.jpeg 1152w\" sizes=\"(max-width: 1536px) 100vw, 1536px\" \/>\t\t\t\t\t\t\t\t\t\t\t\t\t\t\t<\/div>\n\t\t\t\t<\/div>\n\t\t<div class=\"elementor-element elementor-element-32c0fc5 e-flex e-con-boxed e-con e-child\" data-id=\"32c0fc5\" data-element_type=\"container\" data-e-type=\"container\" data-settings=\"{&quot;background_background&quot;:&quot;classic&quot;,&quot;jet_parallax_layout_list&quot;:[]}\">\n\t\t\t\t\t<div class=\"e-con-inner\">\n\t\t\t\t<div class=\"elementor-element elementor-element-6b80f33 elementor-widget elementor-widget-heading\" data-id=\"6b80f33\" data-element_type=\"widget\" data-e-type=\"widget\" data-widget_type=\"heading.default\">\n\t\t\t\t<div class=\"elementor-widget-container\">\n\t\t\t\t\t<h2 class=\"elementor-heading-title elementor-size-default\">Mgr. Marko \u0160tefko<\/h2>\t\t\t\t<\/div>\n\t\t\t\t<\/div>\n\t\t\t\t<div class=\"elementor-element elementor-element-b05d05d elementor-widget elementor-widget-heading\" data-id=\"b05d05d\" data-element_type=\"widget\" data-e-type=\"widget\" data-widget_type=\"heading.default\">\n\t\t\t\t<div class=\"elementor-widget-container\">\n\t\t\t\t\t<h2 class=\"elementor-heading-title elementor-size-default\">A ragaszt\u00f3k szak\u00e9rt\u0151je <\/br>\u00e9s a ragaszt\u00f3rendszerek szak\u00e9rt\u0151je<\/h2>\t\t\t\t<\/div>\n\t\t\t\t<\/div>\n\t\t\t\t\t<\/div>\n\t\t\t\t<\/div>\n\t\t<div class=\"elementor-element elementor-element-ed4228b e-flex e-con-boxed e-con e-child\" data-id=\"ed4228b\" data-element_type=\"container\" data-e-type=\"container\" data-settings=\"{&quot;background_background&quot;:&quot;classic&quot;,&quot;jet_parallax_layout_list&quot;:[]}\">\n\t\t\t\t\t<div class=\"e-con-inner\">\n\t\t\t\t<div class=\"elementor-element elementor-element-d7df2a9 elementor-align-center elementor-icon-list--layout-traditional elementor-list-item-link-full_width elementor-widget elementor-widget-icon-list\" data-id=\"d7df2a9\" data-element_type=\"widget\" data-e-type=\"widget\" data-widget_type=\"icon-list.default\">\n\t\t\t\t<div class=\"elementor-widget-container\">\n\t\t\t\t\t\t\t<ul class=\"elementor-icon-list-items\">\n\t\t\t\t\t\t\t<li class=\"elementor-icon-list-item\">\n\t\t\t\t\t\t\t\t\t\t\t<span class=\"elementor-icon-list-icon\">\n\t\t\t\t\t\t\t<i aria-hidden=\"true\" class=\"fas fa-phone\"><\/i>\t\t\t\t\t\t<\/span>\n\t\t\t\t\t\t\t\t\t\t<span class=\"elementor-icon-list-text\">+421 917 102 251<\/span>\n\t\t\t\t\t\t\t\t\t<\/li>\n\t\t\t\t\t\t\t\t<li class=\"elementor-icon-list-item\">\n\t\t\t\t\t\t\t\t\t\t\t<span class=\"elementor-icon-list-icon\">\n\t\t\t\t\t\t\t<i aria-hidden=\"true\" class=\"fas fa-envelope\"><\/i>\t\t\t\t\t\t<\/span>\n\t\t\t\t\t\t\t\t\t\t<span class=\"elementor-icon-list-text\">marko.stefko@agglu.sk<\/span>\n\t\t\t\t\t\t\t\t\t<\/li>\n\t\t\t\t\t\t<\/ul>\n\t\t\t\t\t\t<\/div>\n\t\t\t\t<\/div>\n\t\t\t\t\t<\/div>\n\t\t\t\t<\/div>\n\t\t\t\t<\/div>\n\t\t\t\t\t<\/div>\n\t\t\t\t<\/div>\n\t\t<div class=\"elementor-element elementor-element-74bfdf5 e-flex e-con-boxed e-con e-child\" data-id=\"74bfdf5\" data-element_type=\"container\" data-e-type=\"container\" data-settings=\"{&quot;jet_parallax_layout_list&quot;:[]}\">\n\t\t\t\t\t<div class=\"e-con-inner\">\n\t\t\t\t<div class=\"elementor-element elementor-element-6de1995 elementor-widget elementor-widget-heading\" data-id=\"6de1995\" data-element_type=\"widget\" data-e-type=\"widget\" data-widget_type=\"heading.default\">\n\t\t\t\t<div class=\"elementor-widget-container\">\n\t\t\t\t\t<h2 class=\"elementor-heading-title elementor-size-default\">Szak\u00e9rt\u0151nk<\/h2>\t\t\t\t<\/div>\n\t\t\t\t<\/div>\n\t\t\t\t<div class=\"elementor-element elementor-element-2319327 elementor-widget__width-initial elementor-widget elementor-widget-text-editor\" data-id=\"2319327\" data-element_type=\"widget\" data-e-type=\"widget\" data-widget_type=\"text-editor.default\">\n\t\t\t\t<div class=\"elementor-widget-container\">\n\t\t\t\t\t\t\t\t\t<p class=\"p1\">Vegye ig\u00e9nybe az ingyenes konzult\u00e1ci\u00f3t, \u00e9s l\u00e9pjen kapcsolatba szakember\u00fcnkkel. Az ipari ragaszt\u00e1s szak\u00e9rt\u0151i vagyunk.<\/p>\t\t\t\t\t\t\t\t<\/div>\n\t\t\t\t<\/div>\n\t\t\t\t\t<\/div>\n\t\t\t\t<\/div>\n\t\t\t\t<\/div>\n\t\t\t\t\t<\/div>\n\t\t\t\t<\/div>\n\t\t\t\t<\/div>\n\t\t<div class=\"elementor-element elementor-element-d63cfe7 e-flex e-con-boxed e-con e-parent\" data-id=\"d63cfe7\" data-element_type=\"container\" data-e-type=\"container\" data-settings=\"{&quot;jet_parallax_layout_list&quot;:[]}\">\n\t\t\t\t\t<div class=\"e-con-inner\">\n\t\t\t\t\t<\/div>\n\t\t\t\t<\/div>\n\t\t\t\t<\/div>\n\t\t","protected":false},"excerpt":{"rendered":"<p>Ingyenes konzult\u00e1ci\u00f3 Szak\u00e9rt\u0151 AGGLU csapatunk k\u00e9szen \u00e1ll arra, hogy X lehet\u0151s\u00e9get k\u00edn\u00e1ljon \u00d6nnek a gy\u00e1rt\u00e1shoz! Tan\u00e1csra van sz\u00fcks\u00e9ge a ragaszt\u00f3 vagy ragaszt\u00f3rendszer kiv\u00e1laszt\u00e1s\u00e1hoz? Szeretn\u00e9 jav\u00edtani term\u00e9ke ragasztott k\u00f6t\u00e9s\u00e9nek min\u0151s\u00e9g\u00e9t? Probl\u00e9m\u00e1ja van a g\u00e9p haszn\u00e1lat\u00e1val, szervizel\u00e9sre vagy a tartoz\u00e9kok tiszt\u00edt\u00e1s\u00e1ra van sz\u00fcks\u00e9ge? S \u010d\u00edm V\u00e1m m\u00f4\u017eeme poradi\u0165* Lepidlo Stroj Servis\u00davodn\u00e1 konzult\u00e1cia k auditu lepiacich syst\u00e9mov. Ak\u00fd [&hellip;]<\/p>\n","protected":false},"author":3,"featured_media":0,"parent":0,"menu_order":0,"comment_status":"closed","ping_status":"closed","template":"","meta":{"footnotes":""},"class_list":["post-5347","page","type-page","status-publish","hentry"],"_links":{"self":[{"href":"https:\/\/agglu.sk\/hu\/wp-json\/wp\/v2\/pages\/5347","targetHints":{"allow":["GET"]}}],"collection":[{"href":"https:\/\/agglu.sk\/hu\/wp-json\/wp\/v2\/pages"}],"about":[{"href":"https:\/\/agglu.sk\/hu\/wp-json\/wp\/v2\/types\/page"}],"author":[{"embeddable":true,"href":"https:\/\/agglu.sk\/hu\/wp-json\/wp\/v2\/users\/3"}],"replies":[{"embeddable":true,"href":"https:\/\/agglu.sk\/hu\/wp-json\/wp\/v2\/comments?post=5347"}],"version-history":[{"count":9,"href":"https:\/\/agglu.sk\/hu\/wp-json\/wp\/v2\/pages\/5347\/revisions"}],"predecessor-version":[{"id":11478,"href":"https:\/\/agglu.sk\/hu\/wp-json\/wp\/v2\/pages\/5347\/revisions\/11478"}],"wp:attachment":[{"href":"https:\/\/agglu.sk\/hu\/wp-json\/wp\/v2\/media?parent=5347"}],"curies":[{"name":"wp","href":"https:\/\/api.w.org\/{rel}","templated":true}]}}