{"id":3735,"date":"2022-07-10T20:36:59","date_gmt":"2022-07-10T18:36:59","guid":{"rendered":"https:\/\/agglu.sk\/hygiene\/"},"modified":"2023-01-31T21:09:59","modified_gmt":"2023-01-31T20:09:59","slug":"hygiene","status":"publish","type":"page","link":"https:\/\/agglu.sk\/en\/hygiene\/","title":{"rendered":"Hygiene"},"content":{"rendered":"\t\t<div data-elementor-type=\"wp-page\" data-elementor-id=\"3735\" class=\"elementor elementor-3735 elementor-1071\" data-elementor-post-type=\"page\">\n\t\t\t\t<div class=\"elementor-element elementor-element-e7034dc e-con-full e-flex e-con e-parent\" data-id=\"e7034dc\" data-element_type=\"container\" data-e-type=\"container\" data-settings=\"{&quot;background_background&quot;:&quot;classic&quot;,&quot;jet_parallax_layout_list&quot;:[]}\">\n\t\t\t\t<div class=\"elementor-element elementor-element-7b410e2 elementor-widget elementor-widget-heading\" data-id=\"7b410e2\" data-element_type=\"widget\" data-e-type=\"widget\" data-widget_type=\"heading.default\">\n\t\t\t\t<div class=\"elementor-widget-container\">\n\t\t\t\t\t<h2 class=\"elementor-heading-title elementor-size-default\">Hygiene<\/h2>\t\t\t\t<\/div>\n\t\t\t\t<\/div>\n\t\t\t\t<div class=\"elementor-element elementor-element-819502e elementor-widget__width-initial elementor-widget elementor-widget-text-editor\" data-id=\"819502e\" data-element_type=\"widget\" data-e-type=\"widget\" data-widget_type=\"text-editor.default\">\n\t\t\t\t<div class=\"elementor-widget-container\">\n\t\t\t\t\t\t\t\t\t<div class=\"left-part\">\n<div class=\"left-part-wrapper\">\n<div class=\"left-part\">\n<div class=\"left-part-wrapper\">\n<div class=\"left-part\">\n<div class=\"left-part-wrapper\">\n<div class=\"left-part\">\n<div class=\"left-part-wrapper\">\n<div class=\"left-part\">\n<div class=\"left-part-wrapper\">\n<div class=\"left-part\">\n<div class=\"left-part-wrapper\">\n<div class=\"left-part\">\n<div class=\"left-part-wrapper\">\n<p class=\"perex\">Fusible adhesives (EVA, APAO, PSA) are used in the production of sanitary ware for the structural bonding of cores and for bonding the top protective layer of sanitary ware. PSA adhesives are used to anchor them to the garment (fixation).<\/p>\n<\/div>\n<\/div>\n<\/div>\n<\/div>\n<\/div>\n<\/div>\n<\/div>\n<\/div>\n<\/div>\n<\/div>\n<\/div>\n<\/div>\n<\/div>\n<\/div>\n\t\t\t\t\t\t\t\t<\/div>\n\t\t\t\t<\/div>\n\t\t\t\t<\/div>\n\t\t<div class=\"elementor-element elementor-element-d8c06f7 e-con-full e-flex e-con e-parent\" data-id=\"d8c06f7\" data-element_type=\"container\" data-e-type=\"container\" data-settings=\"{&quot;jet_parallax_layout_list&quot;:[]}\">\n\t\t\t\t<div class=\"elementor-element elementor-element-3ccb3ce elementor-widget__width-inherit elementor-widget elementor-widget-jet-tabs\" data-id=\"3ccb3ce\" data-element_type=\"widget\" data-e-type=\"widget\" data-settings=\"{&quot;tabs_position_mobile&quot;:&quot;top&quot;,&quot;tabs_position&quot;:&quot;top&quot;,&quot;no_active_tabs&quot;:&quot;false&quot;}\" data-widget_type=\"jet-tabs.default\">\n\t\t\t\t<div class=\"elementor-widget-container\">\n\t\t\t\t\t\n\t\t<div class=\"jet-tabs jet-tabs-position-top jet-tabs-move-up-effect \" data-settings=\"{&quot;activeIndex&quot;:0,&quot;event&quot;:&quot;click&quot;,&quot;autoSwitch&quot;:false,&quot;autoSwitchDelay&quot;:3000,&quot;ajaxTemplate&quot;:false,&quot;tabsPosition&quot;:&quot;top&quot;,&quot;switchScrolling&quot;:false,&quot;switchScrollingOffset&quot;:0}\">\n\t\t\t<div class=\"jet-tabs__control-wrapper \" role=\"tablist\">\n                                    <div id=\"jet-tabs-control-6371\" class=\"jet-tabs__control jet-tabs__control-icon-left elementor-menu-anchor active-tab \" data-tab=\"1\" tabindex=\"0\" role=\"tab\" aria-controls=\"jet-tabs-content-6371\" aria-expanded=\"true\" data-template-id=\"2232\"><div class=\"jet-tabs__control-inner\"><div class=\"jet-tabs__label-text\">Hot melt adhesives<\/div><\/div><\/div>\n                    \t\t\t    <\/div>\n\t\t\t<div class=\"jet-tabs__content-wrapper\">\n\t\t\t\t<div id=\"jet-tabs-content-6371\" class=\"jet-tabs__content active-content\" data-tab=\"1\" role=\"tabpanel\" aria-hidden=\"false\" data-template-id=\"2232\">\t\t<div data-elementor-type=\"section\" data-elementor-id=\"4298\" class=\"elementor elementor-4298 elementor-2232\" data-elementor-post-type=\"elementor_library\">\n\t\t\t<div class=\"elementor-element elementor-element-301032e2 e-con-full e-flex e-con e-parent\" data-id=\"301032e2\" data-element_type=\"container\" data-e-type=\"container\" data-settings=\"{&quot;jet_parallax_layout_list&quot;:[]}\">\n\t\t\t\t<div class=\"elementor-element elementor-element-5eb4e8db elementor-widget elementor-widget-heading\" data-id=\"5eb4e8db\" data-element_type=\"widget\" data-e-type=\"widget\" data-widget_type=\"heading.default\">\n\t\t\t\t<div class=\"elementor-widget-container\">\n\t\t\t\t\t<h2 class=\"elementor-heading-title elementor-size-default\">Hot melt adhesives<\/h2>\t\t\t\t<\/div>\n\t\t\t\t<\/div>\n\t\t\t\t<div class=\"elementor-element elementor-element-26115ae elementor-widget__width-initial elementor-widget elementor-widget-text-editor\" data-id=\"26115ae\" data-element_type=\"widget\" data-e-type=\"widget\" data-widget_type=\"text-editor.default\">\n\t\t\t\t<div class=\"elementor-widget-container\">\n\t\t\t\t\t\t\t\t\t<div class=\"elementor-element elementor-element-167e0d8c elementor-widget__width-initial elementor-widget elementor-widget-text-editor\" data-id=\"167e0d8c\" data-element_type=\"widget\" data-widget_type=\"text-editor.default\">\n<div class=\"elementor-widget-container\">\n<p>Fusible adhesives are used to edge wood materials with paper, veneer or ABS edge. The application is carried out on mechanical edging machines that have the possibility of melting the adhesive to the application temperature. EVA, APAO and PUR based hot melt adhesives are used to sheath the profiles. The choice of the appropriate adhesive depends on the substrate material used for the cladding, as well as the water and heat resistance requirements of the product.<\/p>\n<\/div>\n<\/div>\n\t\t\t\t\t\t\t\t<\/div>\n\t\t\t\t<\/div>\n\t\t<div class=\"elementor-element elementor-element-46a44044 e-flex e-con-boxed e-con e-parent\" data-id=\"46a44044\" data-element_type=\"container\" data-e-type=\"container\" data-settings=\"{&quot;jet_parallax_layout_list&quot;:[]}\">\n\t\t\t\t\t<div class=\"e-con-inner\">\n\t\t\t\t<div class=\"elementor-element elementor-element-1858287f elementor-widget elementor-widget-jet-listing-grid\" data-id=\"1858287f\" data-element_type=\"widget\" data-e-type=\"widget\" data-settings=\"{&quot;columns&quot;:&quot;4&quot;,&quot;columns_mobile&quot;:&quot;1&quot;}\" data-widget_type=\"jet-listing-grid.default\">\n\t\t\t\t<div class=\"elementor-widget-container\">\n\t\t\t\t\t<div class=\"jet-listing-grid jet-listing\"><div class=\"jet-listing-not-found jet-listing-grid__items\" data-nav=\"{&quot;enabled&quot;:false,&quot;type&quot;:null,&quot;more_el&quot;:null,&quot;query&quot;:[],&quot;widget_settings&quot;:{&quot;lisitng_id&quot;:2045,&quot;posts_num&quot;:6,&quot;columns&quot;:4,&quot;columns_tablet&quot;:4,&quot;columns_mobile&quot;:1,&quot;column_min_width&quot;:240,&quot;column_min_width_tablet&quot;:240,&quot;column_min_width_mobile&quot;:240,&quot;inline_columns_css&quot;:false,&quot;is_archive_template&quot;:&quot;&quot;,&quot;post_status&quot;:[&quot;publish&quot;],&quot;use_random_posts_num&quot;:&quot;&quot;,&quot;max_posts_num&quot;:9,&quot;not_found_message&quot;:&quot;No data was found&quot;,&quot;is_masonry&quot;:false,&quot;equal_columns_height&quot;:&quot;&quot;,&quot;use_load_more&quot;:&quot;&quot;,&quot;load_more_id&quot;:&quot;&quot;,&quot;load_more_type&quot;:&quot;click&quot;,&quot;load_more_offset&quot;:{&quot;unit&quot;:&quot;px&quot;,&quot;size&quot;:0,&quot;sizes&quot;:[]},&quot;use_custom_post_types&quot;:&quot;&quot;,&quot;custom_post_types&quot;:[],&quot;hide_widget_if&quot;:&quot;&quot;,&quot;carousel_enabled&quot;:&quot;&quot;,&quot;slides_to_scroll&quot;:&quot;1&quot;,&quot;arrows&quot;:&quot;true&quot;,&quot;arrow_icon&quot;:&quot;fa fa-angle-left&quot;,&quot;dots&quot;:&quot;&quot;,&quot;autoplay&quot;:&quot;true&quot;,&quot;pause_on_hover&quot;:&quot;true&quot;,&quot;autoplay_speed&quot;:5000,&quot;infinite&quot;:&quot;true&quot;,&quot;center_mode&quot;:&quot;&quot;,&quot;effect&quot;:&quot;slide&quot;,&quot;speed&quot;:500,&quot;inject_alternative_items&quot;:&quot;&quot;,&quot;injection_items&quot;:[],&quot;scroll_slider_enabled&quot;:&quot;&quot;,&quot;scroll_slider_on&quot;:[&quot;desktop&quot;,&quot;tablet&quot;,&quot;mobile&quot;],&quot;custom_query&quot;:false,&quot;custom_query_id&quot;:&quot;&quot;,&quot;_element_id&quot;:&quot;&quot;,&quot;collapse_first_last_gap&quot;:false,&quot;list_tag_selection&quot;:&quot;&quot;,&quot;list_items_wrapper_tag&quot;:&quot;div&quot;,&quot;list_item_tag&quot;:&quot;div&quot;,&quot;empty_items_wrapper_tag&quot;:&quot;div&quot;}}\" data-listing-source=\"posts\" data-listing-id=\"2045\" data-query-id=\"\" data-queried-id=\"3735|WP_Post\">No data was found<\/div><\/div>\t\t\t\t<\/div>\n\t\t\t\t<\/div>\n\t\t\t\t\t<\/div>\n\t\t\t\t<\/div>\n\t\t\t\t<\/div>\n\t\t\t\t<\/div>\n\t\t<\/div>\t\t\t<\/div>\n\t\t\t\t\t<\/div>\n\t\t\t\t\t\t<\/div>\n\t\t\t\t<\/div>\n\t\t\t\t<\/div>\n\t\t\t\t<\/div>\n\t\t","protected":false},"excerpt":{"rendered":"<p>Hygiene Fusible adhesives (EVA, APAO, PSA) are used in the production of sanitary ware for the structural bonding of cores and for bonding the top protective layer of sanitary ware. PSA adhesives are used to anchor them to the garment (fixation). Hot melt adhesives Tavn\u00e9 lepidl\u00e1 Na ohranenie drevn\u00fdch materi\u00e1lov papierom, dyhou alebo ABS hranou, [&hellip;]<\/p>\n","protected":false},"author":3,"featured_media":0,"parent":0,"menu_order":0,"comment_status":"closed","ping_status":"closed","template":"","meta":{"footnotes":""},"class_list":["post-3735","page","type-page","status-publish","hentry"],"_links":{"self":[{"href":"https:\/\/agglu.sk\/en\/wp-json\/wp\/v2\/pages\/3735","targetHints":{"allow":["GET"]}}],"collection":[{"href":"https:\/\/agglu.sk\/en\/wp-json\/wp\/v2\/pages"}],"about":[{"href":"https:\/\/agglu.sk\/en\/wp-json\/wp\/v2\/types\/page"}],"author":[{"embeddable":true,"href":"https:\/\/agglu.sk\/en\/wp-json\/wp\/v2\/users\/3"}],"replies":[{"embeddable":true,"href":"https:\/\/agglu.sk\/en\/wp-json\/wp\/v2\/comments?post=3735"}],"version-history":[{"count":1,"href":"https:\/\/agglu.sk\/en\/wp-json\/wp\/v2\/pages\/3735\/revisions"}],"predecessor-version":[{"id":3742,"href":"https:\/\/agglu.sk\/en\/wp-json\/wp\/v2\/pages\/3735\/revisions\/3742"}],"wp:attachment":[{"href":"https:\/\/agglu.sk\/en\/wp-json\/wp\/v2\/media?parent=3735"}],"curies":[{"name":"wp","href":"https:\/\/api.w.org\/{rel}","templated":true}]}}