{"id":5730,"date":"2022-07-09T15:08:05","date_gmt":"2022-07-09T13:08:05","guid":{"rendered":"https:\/\/agglu.sk\/drevozpracujici-prumysl\/poly-tekuta-lepidla-vyroba-parket\/"},"modified":"2023-07-13T17:55:23","modified_gmt":"2023-07-13T15:55:23","slug":"poly-tekuta-lepidla-vyroba-parket","status":"publish","type":"page","link":"https:\/\/agglu.sk\/cs\/drevozpracujici-prumysl\/poly-tekuta-lepidla-vyroba-parket\/","title":{"rendered":"Poly. Tekut\u00e1 lepidla &#8211; V\u00fdroba parket"},"content":{"rendered":"\t\t<div data-elementor-type=\"wp-page\" data-elementor-id=\"5730\" class=\"elementor elementor-5730 elementor-702\" data-elementor-post-type=\"page\">\n\t\t\t\t<div class=\"elementor-element elementor-element-c32386d e-con-full e-flex e-con e-parent\" data-id=\"c32386d\" data-element_type=\"container\" data-e-type=\"container\" data-settings=\"{&quot;background_background&quot;:&quot;classic&quot;,&quot;jet_parallax_layout_list&quot;:[]}\">\n\t\t<div class=\"elementor-element elementor-element-ad47744 e-con-full e-flex e-con e-parent\" data-id=\"ad47744\" data-element_type=\"container\" data-e-type=\"container\" data-settings=\"{&quot;jet_parallax_layout_list&quot;:[]}\">\n\t\t<div class=\"elementor-element elementor-element-fea1b73 e-flex e-con-boxed e-con e-parent\" data-id=\"fea1b73\" data-element_type=\"container\" data-e-type=\"container\" data-settings=\"{&quot;jet_parallax_layout_list&quot;:[]}\">\n\t\t\t\t\t<div class=\"e-con-inner\">\n\t\t\t\t<div class=\"elementor-element elementor-element-9bbb2f6 elementor-widget elementor-widget-heading\" data-id=\"9bbb2f6\" data-element_type=\"widget\" data-e-type=\"widget\" data-widget_type=\"heading.default\">\n\t\t\t\t<div class=\"elementor-widget-container\">\n\t\t\t\t\t<h2 class=\"elementor-heading-title elementor-size-default\"><a href=\"https:\/\/agglu.sk\/cs\/drevozpracujici-prumysl\/\">D\u0159evozpracuj\u00edc\u00ed pr\u016fmysl<\/a> - Polyuretanov\u00e1 tekut\u00e1 lepidla\n<\/h2>\t\t\t\t<\/div>\n\t\t\t\t<\/div>\n\t\t\t\t<div class=\"elementor-element elementor-element-6be0da1 elementor-widget elementor-widget-heading\" data-id=\"6be0da1\" data-element_type=\"widget\" data-e-type=\"widget\" data-widget_type=\"heading.default\">\n\t\t\t\t<div class=\"elementor-widget-container\">\n\t\t\t\t\t<h2 class=\"elementor-heading-title elementor-size-default\">V\u00fdroba parket<\/h2>\t\t\t\t<\/div>\n\t\t\t\t<\/div>\n\t\t\t\t\t<\/div>\n\t\t\t\t<\/div>\n\t\t\t\t<\/div>\n\t\t<div class=\"elementor-element elementor-element-cdcd547 e-con-full e-flex e-con e-parent\" data-id=\"cdcd547\" data-element_type=\"container\" data-e-type=\"container\" data-settings=\"{&quot;jet_parallax_layout_list&quot;:[]}\">\n\t\t\t\t<div class=\"elementor-element elementor-element-c31c0ec elementor-widget elementor-widget-text-editor\" data-id=\"c31c0ec\" data-element_type=\"widget\" data-e-type=\"widget\" data-widget_type=\"text-editor.default\">\n\t\t\t\t<div class=\"elementor-widget-container\">\n\t\t\t\t\t\t\t\t\t<p class=\"first_paragraph\">Krom\u011b disperzn\u00edch lepidel PVAC se p\u0159i v\u00fdrob\u011b parket pou\u017e\u00edvaj\u00ed tak\u00e9 polyuretanov\u00e1 lepidla, zejm\u00e9na pro lepen\u00ed obt\u00ed\u017en\u011bji lepiteln\u00fdch materi\u00e1l\u016f, kde je vy\u017eadov\u00e1na vysok\u00e1 odolnost lepen\u00e9ho spoje proti vod\u011b a teplu.<\/p>\n\t\t\t\t\t\t\t\t<\/div>\n\t\t\t\t<\/div>\n\t\t\t\t<\/div>\n\t\t\t\t<\/div>\n\t\t<div class=\"elementor-element elementor-element-ab7d2c8 e-con-full e-flex e-con e-parent\" data-id=\"ab7d2c8\" data-element_type=\"container\" data-e-type=\"container\" data-settings=\"{&quot;jet_parallax_layout_list&quot;:[]}\">\n\t\t\t\t<div class=\"elementor-element elementor-element-b365b6c elementor-widget__width-initial elementor-widget-tablet__width-inherit elementor-widget elementor-widget-jet-listing-grid\" data-id=\"b365b6c\" data-element_type=\"widget\" data-e-type=\"widget\" data-settings=\"{&quot;columns&quot;:&quot;3&quot;,&quot;columns_tablet&quot;:&quot;2&quot;,&quot;columns_mobile&quot;:&quot;1&quot;}\" data-widget_type=\"jet-listing-grid.default\">\n\t\t\t\t<div class=\"elementor-widget-container\">\n\t\t\t\t\t<div class=\"jet-listing-grid jet-listing\"><div class=\"jet-listing-not-found jet-listing-grid__items\" data-nav=\"{&quot;enabled&quot;:false,&quot;type&quot;:null,&quot;more_el&quot;:null,&quot;query&quot;:[],&quot;widget_settings&quot;:{&quot;lisitng_id&quot;:202,&quot;posts_num&quot;:6,&quot;columns&quot;:3,&quot;columns_tablet&quot;:2,&quot;columns_mobile&quot;:1,&quot;column_min_width&quot;:240,&quot;column_min_width_tablet&quot;:240,&quot;column_min_width_mobile&quot;:240,&quot;inline_columns_css&quot;:false,&quot;is_archive_template&quot;:&quot;&quot;,&quot;post_status&quot;:[&quot;publish&quot;],&quot;use_random_posts_num&quot;:&quot;&quot;,&quot;max_posts_num&quot;:9,&quot;not_found_message&quot;:&quot;Nebyly nalezeny \\u017e\\u00e1dn\\u00e9 produkty&quot;,&quot;is_masonry&quot;:false,&quot;equal_columns_height&quot;:&quot;&quot;,&quot;use_load_more&quot;:&quot;&quot;,&quot;load_more_id&quot;:&quot;&quot;,&quot;load_more_type&quot;:&quot;click&quot;,&quot;load_more_offset&quot;:{&quot;unit&quot;:&quot;px&quot;,&quot;size&quot;:0,&quot;sizes&quot;:[]},&quot;use_custom_post_types&quot;:&quot;&quot;,&quot;custom_post_types&quot;:[],&quot;hide_widget_if&quot;:&quot;&quot;,&quot;carousel_enabled&quot;:&quot;&quot;,&quot;slides_to_scroll&quot;:&quot;1&quot;,&quot;arrows&quot;:&quot;true&quot;,&quot;arrow_icon&quot;:&quot;fa fa-angle-left&quot;,&quot;dots&quot;:&quot;&quot;,&quot;autoplay&quot;:&quot;true&quot;,&quot;pause_on_hover&quot;:&quot;true&quot;,&quot;autoplay_speed&quot;:5000,&quot;infinite&quot;:&quot;true&quot;,&quot;center_mode&quot;:&quot;&quot;,&quot;effect&quot;:&quot;slide&quot;,&quot;speed&quot;:500,&quot;inject_alternative_items&quot;:&quot;&quot;,&quot;injection_items&quot;:[],&quot;scroll_slider_enabled&quot;:&quot;&quot;,&quot;scroll_slider_on&quot;:[&quot;desktop&quot;,&quot;tablet&quot;,&quot;mobile&quot;],&quot;custom_query&quot;:false,&quot;custom_query_id&quot;:&quot;&quot;,&quot;_element_id&quot;:&quot;&quot;,&quot;collapse_first_last_gap&quot;:false,&quot;list_tag_selection&quot;:&quot;&quot;,&quot;list_items_wrapper_tag&quot;:&quot;div&quot;,&quot;list_item_tag&quot;:&quot;div&quot;,&quot;empty_items_wrapper_tag&quot;:&quot;div&quot;}}\" data-listing-source=\"posts\" data-listing-id=\"202\" data-query-id=\"\" data-queried-id=\"5730|WP_Post\">Nebyly nalezeny \u017e\u00e1dn\u00e9 produkty<\/div><\/div>\t\t\t\t<\/div>\n\t\t\t\t<\/div>\n\t\t\t\t<\/div>\n\t\t\t\t<\/div>\n\t\t","protected":false},"excerpt":{"rendered":"<p>D\u0159evozpracuj\u00edc\u00ed pr\u016fmysl &#8211; Polyuretanov\u00e1 tekut\u00e1 lepidla V\u00fdroba parket Krom\u011b disperzn\u00edch lepidel PVAC se p\u0159i v\u00fdrob\u011b parket pou\u017e\u00edvaj\u00ed tak\u00e9 polyuretanov\u00e1 lepidla, zejm\u00e9na pro lepen\u00ed obt\u00ed\u017en\u011bji lepiteln\u00fdch materi\u00e1l\u016f, kde je vy\u017eadov\u00e1na vysok\u00e1 odolnost lepen\u00e9ho spoje proti vod\u011b a teplu. AG-PUR 222 AG-PUR 222 je tekut\u00e9 jednozlo\u017ekov\u00e9 vlhkos\u0165ou vytvrdzuj\u00face lepidlo na priemyseln\u00e9 pou\u017eitie. Neopur M 2238 RRR NEOPUR [&hellip;]<\/p>\n","protected":false},"author":3,"featured_media":0,"parent":5661,"menu_order":1,"comment_status":"closed","ping_status":"closed","template":"","meta":{"footnotes":""},"class_list":["post-5730","page","type-page","status-publish","hentry"],"_links":{"self":[{"href":"https:\/\/agglu.sk\/cs\/wp-json\/wp\/v2\/pages\/5730","targetHints":{"allow":["GET"]}}],"collection":[{"href":"https:\/\/agglu.sk\/cs\/wp-json\/wp\/v2\/pages"}],"about":[{"href":"https:\/\/agglu.sk\/cs\/wp-json\/wp\/v2\/types\/page"}],"author":[{"embeddable":true,"href":"https:\/\/agglu.sk\/cs\/wp-json\/wp\/v2\/users\/3"}],"replies":[{"embeddable":true,"href":"https:\/\/agglu.sk\/cs\/wp-json\/wp\/v2\/comments?post=5730"}],"version-history":[{"count":4,"href":"https:\/\/agglu.sk\/cs\/wp-json\/wp\/v2\/pages\/5730\/revisions"}],"predecessor-version":[{"id":5745,"href":"https:\/\/agglu.sk\/cs\/wp-json\/wp\/v2\/pages\/5730\/revisions\/5745"}],"up":[{"embeddable":true,"href":"https:\/\/agglu.sk\/cs\/wp-json\/wp\/v2\/pages\/5661"}],"wp:attachment":[{"href":"https:\/\/agglu.sk\/cs\/wp-json\/wp\/v2\/media?parent=5730"}],"curies":[{"name":"wp","href":"https:\/\/api.w.org\/{rel}","templated":true}]}}