{"id":5696,"date":"2022-07-09T15:18:29","date_gmt":"2022-07-09T13:18:29","guid":{"rendered":"https:\/\/agglu.sk\/drevozpracujici-prumysl\/tavna-lepidla-lepeni-hran\/"},"modified":"2023-07-13T17:55:15","modified_gmt":"2023-07-13T15:55:15","slug":"tavna-lepidla-lepeni-hran","status":"publish","type":"page","link":"https:\/\/agglu.sk\/cs\/drevozpracujici-prumysl\/tavna-lepidla-lepeni-hran\/","title":{"rendered":"Tavn\u00e1 lepidla &#8211; lepen\u00ed hran"},"content":{"rendered":"\t\t<div data-elementor-type=\"wp-page\" data-elementor-id=\"5696\" class=\"elementor elementor-5696 elementor-723\" data-elementor-post-type=\"page\">\n\t\t\t\t<div class=\"elementor-element elementor-element-c32386d e-con-full e-flex e-con e-parent\" data-id=\"c32386d\" data-element_type=\"container\" data-e-type=\"container\" data-settings=\"{&quot;background_background&quot;:&quot;classic&quot;,&quot;jet_parallax_layout_list&quot;:[]}\">\n\t\t<div class=\"elementor-element elementor-element-ad47744 e-con-full e-flex e-con e-parent\" data-id=\"ad47744\" data-element_type=\"container\" data-e-type=\"container\" data-settings=\"{&quot;jet_parallax_layout_list&quot;:[]}\">\n\t\t<div class=\"elementor-element elementor-element-fea1b73 e-flex e-con-boxed e-con e-parent\" data-id=\"fea1b73\" data-element_type=\"container\" data-e-type=\"container\" data-settings=\"{&quot;jet_parallax_layout_list&quot;:[]}\">\n\t\t\t\t\t<div class=\"e-con-inner\">\n\t\t\t\t<div class=\"elementor-element elementor-element-9bbb2f6 elementor-widget elementor-widget-heading\" data-id=\"9bbb2f6\" data-element_type=\"widget\" data-e-type=\"widget\" data-widget_type=\"heading.default\">\n\t\t\t\t<div class=\"elementor-widget-container\">\n\t\t\t\t\t<h2 class=\"elementor-heading-title elementor-size-default\"><a href=\"https:\/\/agglu.sk\/cs\/drevozpracujici-prumysl\/\">D\u0159evozpracuj\u00edc\u00ed pr\u016fmysl<\/a> - Tavn\u00e1 lepidla<\/h2>\t\t\t\t<\/div>\n\t\t\t\t<\/div>\n\t\t\t\t<div class=\"elementor-element elementor-element-6be0da1 elementor-widget elementor-widget-heading\" data-id=\"6be0da1\" data-element_type=\"widget\" data-e-type=\"widget\" data-widget_type=\"heading.default\">\n\t\t\t\t<div class=\"elementor-widget-container\">\n\t\t\t\t\t<h2 class=\"elementor-heading-title elementor-size-default\">Lepen\u00ed okraj\u016f<\/h2>\t\t\t\t<\/div>\n\t\t\t\t<\/div>\n\t\t\t\t\t<\/div>\n\t\t\t\t<\/div>\n\t\t\t\t<\/div>\n\t\t<div class=\"elementor-element elementor-element-cdcd547 e-con-full e-flex e-con e-parent\" data-id=\"cdcd547\" data-element_type=\"container\" data-e-type=\"container\" data-settings=\"{&quot;jet_parallax_layout_list&quot;:[]}\">\n\t\t\t\t<div class=\"elementor-element elementor-element-c31c0ec elementor-widget elementor-widget-text-editor\" data-id=\"c31c0ec\" data-element_type=\"widget\" data-e-type=\"widget\" data-widget_type=\"text-editor.default\">\n\t\t\t\t<div class=\"elementor-widget-container\">\n\t\t\t\t\t\t\t\t\t<p class=\"first_paragraph\">Tavn\u00e1 lepidla na b\u00e1zi EVA, APAO a PUR se pou\u017e\u00edvaj\u00ed k lepen\u00ed n\u00e1bytkov\u00fdch hran, a\u0165 u\u017e pap\u00edru, d\u00fdhy, ABS nebo PVC. Pokud nem\u00e1me k dispozici vhodn\u00e9 oh\u00fdbac\u00ed za\u0159\u00edzen\u00ed, lze aplikaci \u0159e\u0161it tak\u00e9 pomoc\u00ed kontaktn\u00edch rozpou\u0161t\u011bdlov\u00fdch lepidel. Volba vhodn\u00e9ho lepidla z\u00e1vis\u00ed na pou\u017eitelnosti technologick\u00e9ho za\u0159\u00edzen\u00ed, po\u017eadavc\u00edch na p\u0159epravu a kone\u010dn\u00e9m pou\u017eit\u00ed v\u00fdrobk\u016f.<\/p>\n\t\t\t\t\t\t\t\t<\/div>\n\t\t\t\t<\/div>\n\t\t\t\t<\/div>\n\t\t\t\t<\/div>\n\t\t<div class=\"elementor-element elementor-element-ab7d2c8 e-con-full e-flex e-con e-parent\" data-id=\"ab7d2c8\" data-element_type=\"container\" data-e-type=\"container\" data-settings=\"{&quot;jet_parallax_layout_list&quot;:[]}\">\n\t\t\t\t<div class=\"elementor-element elementor-element-b365b6c elementor-widget__width-initial elementor-widget-tablet__width-inherit elementor-widget elementor-widget-jet-listing-grid\" data-id=\"b365b6c\" data-element_type=\"widget\" data-e-type=\"widget\" data-settings=\"{&quot;columns&quot;:&quot;3&quot;,&quot;columns_tablet&quot;:&quot;2&quot;,&quot;columns_mobile&quot;:&quot;1&quot;}\" data-widget_type=\"jet-listing-grid.default\">\n\t\t\t\t<div class=\"elementor-widget-container\">\n\t\t\t\t\t<div class=\"jet-listing-grid jet-listing\"><div class=\"jet-listing-not-found jet-listing-grid__items\" data-nav=\"{&quot;enabled&quot;:false,&quot;type&quot;:null,&quot;more_el&quot;:null,&quot;query&quot;:[],&quot;widget_settings&quot;:{&quot;lisitng_id&quot;:202,&quot;posts_num&quot;:6,&quot;columns&quot;:3,&quot;columns_tablet&quot;:2,&quot;columns_mobile&quot;:1,&quot;column_min_width&quot;:240,&quot;column_min_width_tablet&quot;:240,&quot;column_min_width_mobile&quot;:240,&quot;inline_columns_css&quot;:false,&quot;is_archive_template&quot;:&quot;&quot;,&quot;post_status&quot;:[&quot;publish&quot;],&quot;use_random_posts_num&quot;:&quot;&quot;,&quot;max_posts_num&quot;:9,&quot;not_found_message&quot;:&quot;Nebyly nalezeny \\u017e\\u00e1dn\\u00e9 produkty&quot;,&quot;is_masonry&quot;:false,&quot;equal_columns_height&quot;:&quot;&quot;,&quot;use_load_more&quot;:&quot;&quot;,&quot;load_more_id&quot;:&quot;&quot;,&quot;load_more_type&quot;:&quot;click&quot;,&quot;load_more_offset&quot;:{&quot;unit&quot;:&quot;px&quot;,&quot;size&quot;:0,&quot;sizes&quot;:[]},&quot;use_custom_post_types&quot;:&quot;&quot;,&quot;custom_post_types&quot;:[],&quot;hide_widget_if&quot;:&quot;&quot;,&quot;carousel_enabled&quot;:&quot;&quot;,&quot;slides_to_scroll&quot;:&quot;1&quot;,&quot;arrows&quot;:&quot;true&quot;,&quot;arrow_icon&quot;:&quot;fa fa-angle-left&quot;,&quot;dots&quot;:&quot;&quot;,&quot;autoplay&quot;:&quot;true&quot;,&quot;pause_on_hover&quot;:&quot;true&quot;,&quot;autoplay_speed&quot;:5000,&quot;infinite&quot;:&quot;true&quot;,&quot;center_mode&quot;:&quot;&quot;,&quot;effect&quot;:&quot;slide&quot;,&quot;speed&quot;:500,&quot;inject_alternative_items&quot;:&quot;&quot;,&quot;injection_items&quot;:[],&quot;scroll_slider_enabled&quot;:&quot;&quot;,&quot;scroll_slider_on&quot;:[&quot;desktop&quot;,&quot;tablet&quot;,&quot;mobile&quot;],&quot;custom_query&quot;:false,&quot;custom_query_id&quot;:&quot;&quot;,&quot;_element_id&quot;:&quot;&quot;,&quot;collapse_first_last_gap&quot;:false,&quot;list_tag_selection&quot;:&quot;&quot;,&quot;list_items_wrapper_tag&quot;:&quot;div&quot;,&quot;list_item_tag&quot;:&quot;div&quot;,&quot;empty_items_wrapper_tag&quot;:&quot;div&quot;}}\" data-listing-source=\"posts\" data-listing-id=\"202\" data-query-id=\"\" data-queried-id=\"5696|WP_Post\">Nebyly nalezeny \u017e\u00e1dn\u00e9 produkty<\/div><\/div>\t\t\t\t<\/div>\n\t\t\t\t<\/div>\n\t\t\t\t<\/div>\n\t\t\t\t<\/div>\n\t\t","protected":false},"excerpt":{"rendered":"<p>D\u0159evozpracuj\u00edc\u00ed pr\u016fmysl &#8211; Tavn\u00e1 lepidla Lepen\u00ed okraj\u016f Tavn\u00e1 lepidla na b\u00e1zi EVA, APAO a PUR se pou\u017e\u00edvaj\u00ed k lepen\u00ed n\u00e1bytkov\u00fdch hran, a\u0165 u\u017e pap\u00edru, d\u00fdhy, ABS nebo PVC. Pokud nem\u00e1me k dispozici vhodn\u00e9 oh\u00fdbac\u00ed za\u0159\u00edzen\u00ed, lze aplikaci \u0159e\u0161it tak\u00e9 pomoc\u00ed kontaktn\u00edch rozpou\u0161t\u011bdlov\u00fdch lepidel. Volba vhodn\u00e9ho lepidla z\u00e1vis\u00ed na pou\u017eitelnosti technologick\u00e9ho za\u0159\u00edzen\u00ed, po\u017eadavc\u00edch na p\u0159epravu a [&hellip;]<\/p>\n","protected":false},"author":3,"featured_media":0,"parent":5661,"menu_order":1,"comment_status":"closed","ping_status":"closed","template":"","meta":{"footnotes":""},"class_list":["post-5696","page","type-page","status-publish","hentry"],"_links":{"self":[{"href":"https:\/\/agglu.sk\/cs\/wp-json\/wp\/v2\/pages\/5696","targetHints":{"allow":["GET"]}}],"collection":[{"href":"https:\/\/agglu.sk\/cs\/wp-json\/wp\/v2\/pages"}],"about":[{"href":"https:\/\/agglu.sk\/cs\/wp-json\/wp\/v2\/types\/page"}],"author":[{"embeddable":true,"href":"https:\/\/agglu.sk\/cs\/wp-json\/wp\/v2\/users\/3"}],"replies":[{"embeddable":true,"href":"https:\/\/agglu.sk\/cs\/wp-json\/wp\/v2\/comments?post=5696"}],"version-history":[{"count":1,"href":"https:\/\/agglu.sk\/cs\/wp-json\/wp\/v2\/pages\/5696\/revisions"}],"predecessor-version":[{"id":5698,"href":"https:\/\/agglu.sk\/cs\/wp-json\/wp\/v2\/pages\/5696\/revisions\/5698"}],"up":[{"embeddable":true,"href":"https:\/\/agglu.sk\/cs\/wp-json\/wp\/v2\/pages\/5661"}],"wp:attachment":[{"href":"https:\/\/agglu.sk\/cs\/wp-json\/wp\/v2\/media?parent=5696"}],"curies":[{"name":"wp","href":"https:\/\/api.w.org\/{rel}","templated":true}]}}