{"id":5610,"date":"2022-07-10T20:24:38","date_gmt":"2022-07-10T18:24:38","guid":{"rendered":"https:\/\/agglu.sk\/tkan\/"},"modified":"2024-06-12T14:16:46","modified_gmt":"2024-06-12T12:16:46","slug":"tkan","status":"publish","type":"page","link":"https:\/\/agglu.sk\/cs\/tkan\/","title":{"rendered":"Tissue"},"content":{"rendered":"\t\t<div data-elementor-type=\"wp-page\" data-elementor-id=\"5610\" class=\"elementor elementor-5610 elementor-1044\" data-elementor-post-type=\"page\">\n\t\t\t\t<div class=\"elementor-element elementor-element-e7034dc e-con-full e-flex e-con e-parent\" data-id=\"e7034dc\" data-element_type=\"container\" data-e-type=\"container\" data-settings=\"{&quot;background_background&quot;:&quot;classic&quot;,&quot;jet_parallax_layout_list&quot;:[]}\">\n\t\t\t\t<div class=\"elementor-element elementor-element-7b410e2 elementor-widget elementor-widget-heading\" data-id=\"7b410e2\" data-element_type=\"widget\" data-e-type=\"widget\" data-widget_type=\"heading.default\">\n\t\t\t\t<div class=\"elementor-widget-container\">\n\t\t\t\t\t<h2 class=\"elementor-heading-title elementor-size-default\">Tissue<\/h2>\t\t\t\t<\/div>\n\t\t\t\t<\/div>\n\t\t\t\t<div class=\"elementor-element elementor-element-819502e elementor-widget__width-initial elementor-widget elementor-widget-text-editor\" data-id=\"819502e\" data-element_type=\"widget\" data-e-type=\"widget\" data-widget_type=\"text-editor.default\">\n\t\t\t\t<div class=\"elementor-widget-container\">\n\t\t\t\t\t\t\t\t\t<div class=\"left-part\">\n<div class=\"left-part-wrapper\">\n<div class=\"left-part\">\n<div class=\"left-part-wrapper\">\n<div class=\"left-part\">\n<div class=\"left-part-wrapper\">\n<div class=\"left-part\">\n<div class=\"left-part-wrapper\">\n<div class=\"left-part\">\n<div class=\"left-part-wrapper\">\n<div class=\"left-part\">\n<div class=\"left-part-wrapper\">\n<p class=\"perex\">P\u0159i v\u00fdrob\u011b toaletn\u00edch pot\u0159eb (toaletn\u00ed pap\u00edr, kuchy\u0148sk\u00e9 ut\u011brky, ubrousky) se v r\u016fzn\u00fdch aplikac\u00edch pou\u017e\u00edvaj\u00ed p\u0159edev\u0161\u00edm disperzn\u00ed lepidla.<\/p>\n<\/div>\n<\/div>\n<\/div>\n<\/div>\n<\/div>\n<\/div>\n<\/div>\n<\/div>\n<\/div>\n<\/div>\n<\/div>\n<\/div>\n\t\t\t\t\t\t\t\t<\/div>\n\t\t\t\t<\/div>\n\t\t\t\t<\/div>\n\t\t<div class=\"elementor-element elementor-element-e88864c e-con-full e-flex e-con e-parent\" data-id=\"e88864c\" data-element_type=\"container\" data-e-type=\"container\" data-settings=\"{&quot;jet_parallax_layout_list&quot;:[]}\">\n\t\t\t\t<div class=\"elementor-element elementor-element-6ffd92a elementor-widget__width-inherit elementor-widget elementor-widget-jet-tabs\" data-id=\"6ffd92a\" data-element_type=\"widget\" data-e-type=\"widget\" data-settings=\"{&quot;tabs_position_mobile&quot;:&quot;top&quot;,&quot;tabs_position&quot;:&quot;top&quot;,&quot;no_active_tabs&quot;:&quot;false&quot;}\" data-widget_type=\"jet-tabs.default\">\n\t\t\t\t<div class=\"elementor-widget-container\">\n\t\t\t\t\t\n\t\t<div class=\"jet-tabs jet-tabs-position-top jet-tabs-move-up-effect \" data-settings=\"{&quot;activeIndex&quot;:0,&quot;event&quot;:&quot;click&quot;,&quot;autoSwitch&quot;:false,&quot;autoSwitchDelay&quot;:3000,&quot;ajaxTemplate&quot;:false,&quot;tabsPosition&quot;:&quot;top&quot;,&quot;switchScrolling&quot;:false,&quot;switchScrollingOffset&quot;:0}\">\n\t\t\t<div class=\"jet-tabs__control-wrapper \" role=\"tablist\">\n                                    <div id=\"jet-tabs-control-1171\" class=\"jet-tabs__control jet-tabs__control-icon-left elementor-menu-anchor active-tab \" data-tab=\"1\" tabindex=\"0\" role=\"tab\" aria-controls=\"jet-tabs-content-1171\" aria-expanded=\"true\" data-template-id=\"2224\"><div class=\"jet-tabs__control-inner\"><div class=\"jet-tabs__label-text\">Disperzn\u00ed lepidla<\/div><\/div><\/div><div id=\"jet-tabs-control-1172\" class=\"jet-tabs__control jet-tabs__control-icon-left elementor-menu-anchor  \" data-tab=\"2\" tabindex=\"0\" role=\"tab\" aria-controls=\"jet-tabs-content-1172\" aria-expanded=\"false\" data-template-id=\"2227\"><div class=\"jet-tabs__control-inner\"><div class=\"jet-tabs__label-text\">Tavn\u00e1 lepidla<\/div><\/div><\/div>\n                    \t\t\t    <\/div>\n\t\t\t<div class=\"jet-tabs__content-wrapper\">\n\t\t\t\t<div id=\"jet-tabs-content-1171\" class=\"jet-tabs__content active-content\" data-tab=\"1\" role=\"tabpanel\" aria-hidden=\"false\" data-template-id=\"2224\">\t\t<div data-elementor-type=\"section\" data-elementor-id=\"5861\" class=\"elementor elementor-5861 elementor-2224\" data-elementor-post-type=\"elementor_library\">\n\t\t\t<div class=\"elementor-element elementor-element-7c70fa92 e-con-full e-flex e-con e-parent\" data-id=\"7c70fa92\" data-element_type=\"container\" data-e-type=\"container\" data-settings=\"{&quot;jet_parallax_layout_list&quot;:[]}\">\n\t\t\t\t<div class=\"elementor-element elementor-element-7ff85db9 elementor-widget elementor-widget-heading\" data-id=\"7ff85db9\" data-element_type=\"widget\" data-e-type=\"widget\" data-widget_type=\"heading.default\">\n\t\t\t\t<div class=\"elementor-widget-container\">\n\t\t\t\t\t<h2 class=\"elementor-heading-title elementor-size-default\">Disperzn\u00ed lepidla<\/h2>\t\t\t\t<\/div>\n\t\t\t\t<\/div>\n\t\t\t\t<div class=\"elementor-element elementor-element-3acdef3b elementor-widget__width-initial elementor-widget elementor-widget-text-editor\" data-id=\"3acdef3b\" data-element_type=\"widget\" data-e-type=\"widget\" data-widget_type=\"text-editor.default\">\n\t\t\t\t<div class=\"elementor-widget-container\">\n\t\t\t\t\t\t\t\t\t<p><span style=\"white-space: pre-wrap;\">V d\u0159eva\u0159sk\u00e9m pr\u016fmyslu se nejpou\u017e\u00edvan\u011bj\u0161\u00ed disperzn\u00ed lepidla PVAC d\u011bl\u00ed podle odolnosti proti vod\u011b do t\u0159\u00edd D1 a\u017e D4. Polyuretanov\u00e9 vodn\u00e9 disperze se pou\u017e\u00edvaj\u00ed p\u0159i obkl\u00e1d\u00e1n\u00ed (3D) n\u00e1bytkov\u00fdch dv\u00ed\u0159ek, p\u0159i\u010dem\u017e lepidlo se reaktivuje teplem. V p\u0159\u00edpad\u011b opl\u00e1\u0161t\u011bn\u00ed d\u0159ev\u011bn\u00fdch profil\u016f za studena se pou\u017e\u00edvaj\u00ed disperze na b\u00e1zi EVA.<\/span><\/p>\n\t\t\t\t\t\t\t\t<\/div>\n\t\t\t\t<\/div>\n\t\t<div class=\"elementor-element elementor-element-3ab5f06b e-flex e-con-boxed e-con e-parent\" data-id=\"3ab5f06b\" data-element_type=\"container\" data-e-type=\"container\" data-settings=\"{&quot;jet_parallax_layout_list&quot;:[]}\">\n\t\t\t\t\t<div class=\"e-con-inner\">\n\t\t\t\t<div class=\"elementor-element elementor-element-198a4440 elementor-widget elementor-widget-jet-listing-grid\" data-id=\"198a4440\" data-element_type=\"widget\" data-e-type=\"widget\" data-settings=\"{&quot;columns&quot;:&quot;4&quot;,&quot;columns_mobile&quot;:&quot;1&quot;}\" data-widget_type=\"jet-listing-grid.default\">\n\t\t\t\t<div class=\"elementor-widget-container\">\n\t\t\t\t\t<div class=\"jet-listing-grid jet-listing\"><div class=\"jet-listing-grid__items grid-col-desk-4 grid-col-tablet-4 grid-col-mobile-1 jet-listing-grid--2045\" data-queried-id=\"5610|WP_Post\" data-nav=\"{&quot;enabled&quot;:false,&quot;type&quot;:null,&quot;more_el&quot;:null,&quot;query&quot;:[],&quot;widget_settings&quot;:{&quot;lisitng_id&quot;:2045,&quot;posts_num&quot;:6,&quot;columns&quot;:4,&quot;columns_tablet&quot;:4,&quot;columns_mobile&quot;:1,&quot;column_min_width&quot;:240,&quot;column_min_width_tablet&quot;:240,&quot;column_min_width_mobile&quot;:240,&quot;inline_columns_css&quot;:false,&quot;is_archive_template&quot;:&quot;&quot;,&quot;post_status&quot;:[&quot;publish&quot;],&quot;use_random_posts_num&quot;:&quot;&quot;,&quot;max_posts_num&quot;:9,&quot;not_found_message&quot;:&quot;Nebyly nalezeny \\u017e\\u00e1dn\\u00e9 \\u00fadaje&quot;,&quot;is_masonry&quot;:false,&quot;equal_columns_height&quot;:&quot;&quot;,&quot;use_load_more&quot;:&quot;&quot;,&quot;load_more_id&quot;:&quot;&quot;,&quot;load_more_type&quot;:&quot;click&quot;,&quot;load_more_offset&quot;:{&quot;unit&quot;:&quot;px&quot;,&quot;size&quot;:0,&quot;sizes&quot;:[]},&quot;use_custom_post_types&quot;:&quot;&quot;,&quot;custom_post_types&quot;:[],&quot;hide_widget_if&quot;:&quot;&quot;,&quot;carousel_enabled&quot;:&quot;&quot;,&quot;slides_to_scroll&quot;:&quot;1&quot;,&quot;arrows&quot;:&quot;true&quot;,&quot;arrow_icon&quot;:&quot;fa fa-angle-left&quot;,&quot;dots&quot;:&quot;&quot;,&quot;autoplay&quot;:&quot;true&quot;,&quot;pause_on_hover&quot;:&quot;true&quot;,&quot;autoplay_speed&quot;:5000,&quot;infinite&quot;:&quot;true&quot;,&quot;center_mode&quot;:&quot;&quot;,&quot;effect&quot;:&quot;slide&quot;,&quot;speed&quot;:500,&quot;inject_alternative_items&quot;:&quot;&quot;,&quot;injection_items&quot;:[],&quot;scroll_slider_enabled&quot;:&quot;&quot;,&quot;scroll_slider_on&quot;:[&quot;desktop&quot;,&quot;tablet&quot;,&quot;mobile&quot;],&quot;custom_query&quot;:false,&quot;custom_query_id&quot;:&quot;&quot;,&quot;_element_id&quot;:&quot;&quot;,&quot;collapse_first_last_gap&quot;:false,&quot;list_tag_selection&quot;:&quot;&quot;,&quot;list_items_wrapper_tag&quot;:&quot;div&quot;,&quot;list_item_tag&quot;:&quot;div&quot;,&quot;empty_items_wrapper_tag&quot;:&quot;div&quot;}}\" data-page=\"1\" data-pages=\"1\" data-listing-source=\"posts\" data-listing-id=\"2045\" data-query-id=\"\"><div class=\"jet-listing-grid__item jet-listing-dynamic-post-7141\" data-post-id=\"7141\"  >\t\t<div data-elementor-type=\"jet-listing-items\" data-elementor-id=\"7309\" class=\"elementor elementor-7309 elementor-2045\" data-elementor-post-type=\"jet-engine\">\n\t\t\t\t<a class=\"elementor-element elementor-element-9dc8209 container-shadow e-flex e-con-boxed e-con e-parent\" data-id=\"9dc8209\" data-element_type=\"container\" data-e-type=\"container\" data-settings=\"{&quot;background_background&quot;:&quot;classic&quot;,&quot;jet_parallax_layout_list&quot;:[]}\" href=\"https:\/\/agglu.sk\/cs\/produktova-kategoria\/tkane-disperzni-lepidla-prepack\/\">\n\t\t\t\t\t<div class=\"e-con-inner\">\n\t\t\t\t<div class=\"elementor-element elementor-element-233014c elementor-widget elementor-widget-jet-listing-dynamic-field\" data-id=\"233014c\" data-element_type=\"widget\" data-e-type=\"widget\" data-widget_type=\"jet-listing-dynamic-field.default\">\n\t\t\t\t<div class=\"elementor-widget-container\">\n\t\t\t\t\t<div class=\"jet-listing jet-listing-dynamic-field display-inline\"><div class=\"jet-listing-dynamic-field__inline-wrap\"><div class=\"jet-listing-dynamic-field__content\">P\u0159ebalen\u00e9 str\u00e1nky<\/div><\/div><\/div>\t\t\t\t<\/div>\n\t\t\t\t<\/div>\n\t\t\t\t\t<\/div>\n\t\t\t\t<\/a>\n\t\t\t\t<\/div>\n\t\t<\/div><div class=\"jet-listing-grid__item jet-listing-dynamic-post-7155\" data-post-id=\"7155\"  >\t\t<div data-elementor-type=\"jet-listing-items\" data-elementor-id=\"7309\" class=\"elementor elementor-7309 elementor-2045\" data-elementor-post-type=\"jet-engine\">\n\t\t\t\t<a class=\"elementor-element elementor-element-9dc8209 container-shadow e-flex e-con-boxed e-con e-parent\" data-id=\"9dc8209\" data-element_type=\"container\" data-e-type=\"container\" data-settings=\"{&quot;background_background&quot;:&quot;classic&quot;,&quot;jet_parallax_layout_list&quot;:[]}\" href=\"https:\/\/agglu.sk\/cs\/produktova-kategoria\/tkane-disperzni-lepidla-last-reel\/\">\n\t\t\t\t\t<div class=\"e-con-inner\">\n\t\t\t\t<div class=\"elementor-element elementor-element-233014c elementor-widget elementor-widget-jet-listing-dynamic-field\" data-id=\"233014c\" data-element_type=\"widget\" data-e-type=\"widget\" data-widget_type=\"jet-listing-dynamic-field.default\">\n\t\t\t\t<div class=\"elementor-widget-container\">\n\t\t\t\t\t<div class=\"jet-listing jet-listing-dynamic-field display-inline\"><div class=\"jet-listing-dynamic-field__inline-wrap\"><div class=\"jet-listing-dynamic-field__content\">Posledn\u00ed nav\u00edjen\u00ed<\/div><\/div><\/div>\t\t\t\t<\/div>\n\t\t\t\t<\/div>\n\t\t\t\t\t<\/div>\n\t\t\t\t<\/a>\n\t\t\t\t<\/div>\n\t\t<\/div><div class=\"jet-listing-grid__item jet-listing-dynamic-post-7131\" data-post-id=\"7131\"  >\t\t<div data-elementor-type=\"jet-listing-items\" data-elementor-id=\"7309\" class=\"elementor elementor-7309 elementor-2045\" data-elementor-post-type=\"jet-engine\">\n\t\t\t\t<a class=\"elementor-element elementor-element-9dc8209 container-shadow e-flex e-con-boxed e-con e-parent\" data-id=\"9dc8209\" data-element_type=\"container\" data-e-type=\"container\" data-settings=\"{&quot;background_background&quot;:&quot;classic&quot;,&quot;jet_parallax_layout_list&quot;:[]}\" href=\"https:\/\/agglu.sk\/cs\/produktova-kategoria\/tkane-disperzni-lepidla-laminovani\/\">\n\t\t\t\t\t<div class=\"e-con-inner\">\n\t\t\t\t<div class=\"elementor-element elementor-element-233014c elementor-widget elementor-widget-jet-listing-dynamic-field\" data-id=\"233014c\" data-element_type=\"widget\" data-e-type=\"widget\" data-widget_type=\"jet-listing-dynamic-field.default\">\n\t\t\t\t<div class=\"elementor-widget-container\">\n\t\t\t\t\t<div class=\"jet-listing jet-listing-dynamic-field display-inline\"><div class=\"jet-listing-dynamic-field__inline-wrap\"><div class=\"jet-listing-dynamic-field__content\">Laminov\u00e1n\u00ed<\/div><\/div><\/div>\t\t\t\t<\/div>\n\t\t\t\t<\/div>\n\t\t\t\t\t<\/div>\n\t\t\t\t<\/a>\n\t\t\t\t<\/div>\n\t\t<\/div><div class=\"jet-listing-grid__item jet-listing-dynamic-post-7147\" data-post-id=\"7147\"  >\t\t<div data-elementor-type=\"jet-listing-items\" data-elementor-id=\"7309\" class=\"elementor elementor-7309 elementor-2045\" data-elementor-post-type=\"jet-engine\">\n\t\t\t\t<a class=\"elementor-element elementor-element-9dc8209 container-shadow e-flex e-con-boxed e-con e-parent\" data-id=\"9dc8209\" data-element_type=\"container\" data-e-type=\"container\" data-settings=\"{&quot;background_background&quot;:&quot;classic&quot;,&quot;jet_parallax_layout_list&quot;:[]}\" href=\"https:\/\/agglu.sk\/cs\/produktova-kategoria\/tkaniny-disperzni-lepidla-prvni-role\/\">\n\t\t\t\t\t<div class=\"e-con-inner\">\n\t\t\t\t<div class=\"elementor-element elementor-element-233014c elementor-widget elementor-widget-jet-listing-dynamic-field\" data-id=\"233014c\" data-element_type=\"widget\" data-e-type=\"widget\" data-widget_type=\"jet-listing-dynamic-field.default\">\n\t\t\t\t<div class=\"elementor-widget-container\">\n\t\t\t\t\t<div class=\"jet-listing jet-listing-dynamic-field display-inline\"><div class=\"jet-listing-dynamic-field__inline-wrap\"><div class=\"jet-listing-dynamic-field__content\">Prvn\u00ed nav\u00edjen\u00ed<\/div><\/div><\/div>\t\t\t\t<\/div>\n\t\t\t\t<\/div>\n\t\t\t\t\t<\/div>\n\t\t\t\t<\/a>\n\t\t\t\t<\/div>\n\t\t<\/div><div class=\"jet-listing-grid__item jet-listing-dynamic-post-7179\" data-post-id=\"7179\"  >\t\t<div data-elementor-type=\"jet-listing-items\" data-elementor-id=\"7309\" class=\"elementor elementor-7309 elementor-2045\" data-elementor-post-type=\"jet-engine\">\n\t\t\t\t<a class=\"elementor-element elementor-element-9dc8209 container-shadow e-flex e-con-boxed e-con e-parent\" data-id=\"9dc8209\" data-element_type=\"container\" data-e-type=\"container\" data-settings=\"{&quot;background_background&quot;:&quot;classic&quot;,&quot;jet_parallax_layout_list&quot;:[]}\" href=\"https:\/\/agglu.sk\/cs\/produktova-kategoria\/tkane-disperzni-lepidla-vyroba-dutin\/\">\n\t\t\t\t\t<div class=\"e-con-inner\">\n\t\t\t\t<div class=\"elementor-element elementor-element-233014c elementor-widget elementor-widget-jet-listing-dynamic-field\" data-id=\"233014c\" data-element_type=\"widget\" data-e-type=\"widget\" data-widget_type=\"jet-listing-dynamic-field.default\">\n\t\t\t\t<div class=\"elementor-widget-container\">\n\t\t\t\t\t<div class=\"jet-listing jet-listing-dynamic-field display-inline\"><div class=\"jet-listing-dynamic-field__inline-wrap\"><div class=\"jet-listing-dynamic-field__content\">V\u00fdroba dutin<\/div><\/div><\/div>\t\t\t\t<\/div>\n\t\t\t\t<\/div>\n\t\t\t\t\t<\/div>\n\t\t\t\t<\/a>\n\t\t\t\t<\/div>\n\t\t<\/div><\/div><\/div>\t\t\t\t<\/div>\n\t\t\t\t<\/div>\n\t\t\t\t\t<\/div>\n\t\t\t\t<\/div>\n\t\t\t\t<\/div>\n\t\t\t\t<\/div>\n\t\t<\/div><div id=\"jet-tabs-content-1172\" class=\"jet-tabs__content \" data-tab=\"2\" role=\"tabpanel\" aria-hidden=\"true\" data-template-id=\"2227\">\t\t<div data-elementor-type=\"section\" data-elementor-id=\"5905\" class=\"elementor elementor-5905 elementor-2227\" data-elementor-post-type=\"elementor_library\">\n\t\t\t<div class=\"elementor-element elementor-element-b06667 e-con-full e-flex e-con e-parent\" data-id=\"b06667\" data-element_type=\"container\" data-e-type=\"container\" data-settings=\"{&quot;jet_parallax_layout_list&quot;:[]}\">\n\t\t\t\t<div class=\"elementor-element elementor-element-61fb0c99 elementor-widget elementor-widget-heading\" data-id=\"61fb0c99\" data-element_type=\"widget\" data-e-type=\"widget\" data-widget_type=\"heading.default\">\n\t\t\t\t<div class=\"elementor-widget-container\">\n\t\t\t\t\t<h2 class=\"elementor-heading-title elementor-size-default\">Tavn\u00e1 lepidla<\/h2>\t\t\t\t<\/div>\n\t\t\t\t<\/div>\n\t\t\t\t<div class=\"elementor-element elementor-element-6c9f2b6b elementor-widget__width-initial elementor-widget elementor-widget-text-editor\" data-id=\"6c9f2b6b\" data-element_type=\"widget\" data-e-type=\"widget\" data-widget_type=\"text-editor.default\">\n\t\t\t\t<div class=\"elementor-widget-container\">\n\t\t\t\t\t\t\t\t\t<div class=\"elementor-element elementor-element-167e0d8c elementor-widget__width-initial elementor-widget elementor-widget-text-editor\" data-id=\"167e0d8c\" data-element_type=\"widget\" data-widget_type=\"text-editor.default\">\n<div class=\"elementor-widget-container\">\n<p>Tavn\u00e1 lepidla se pou\u017e\u00edvaj\u00ed k lemov\u00e1n\u00ed d\u0159ev\u011bn\u00fdch materi\u00e1l\u016f pap\u00edrovou, d\u00fdhovou nebo ABS hranou. Aplikace se prov\u00e1d\u00ed na mechanick\u00fdch lemovac\u00edch stroj\u00edch, kter\u00e9 maj\u00ed mo\u017enost roztavit lepidlo na teplotu aplikace. K opl\u00e1\u0161t\u011bn\u00ed profil\u016f se pou\u017e\u00edvaj\u00ed tavn\u00e1 lepidla na b\u00e1zi EVA, APAO a PUR. Volba vhodn\u00e9ho lepidla z\u00e1vis\u00ed na materi\u00e1lu podkladu pou\u017eit\u00e9ho pro obklad a na po\u017eadavc\u00edch na odolnost v\u00fdrobku v\u016f\u010di vod\u011b a teplu.<\/p>\n<\/div>\n<\/div>\n\t\t\t\t\t\t\t\t<\/div>\n\t\t\t\t<\/div>\n\t\t<div class=\"elementor-element elementor-element-502c495c e-flex e-con-boxed e-con e-parent\" data-id=\"502c495c\" data-element_type=\"container\" data-e-type=\"container\" data-settings=\"{&quot;jet_parallax_layout_list&quot;:[]}\">\n\t\t\t\t\t<div class=\"e-con-inner\">\n\t\t\t\t<div class=\"elementor-element elementor-element-e5ab09b elementor-widget elementor-widget-jet-listing-grid\" data-id=\"e5ab09b\" data-element_type=\"widget\" data-e-type=\"widget\" data-settings=\"{&quot;columns&quot;:&quot;4&quot;,&quot;columns_mobile&quot;:&quot;1&quot;}\" data-widget_type=\"jet-listing-grid.default\">\n\t\t\t\t<div class=\"elementor-widget-container\">\n\t\t\t\t\t<div class=\"jet-listing-grid jet-listing\"><div class=\"jet-listing-grid__items grid-col-desk-4 grid-col-tablet-4 grid-col-mobile-1 jet-listing-grid--2045\" data-queried-id=\"5610|WP_Post\" data-nav=\"{&quot;enabled&quot;:false,&quot;type&quot;:null,&quot;more_el&quot;:null,&quot;query&quot;:[],&quot;widget_settings&quot;:{&quot;lisitng_id&quot;:2045,&quot;posts_num&quot;:6,&quot;columns&quot;:4,&quot;columns_tablet&quot;:4,&quot;columns_mobile&quot;:1,&quot;column_min_width&quot;:240,&quot;column_min_width_tablet&quot;:240,&quot;column_min_width_mobile&quot;:240,&quot;inline_columns_css&quot;:false,&quot;is_archive_template&quot;:&quot;&quot;,&quot;post_status&quot;:[&quot;publish&quot;],&quot;use_random_posts_num&quot;:&quot;&quot;,&quot;max_posts_num&quot;:9,&quot;not_found_message&quot;:&quot;Nebyly nalezeny \\u017e\\u00e1dn\\u00e9 \\u00fadaje&quot;,&quot;is_masonry&quot;:false,&quot;equal_columns_height&quot;:&quot;&quot;,&quot;use_load_more&quot;:&quot;&quot;,&quot;load_more_id&quot;:&quot;&quot;,&quot;load_more_type&quot;:&quot;click&quot;,&quot;load_more_offset&quot;:{&quot;unit&quot;:&quot;px&quot;,&quot;size&quot;:0,&quot;sizes&quot;:[]},&quot;use_custom_post_types&quot;:&quot;&quot;,&quot;custom_post_types&quot;:[],&quot;hide_widget_if&quot;:&quot;&quot;,&quot;carousel_enabled&quot;:&quot;&quot;,&quot;slides_to_scroll&quot;:&quot;1&quot;,&quot;arrows&quot;:&quot;true&quot;,&quot;arrow_icon&quot;:&quot;fa fa-angle-left&quot;,&quot;dots&quot;:&quot;&quot;,&quot;autoplay&quot;:&quot;true&quot;,&quot;pause_on_hover&quot;:&quot;true&quot;,&quot;autoplay_speed&quot;:5000,&quot;infinite&quot;:&quot;true&quot;,&quot;center_mode&quot;:&quot;&quot;,&quot;effect&quot;:&quot;slide&quot;,&quot;speed&quot;:500,&quot;inject_alternative_items&quot;:&quot;&quot;,&quot;injection_items&quot;:[],&quot;scroll_slider_enabled&quot;:&quot;&quot;,&quot;scroll_slider_on&quot;:[&quot;desktop&quot;,&quot;tablet&quot;,&quot;mobile&quot;],&quot;custom_query&quot;:false,&quot;custom_query_id&quot;:&quot;&quot;,&quot;_element_id&quot;:&quot;&quot;,&quot;collapse_first_last_gap&quot;:false,&quot;list_tag_selection&quot;:&quot;&quot;,&quot;list_items_wrapper_tag&quot;:&quot;div&quot;,&quot;list_item_tag&quot;:&quot;div&quot;,&quot;empty_items_wrapper_tag&quot;:&quot;div&quot;}}\" data-page=\"1\" data-pages=\"1\" data-listing-source=\"posts\" data-listing-id=\"2045\" data-query-id=\"\"><div class=\"jet-listing-grid__item jet-listing-dynamic-post-7142\" data-post-id=\"7142\"  >\t\t<div data-elementor-type=\"jet-listing-items\" data-elementor-id=\"7309\" class=\"elementor elementor-7309 elementor-2045\" data-elementor-post-type=\"jet-engine\">\n\t\t\t\t<a class=\"elementor-element elementor-element-9dc8209 container-shadow e-flex e-con-boxed e-con e-parent\" data-id=\"9dc8209\" data-element_type=\"container\" data-e-type=\"container\" data-settings=\"{&quot;background_background&quot;:&quot;classic&quot;,&quot;jet_parallax_layout_list&quot;:[]}\" href=\"https:\/\/agglu.sk\/cs\/produktova-kategoria\/tkaniny-tavna-lepidla-lepeni-sestav\/\">\n\t\t\t\t\t<div class=\"e-con-inner\">\n\t\t\t\t<div class=\"elementor-element elementor-element-233014c elementor-widget elementor-widget-jet-listing-dynamic-field\" data-id=\"233014c\" data-element_type=\"widget\" data-e-type=\"widget\" data-widget_type=\"jet-listing-dynamic-field.default\">\n\t\t\t\t<div class=\"elementor-widget-container\">\n\t\t\t\t\t<div class=\"jet-listing jet-listing-dynamic-field display-inline\"><div class=\"jet-listing-dynamic-field__inline-wrap\"><div class=\"jet-listing-dynamic-field__content\">Mont\u00e1\u017en\u00ed lepen\u00ed<\/div><\/div><\/div>\t\t\t\t<\/div>\n\t\t\t\t<\/div>\n\t\t\t\t\t<\/div>\n\t\t\t\t<\/a>\n\t\t\t\t<\/div>\n\t\t<\/div><div class=\"jet-listing-grid__item jet-listing-dynamic-post-7122\" data-post-id=\"7122\"  >\t\t<div data-elementor-type=\"jet-listing-items\" data-elementor-id=\"7309\" class=\"elementor elementor-7309 elementor-2045\" data-elementor-post-type=\"jet-engine\">\n\t\t\t\t<a class=\"elementor-element elementor-element-9dc8209 container-shadow e-flex e-con-boxed e-con e-parent\" data-id=\"9dc8209\" data-element_type=\"container\" data-e-type=\"container\" data-settings=\"{&quot;background_background&quot;:&quot;classic&quot;,&quot;jet_parallax_layout_list&quot;:[]}\" href=\"https:\/\/agglu.sk\/cs\/produktova-kategoria\/tkaniny-tavna-lepidla-prepack\/\">\n\t\t\t\t\t<div class=\"e-con-inner\">\n\t\t\t\t<div class=\"elementor-element elementor-element-233014c elementor-widget elementor-widget-jet-listing-dynamic-field\" data-id=\"233014c\" data-element_type=\"widget\" data-e-type=\"widget\" data-widget_type=\"jet-listing-dynamic-field.default\">\n\t\t\t\t<div class=\"elementor-widget-container\">\n\t\t\t\t\t<div class=\"jet-listing jet-listing-dynamic-field display-inline\"><div class=\"jet-listing-dynamic-field__inline-wrap\"><div class=\"jet-listing-dynamic-field__content\">P\u0159ebalen\u00e9 str\u00e1nky<\/div><\/div><\/div>\t\t\t\t<\/div>\n\t\t\t\t<\/div>\n\t\t\t\t\t<\/div>\n\t\t\t\t<\/a>\n\t\t\t\t<\/div>\n\t\t<\/div><\/div><\/div>\t\t\t\t<\/div>\n\t\t\t\t<\/div>\n\t\t\t\t\t<\/div>\n\t\t\t\t<\/div>\n\t\t\t\t<\/div>\n\t\t\t\t<\/div>\n\t\t<\/div>\t\t\t<\/div>\n\t\t\t\t\t<\/div>\n\t\t\t\t\t\t<\/div>\n\t\t\t\t<\/div>\n\t\t\t\t<\/div>\n\t\t\t\t<\/div>\n\t\t","protected":false},"excerpt":{"rendered":"<p>Tissue P\u0159i v\u00fdrob\u011b toaletn\u00edch pot\u0159eb (toaletn\u00ed pap\u00edr, kuchy\u0148sk\u00e9 ut\u011brky, ubrousky) se v r\u016fzn\u00fdch aplikac\u00edch pou\u017e\u00edvaj\u00ed p\u0159edev\u0161\u00edm disperzn\u00ed lepidla. Disperzn\u00ed lepidlaTavn\u00e1 lepidla Disperzn\u00e9 lepidl\u00e1 V drev\u00e1rskom priemysle sa vyu\u017e\u00edvaj\u00fa najme PVAC disperzn\u00e9 lepidla, rozdelen\u00e9 pod\u013ea odolnosti vo\u010di vode na triedy D1 a\u017e D4. Pri opl\u00e1\u0161\u0165ovan\u00ed (3D) n\u00e1bytkov\u00fdch dvierok, s reaktiv\u00e1ciou lepidla teplom sa pou\u017e\u00edvaj\u00fa Polyuret\u00e1nov\u00e9 vodn\u00e9 [&hellip;]<\/p>\n","protected":false},"author":3,"featured_media":0,"parent":0,"menu_order":0,"comment_status":"closed","ping_status":"closed","template":"","meta":{"footnotes":""},"class_list":["post-5610","page","type-page","status-publish","hentry"],"_links":{"self":[{"href":"https:\/\/agglu.sk\/cs\/wp-json\/wp\/v2\/pages\/5610","targetHints":{"allow":["GET"]}}],"collection":[{"href":"https:\/\/agglu.sk\/cs\/wp-json\/wp\/v2\/pages"}],"about":[{"href":"https:\/\/agglu.sk\/cs\/wp-json\/wp\/v2\/types\/page"}],"author":[{"embeddable":true,"href":"https:\/\/agglu.sk\/cs\/wp-json\/wp\/v2\/users\/3"}],"replies":[{"embeddable":true,"href":"https:\/\/agglu.sk\/cs\/wp-json\/wp\/v2\/comments?post=5610"}],"version-history":[{"count":5,"href":"https:\/\/agglu.sk\/cs\/wp-json\/wp\/v2\/pages\/5610\/revisions"}],"predecessor-version":[{"id":8035,"href":"https:\/\/agglu.sk\/cs\/wp-json\/wp\/v2\/pages\/5610\/revisions\/8035"}],"wp:attachment":[{"href":"https:\/\/agglu.sk\/cs\/wp-json\/wp\/v2\/media?parent=5610"}],"curies":[{"name":"wp","href":"https:\/\/api.w.org\/{rel}","templated":true}]}}