{"id":5404,"date":"2022-10-18T19:46:30","date_gmt":"2022-10-18T17:46:30","guid":{"rendered":"https:\/\/agglu.sk\/pekne-systemy-stitky\/"},"modified":"2024-06-18T16:28:51","modified_gmt":"2024-06-18T14:28:51","slug":"pekne-systemy-stitky","status":"publish","type":"page","link":"https:\/\/agglu.sk\/cs\/pekne-systemy-stitky\/","title":{"rendered":"P\u011bkn\u00e9. Syst\u00e9my &#8211; \u0161t\u00edtky"},"content":{"rendered":"\t\t<div data-elementor-type=\"wp-page\" data-elementor-id=\"5404\" class=\"elementor elementor-5404 elementor-2409\" data-elementor-post-type=\"page\">\n\t\t\t\t<div class=\"elementor-element elementor-element-e7034dc e-con-full e-flex e-con e-parent\" data-id=\"e7034dc\" data-element_type=\"container\" data-e-type=\"container\" data-settings=\"{&quot;background_background&quot;:&quot;classic&quot;,&quot;jet_parallax_layout_list&quot;:[]}\">\n\t\t\t\t<div class=\"elementor-element elementor-element-7b410e2 elementor-widget elementor-widget-heading\" data-id=\"7b410e2\" data-element_type=\"widget\" data-e-type=\"widget\" data-widget_type=\"heading.default\">\n\t\t\t\t<div class=\"elementor-widget-container\">\n\t\t\t\t\t<h2 class=\"elementor-heading-title elementor-size-default\">\u0160t\u00edtky<\/h2>\t\t\t\t<\/div>\n\t\t\t\t<\/div>\n\t\t\t\t<\/div>\n\t\t<div class=\"elementor-element elementor-element-560d1d4 e-con-full elementor-hidden-desktop elementor-hidden-tablet elementor-hidden-mobile e-flex e-con e-parent\" data-id=\"560d1d4\" data-element_type=\"container\" data-e-type=\"container\" data-settings=\"{&quot;jet_parallax_layout_list&quot;:[]}\">\n\t\t\t\t<div class=\"elementor-element elementor-element-2c0f088 elementor-widget elementor-widget-heading\" data-id=\"2c0f088\" data-element_type=\"widget\" data-e-type=\"widget\" data-widget_type=\"heading.default\">\n\t\t\t\t<div class=\"elementor-widget-container\">\n\t\t\t\t\t<h2 class=\"elementor-heading-title elementor-size-default\">Zna\u010dky, se kter\u00fdmi spolupracujeme<\/h2>\t\t\t\t<\/div>\n\t\t\t\t<\/div>\n\t\t\t\t<div class=\"elementor-element elementor-element-6d35e62 elementor-widget__width-initial elementor-widget elementor-widget-jet-brands\" data-id=\"6d35e62\" data-element_type=\"widget\" data-e-type=\"widget\" data-widget_type=\"jet-brands.default\">\n\t\t\t\t<div class=\"elementor-widget-container\">\n\t\t\t\t\t<div class=\"elementor-jet-brands jet-elements\"><div class=\"brands-wrap\">\n\t<div class=\"brands-list col-row\"><div class=\"brands-list__item\"><div class=\"brands-list__item-img-wrap\"><img decoding=\"async\" src=\"https:\/\/agglu.sk\/wp-content\/uploads\/2022\/08\/Logo-PREO-2018-Ok.png\" alt=\"Logo-PREO-2018-Ok\" class=\"brands-list__item-img\" loading=\"lazy\"><\/div><\/div>\n<\/div><\/div><\/div>\t\t\t\t<\/div>\n\t\t\t\t<\/div>\n\t\t\t\t<\/div>\n\t\t<div class=\"elementor-element elementor-element-a7db4f4 e-flex e-con-boxed e-con e-parent\" data-id=\"a7db4f4\" data-element_type=\"container\" data-e-type=\"container\" data-settings=\"{&quot;jet_parallax_layout_list&quot;:[]}\">\n\t\t\t\t\t<div class=\"e-con-inner\">\n\t\t\t\t<div class=\"elementor-element elementor-element-e74958d elementor-widget elementor-widget-heading\" data-id=\"e74958d\" data-element_type=\"widget\" data-e-type=\"widget\" data-widget_type=\"heading.default\">\n\t\t\t\t<div class=\"elementor-widget-container\">\n\t\t\t\t\t<h2 class=\"elementor-heading-title elementor-size-default\">Lepic\u00ed syst\u00e9my<\/h2>\t\t\t\t<\/div>\n\t\t\t\t<\/div>\n\t\t\t\t<div class=\"elementor-element elementor-element-cc79151 elementor-widget__width-initial elementor-widget elementor-widget-text-editor\" data-id=\"cc79151\" data-element_type=\"widget\" data-e-type=\"widget\" data-widget_type=\"text-editor.default\">\n\t\t\t\t<div class=\"elementor-widget-container\">\n\t\t\t\t\t\t\t\t\t<p class=\"p1\">P\u0159in\u00e1\u0161\u00edme modern\u00ed a spolehliv\u00e9 aplika\u010dn\u00ed technologie do mnoha pr\u016fmyslov\u00fdch odv\u011btv\u00ed.<\/p>\n\t\t\t\t\t\t\t\t<\/div>\n\t\t\t\t<\/div>\n\t\t<div class=\"elementor-element elementor-element-9b1b856 e-con-full e-flex e-con e-child\" data-id=\"9b1b856\" data-element_type=\"container\" data-e-type=\"container\" data-settings=\"{&quot;jet_parallax_layout_list&quot;:[]}\">\n\t\t<a class=\"elementor-element elementor-element-76f3982 e-flex e-con-boxed e-con e-child\" data-id=\"76f3982\" data-element_type=\"container\" data-e-type=\"container\" data-settings=\"{&quot;jet_parallax_layout_list&quot;:[]}\" href=\"#elementor-action%3Aaction%3Dpopup%3Aopen%26settings%3DeyJpZCI6NTgyMywidG9nZ2xlIjpmYWxzZX0%3D\">\n\t\t\t\t\t<div class=\"e-con-inner\">\n\t\t\t\t<div class=\"elementor-element elementor-element-1792786 elementor-widget elementor-widget-image\" data-id=\"1792786\" data-element_type=\"widget\" data-e-type=\"widget\" data-widget_type=\"image.default\">\n\t\t\t\t<div class=\"elementor-widget-container\">\n\t\t\t\t\t\t\t\t\t\t\t\t\t\t\t<img fetchpriority=\"high\" decoding=\"async\" width=\"800\" height=\"600\" src=\"https:\/\/agglu.sk\/wp-content\/uploads\/2023\/01\/hotmaster_thumb.jpg\" class=\"attachment-large size-large wp-image-5258\" alt=\"\" srcset=\"https:\/\/agglu.sk\/wp-content\/uploads\/2023\/01\/hotmaster_thumb.jpg 800w, https:\/\/agglu.sk\/wp-content\/uploads\/2023\/01\/hotmaster_thumb-300x225.jpg 300w, https:\/\/agglu.sk\/wp-content\/uploads\/2023\/01\/hotmaster_thumb-768x576.jpg 768w\" sizes=\"(max-width: 800px) 100vw, 800px\" \/>\t\t\t\t\t\t\t\t\t\t\t\t\t\t\t<\/div>\n\t\t\t\t<\/div>\n\t\t<div class=\"elementor-element elementor-element-1d6b72f lep-sys-block e-flex e-con-boxed e-con e-child\" data-id=\"1d6b72f\" data-element_type=\"container\" data-e-type=\"container\" data-settings=\"{&quot;background_background&quot;:&quot;classic&quot;,&quot;jet_parallax_layout_list&quot;:[]}\">\n\t\t\t\t\t<div class=\"e-con-inner\">\n\t\t\t\t<div class=\"elementor-element elementor-element-303ea67 elementor-widget elementor-widget-heading\" data-id=\"303ea67\" data-element_type=\"widget\" data-e-type=\"widget\" data-widget_type=\"heading.default\">\n\t\t\t\t<div class=\"elementor-widget-container\">\n\t\t\t\t\t<h2 class=\"elementor-heading-title elementor-size-default\">Mal\u00e9 v\u00e1lcov\u00e9 aplik\u00e1tory<\/h2>\t\t\t\t<\/div>\n\t\t\t\t<\/div>\n\t\t\t\t<div class=\"elementor-element elementor-element-fb3dd7a elementor-widget elementor-widget-text-editor\" data-id=\"fb3dd7a\" data-element_type=\"widget\" data-e-type=\"widget\" data-widget_type=\"text-editor.default\">\n\t\t\t\t<div class=\"elementor-widget-container\">\n\t\t\t\t\t\t\t\t\t<p>N\u011bkter\u00e9 aplikace vy\u017eaduj\u00ed pouze mal\u00fd v\u00e1lcov\u00fd aplik\u00e1tor. Pokud pot\u0159ebujete lepidlo nan\u00e1\u0161et rovnom\u011brn\u011b na povrch a m\u00edt aplikaci pod kontrolou, ur\u010dit\u011b si v t\u00e9to sekci vyberete. Tyto aplik\u00e1tory jsou vhodn\u00e9 pro ru\u010dn\u00ed zpracov\u00e1n\u00ed, kde mohou u\u0161et\u0159it spoustu \u010dasu a lepidla.<\/p>\n\t\t\t\t\t\t\t\t<\/div>\n\t\t\t\t<\/div>\n\t\t\t\t\t<\/div>\n\t\t\t\t<\/div>\n\t\t\t\t\t<\/div>\n\t\t\t\t<\/a>\n\t\t<a class=\"elementor-element elementor-element-4b260b0 e-flex e-con-boxed e-con e-child\" data-id=\"4b260b0\" data-element_type=\"container\" data-e-type=\"container\" data-settings=\"{&quot;jet_parallax_layout_list&quot;:[]}\" href=\"#elementor-action%3Aaction%3Dpopup%3Aopen%26settings%3DeyJpZCI6NTgyMywidG9nZ2xlIjpmYWxzZX0%3D\">\n\t\t\t\t\t<div class=\"e-con-inner\">\n\t\t\t\t<div class=\"elementor-element elementor-element-5b1463d elementor-widget elementor-widget-image\" data-id=\"5b1463d\" data-element_type=\"widget\" data-e-type=\"widget\" data-widget_type=\"image.default\">\n\t\t\t\t<div class=\"elementor-widget-container\">\n\t\t\t\t\t\t\t\t\t\t\t\t\t\t\t<img decoding=\"async\" width=\"250\" height=\"220\" src=\"https:\/\/agglu.sk\/wp-content\/uploads\/2023\/01\/vyr_142tavna-pistole-polygun-LT.jpg\" class=\"attachment-large size-large wp-image-5252\" alt=\"\" \/>\t\t\t\t\t\t\t\t\t\t\t\t\t\t\t<\/div>\n\t\t\t\t<\/div>\n\t\t<div class=\"elementor-element elementor-element-747c62c lep-sys-block e-flex e-con-boxed e-con e-child\" data-id=\"747c62c\" data-element_type=\"container\" data-e-type=\"container\" data-settings=\"{&quot;background_background&quot;:&quot;classic&quot;,&quot;jet_parallax_layout_list&quot;:[]}\">\n\t\t\t\t\t<div class=\"e-con-inner\">\n\t\t\t\t<div class=\"elementor-element elementor-element-1082527 elementor-widget elementor-widget-heading\" data-id=\"1082527\" data-element_type=\"widget\" data-e-type=\"widget\" data-widget_type=\"heading.default\">\n\t\t\t\t<div class=\"elementor-widget-container\">\n\t\t\t\t\t<h2 class=\"elementor-heading-title elementor-size-default\">Tavn\u00e9 pistole<\/h2>\t\t\t\t<\/div>\n\t\t\t\t<\/div>\n\t\t\t\t<div class=\"elementor-element elementor-element-c4a7fd4 elementor-widget elementor-widget-text-editor\" data-id=\"c4a7fd4\" data-element_type=\"widget\" data-e-type=\"widget\" data-widget_type=\"text-editor.default\">\n\t\t\t\t<div class=\"elementor-widget-container\">\n\t\t\t\t\t\t\t\t\t<p>\u00dasporn\u00e9, jednoduch\u00e9 a rychl\u00e9 \u0159e\u0161en\u00ed pro aplikaci tavn\u00e9ho lepidla. Nab\u00eddka tavn\u00fdch pistol\u00ed je p\u0159ekvapiv\u011b \u0161irok\u00e1, stejn\u011b jako mo\u017enosti pou\u017eit\u00ed. Na v\u00fdb\u011br je n\u011bkolik typ\u016f aplikace, a\u0165 u\u017e linkou nebo st\u0159\u00edk\u00e1n\u00edm, a tak\u00e9 v\u00fdb\u011br vstupn\u00edho lepidla: ty\u010dinka, granul\u00e1t nebo kartu\u0161e. N\u00e1\u0161 t\u00fdm v\u00e1m pom\u016f\u017ee vybrat tu spr\u00e1vnou zbra\u0148.<\/p>\n\t\t\t\t\t\t\t\t<\/div>\n\t\t\t\t<\/div>\n\t\t\t\t\t<\/div>\n\t\t\t\t<\/div>\n\t\t\t\t\t<\/div>\n\t\t\t\t<\/a>\n\t\t<a class=\"elementor-element elementor-element-df5a033 e-flex e-con-boxed e-con e-child\" data-id=\"df5a033\" data-element_type=\"container\" data-e-type=\"container\" data-settings=\"{&quot;jet_parallax_layout_list&quot;:[]}\" href=\"#elementor-action%3Aaction%3Dpopup%3Aopen%26settings%3DeyJpZCI6NTgyMywidG9nZ2xlIjpmYWxzZX0%3D\">\n\t\t\t\t\t<div class=\"e-con-inner\">\n\t\t\t\t<div class=\"elementor-element elementor-element-0e2674d elementor-widget elementor-widget-image\" data-id=\"0e2674d\" data-element_type=\"widget\" data-e-type=\"widget\" data-widget_type=\"image.default\">\n\t\t\t\t<div class=\"elementor-widget-container\">\n\t\t\t\t\t\t\t\t\t\t\t\t\t\t\t<img decoding=\"async\" width=\"285\" height=\"285\" src=\"https:\/\/agglu.sk\/wp-content\/uploads\/2023\/01\/14942278fe6f79a3dd2b9828373ce34d0d6ad793a44b9be3e3e115c0fc6ffc00_0_min.jpg\" class=\"attachment-large size-large wp-image-5256\" alt=\"\" srcset=\"https:\/\/agglu.sk\/wp-content\/uploads\/2023\/01\/14942278fe6f79a3dd2b9828373ce34d0d6ad793a44b9be3e3e115c0fc6ffc00_0_min.jpg 285w, https:\/\/agglu.sk\/wp-content\/uploads\/2023\/01\/14942278fe6f79a3dd2b9828373ce34d0d6ad793a44b9be3e3e115c0fc6ffc00_0_min-150x150.jpg 150w\" sizes=\"(max-width: 285px) 100vw, 285px\" \/>\t\t\t\t\t\t\t\t\t\t\t\t\t\t\t<\/div>\n\t\t\t\t<\/div>\n\t\t<div class=\"elementor-element elementor-element-0471cda lep-sys-block e-flex e-con-boxed e-con e-child\" data-id=\"0471cda\" data-element_type=\"container\" data-e-type=\"container\" data-settings=\"{&quot;background_background&quot;:&quot;classic&quot;,&quot;jet_parallax_layout_list&quot;:[]}\">\n\t\t\t\t\t<div class=\"e-con-inner\">\n\t\t\t\t<div class=\"elementor-element elementor-element-563804b elementor-widget elementor-widget-heading\" data-id=\"563804b\" data-element_type=\"widget\" data-e-type=\"widget\" data-widget_type=\"heading.default\">\n\t\t\t\t<div class=\"elementor-widget-container\">\n\t\t\t\t\t<h2 class=\"elementor-heading-title elementor-size-default\">N\u00e1hradn\u00ed d\u00edly \/ servis<\/h2>\t\t\t\t<\/div>\n\t\t\t\t<\/div>\n\t\t\t\t<div class=\"elementor-element elementor-element-7725424 elementor-widget elementor-widget-text-editor\" data-id=\"7725424\" data-element_type=\"widget\" data-e-type=\"widget\" data-widget_type=\"text-editor.default\">\n\t\t\t\t<div class=\"elementor-widget-container\">\n\t\t\t\t\t\t\t\t\t<p>Pro ka\u017ed\u00e9 z prod\u00e1van\u00fdch za\u0159\u00edzen\u00ed zaji\u0161\u0165ujeme tak\u00e9 servis a dod\u00e1v\u00e1me n\u00e1hradn\u00ed d\u00edly. Ty m\u016f\u017eeme ve velk\u00e9 m\u00ed\u0159e poskytovat i pro za\u0159\u00edzen\u00ed zna\u010dek mimo na\u0161e portfolio.<\/p>\n\t\t\t\t\t\t\t\t<\/div>\n\t\t\t\t<\/div>\n\t\t\t\t\t<\/div>\n\t\t\t\t<\/div>\n\t\t\t\t\t<\/div>\n\t\t\t\t<\/a>\n\t\t\t\t<\/div>\n\t\t\t\t\t<\/div>\n\t\t\t\t<\/div>\n\t\t<div class=\"elementor-element elementor-element-42e5063 e-flex e-con-boxed e-con e-parent\" data-id=\"42e5063\" data-element_type=\"container\" data-e-type=\"container\" data-settings=\"{&quot;jet_parallax_layout_list&quot;:[]}\">\n\t\t\t\t\t<div class=\"e-con-inner\">\n\t\t<div class=\"elementor-element elementor-element-1beb187 e-con-full e-flex e-con e-child\" data-id=\"1beb187\" data-element_type=\"container\" data-e-type=\"container\" data-settings=\"{&quot;jet_parallax_layout_list&quot;:[]}\">\n\t\t<div class=\"elementor-element elementor-element-9d8f578 e-flex e-con-boxed e-con e-child\" data-id=\"9d8f578\" data-element_type=\"container\" data-e-type=\"container\" data-settings=\"{&quot;jet_parallax_layout_list&quot;:[]}\">\n\t\t\t\t\t<div class=\"e-con-inner\">\n\t\t<div class=\"elementor-element elementor-element-14b16b0 e-con-full e-flex e-con e-child\" data-id=\"14b16b0\" data-element_type=\"container\" data-e-type=\"container\" data-settings=\"{&quot;background_background&quot;:&quot;classic&quot;,&quot;jet_parallax_layout_list&quot;:[]}\">\n\t\t\t\t<div class=\"elementor-element elementor-element-92f8997 elementor-widget elementor-widget-image\" data-id=\"92f8997\" data-element_type=\"widget\" data-e-type=\"widget\" data-widget_type=\"image.default\">\n\t\t\t\t<div class=\"elementor-widget-container\">\n\t\t\t\t\t\t\t\t\t\t\t\t\t\t\t<img loading=\"lazy\" decoding=\"async\" width=\"1536\" height=\"1633\" src=\"https:\/\/agglu.sk\/wp-content\/uploads\/2023\/01\/IMG_4793_jpg-e1673452974644.jpg\" class=\"attachment-full size-full wp-image-5260\" alt=\"\" srcset=\"https:\/\/agglu.sk\/wp-content\/uploads\/2023\/01\/IMG_4793_jpg-e1673452974644.jpg 1536w, https:\/\/agglu.sk\/wp-content\/uploads\/2023\/01\/IMG_4793_jpg-e1673452974644-282x300.jpg 282w, https:\/\/agglu.sk\/wp-content\/uploads\/2023\/01\/IMG_4793_jpg-e1673452974644-963x1024.jpg 963w, https:\/\/agglu.sk\/wp-content\/uploads\/2023\/01\/IMG_4793_jpg-e1673452974644-768x817.jpg 768w, https:\/\/agglu.sk\/wp-content\/uploads\/2023\/01\/IMG_4793_jpg-e1673452974644-1445x1536.jpg 1445w\" sizes=\"(max-width: 1536px) 100vw, 1536px\" \/>\t\t\t\t\t\t\t\t\t\t\t\t\t\t\t<\/div>\n\t\t\t\t<\/div>\n\t\t<div class=\"elementor-element elementor-element-7fd9bff e-flex e-con-boxed e-con e-child\" data-id=\"7fd9bff\" data-element_type=\"container\" data-e-type=\"container\" data-settings=\"{&quot;background_background&quot;:&quot;classic&quot;,&quot;jet_parallax_layout_list&quot;:[]}\">\n\t\t\t\t\t<div class=\"e-con-inner\">\n\t\t\t\t<div class=\"elementor-element elementor-element-200bab9 elementor-widget elementor-widget-heading\" data-id=\"200bab9\" data-element_type=\"widget\" data-e-type=\"widget\" data-widget_type=\"heading.default\">\n\t\t\t\t<div class=\"elementor-widget-container\">\n\t\t\t\t\t<h2 class=\"elementor-heading-title elementor-size-default\">Mgr. Marko \u0160tefko<\/h2>\t\t\t\t<\/div>\n\t\t\t\t<\/div>\n\t\t\t\t<div class=\"elementor-element elementor-element-a699d9f elementor-widget elementor-widget-heading\" data-id=\"a699d9f\" data-element_type=\"widget\" data-e-type=\"widget\" data-widget_type=\"heading.default\">\n\t\t\t\t<div class=\"elementor-widget-container\">\n\t\t\t\t\t<h2 class=\"elementor-heading-title elementor-size-default\">Odborn\u00edk na lepidla <\/br>a lepic\u00ed syst\u00e9my<\/h2>\t\t\t\t<\/div>\n\t\t\t\t<\/div>\n\t\t\t\t\t<\/div>\n\t\t\t\t<\/div>\n\t\t<div class=\"elementor-element elementor-element-63bb91c e-flex e-con-boxed e-con e-child\" data-id=\"63bb91c\" data-element_type=\"container\" data-e-type=\"container\" data-settings=\"{&quot;background_background&quot;:&quot;classic&quot;,&quot;jet_parallax_layout_list&quot;:[]}\">\n\t\t\t\t\t<div class=\"e-con-inner\">\n\t\t\t\t<div class=\"elementor-element elementor-element-fa96f67 elementor-align-center elementor-icon-list--layout-traditional elementor-list-item-link-full_width elementor-widget elementor-widget-icon-list\" data-id=\"fa96f67\" data-element_type=\"widget\" data-e-type=\"widget\" data-widget_type=\"icon-list.default\">\n\t\t\t\t<div class=\"elementor-widget-container\">\n\t\t\t\t\t\t\t<ul class=\"elementor-icon-list-items\">\n\t\t\t\t\t\t\t<li class=\"elementor-icon-list-item\">\n\t\t\t\t\t\t\t\t\t\t\t<span class=\"elementor-icon-list-icon\">\n\t\t\t\t\t\t\t<i aria-hidden=\"true\" class=\"fas fa-phone\"><\/i>\t\t\t\t\t\t<\/span>\n\t\t\t\t\t\t\t\t\t\t<span class=\"elementor-icon-list-text\">+421 917 102 251<\/span>\n\t\t\t\t\t\t\t\t\t<\/li>\n\t\t\t\t\t\t\t\t<li class=\"elementor-icon-list-item\">\n\t\t\t\t\t\t\t\t\t\t\t<span class=\"elementor-icon-list-icon\">\n\t\t\t\t\t\t\t<i aria-hidden=\"true\" class=\"fas fa-envelope\"><\/i>\t\t\t\t\t\t<\/span>\n\t\t\t\t\t\t\t\t\t\t<span class=\"elementor-icon-list-text\">marko.stefko@agglu.sk<\/span>\n\t\t\t\t\t\t\t\t\t<\/li>\n\t\t\t\t\t\t<\/ul>\n\t\t\t\t\t\t<\/div>\n\t\t\t\t<\/div>\n\t\t\t\t\t<\/div>\n\t\t\t\t<\/div>\n\t\t\t\t<\/div>\n\t\t\t\t\t<\/div>\n\t\t\t\t<\/div>\n\t\t<div class=\"elementor-element elementor-element-9c128ad e-flex e-con-boxed e-con e-child\" data-id=\"9c128ad\" data-element_type=\"container\" data-e-type=\"container\" data-settings=\"{&quot;jet_parallax_layout_list&quot;:[]}\">\n\t\t\t\t\t<div class=\"e-con-inner\">\n\t\t\t\t<div class=\"elementor-element elementor-element-7f99e0c elementor-widget elementor-widget-heading\" data-id=\"7f99e0c\" data-element_type=\"widget\" data-e-type=\"widget\" data-widget_type=\"heading.default\">\n\t\t\t\t<div class=\"elementor-widget-container\">\n\t\t\t\t\t<h2 class=\"elementor-heading-title elementor-size-default\">Pot\u0159ebuji pomoc<\/h2>\t\t\t\t<\/div>\n\t\t\t\t<\/div>\n\t\t\t\t<div class=\"elementor-element elementor-element-c46fc99 elementor-widget__width-initial elementor-widget elementor-widget-text-editor\" data-id=\"c46fc99\" data-element_type=\"widget\" data-e-type=\"widget\" data-widget_type=\"text-editor.default\">\n\t\t\t\t<div class=\"elementor-widget-container\">\n\t\t\t\t\t\t\t\t\t<p class=\"p1\">Vyu\u017eijte bezplatn\u00e9 konzultace a kontaktujte na\u0161eho specialistu. <\/br>Jsme odborn\u00edci na pr\u016fmyslov\u00e9 lepen\u00ed.<\/p>\n\t\t\t\t\t\t\t\t<\/div>\n\t\t\t\t<\/div>\n\t\t\t\t<div class=\"elementor-element elementor-element-9b917e3 elementor-widget elementor-widget-button\" data-id=\"9b917e3\" data-element_type=\"widget\" data-e-type=\"widget\" data-widget_type=\"button.default\">\n\t\t\t\t<div class=\"elementor-widget-container\">\n\t\t\t\t\t\t\t\t\t<div class=\"elementor-button-wrapper\">\n\t\t\t\t\t<a class=\"elementor-button elementor-button-link elementor-size-md\" href=\"https:\/\/agglu.sk\/cs\/bezplatna-konzultace\/\">\n\t\t\t\t\t\t<span class=\"elementor-button-content-wrapper\">\n\t\t\t\t\t\t\t\t\t<span class=\"elementor-button-text\">Pora\u010fte se s<\/span>\n\t\t\t\t\t<\/span>\n\t\t\t\t\t<\/a>\n\t\t\t\t<\/div>\n\t\t\t\t\t\t\t\t<\/div>\n\t\t\t\t<\/div>\n\t\t\t\t\t<\/div>\n\t\t\t\t<\/div>\n\t\t\t\t<\/div>\n\t\t\t\t\t<\/div>\n\t\t\t\t<\/div>\n\t\t<div class=\"elementor-element elementor-element-f08fad0 e-con-full e-flex e-con e-parent\" data-id=\"f08fad0\" data-element_type=\"container\" data-e-type=\"container\" id=\"formular\" data-settings=\"{&quot;background_background&quot;:&quot;classic&quot;,&quot;jet_parallax_layout_list&quot;:[]}\">\n\t\t\t\t<div class=\"elementor-element elementor-element-3d362f5 elementor-widget elementor-widget-heading\" data-id=\"3d362f5\" data-element_type=\"widget\" data-e-type=\"widget\" data-widget_type=\"heading.default\">\n\t\t\t\t<div class=\"elementor-widget-container\">\n\t\t\t\t\t<h2 class=\"elementor-heading-title elementor-size-default\">Nena\u0161li jste, co jste hledali?<\/h2>\t\t\t\t<\/div>\n\t\t\t\t<\/div>\n\t\t\t\t<div class=\"elementor-element elementor-element-00a016a elementor-widget elementor-widget-heading\" data-id=\"00a016a\" data-element_type=\"widget\" data-e-type=\"widget\" data-widget_type=\"heading.default\">\n\t\t\t\t<div class=\"elementor-widget-container\">\n\t\t\t\t\t<h2 class=\"elementor-heading-title elementor-size-default\">R\u00e1di v\u00e1m pom\u016f\u017eeme<\/h2>\t\t\t\t<\/div>\n\t\t\t\t<\/div>\n\t\t\t\t<div class=\"elementor-element elementor-element-f7e81be elementor-widget elementor-widget-jet-engine-booking-form\" data-id=\"f7e81be\" data-element_type=\"widget\" data-e-type=\"widget\" data-widget_type=\"jet-engine-booking-form.default\">\n\t\t\t\t<div class=\"elementor-widget-container\">\n\t\t\t\t\t<form  class=\"jet-form layout-column submit-type-reload\" action=\"\/cs\/wp-json\/wp\/v2\/pages\/5404?jet_engine_action=book&#038;nocache=1777230596\" method=\"POST\" data-form-id=\"6866\"><input class=\"jet-form__field hidden-field\" type=\"hidden\" name=\"_jet_engine_booking_form_id\" value=\"6866\" data-field-name=\"_jet_engine_booking_form_id\"><input class=\"jet-form__field hidden-field\" type=\"hidden\" name=\"_jet_engine_refer\" value=\"https:\/\/agglu.sk\/cs\/wp-json\/wp\/v2\/pages\/5404\/\" data-field-name=\"_jet_engine_refer\"><input class=\"jet-form__field hidden-field\" type=\"hidden\" name=\"_jet_engine_nonce\" value=\"3fe523ebe0\" data-field-name=\"_jet_engine_nonce\"><\/form>\t\t\t\t<\/div>\n\t\t\t\t<\/div>\n\t\t\t\t<\/div>\n\t\t\t\t<\/div>\n\t\t","protected":false},"excerpt":{"rendered":"<p>\u0160t\u00edtky Zna\u010dky, se kter\u00fdmi spolupracujeme Lepic\u00ed syst\u00e9my P\u0159in\u00e1\u0161\u00edme modern\u00ed a spolehliv\u00e9 aplika\u010dn\u00ed technologie do mnoha pr\u016fmyslov\u00fdch odv\u011btv\u00ed. Mal\u00e9 v\u00e1lcov\u00e9 aplik\u00e1tory N\u011bkter\u00e9 aplikace vy\u017eaduj\u00ed pouze mal\u00fd v\u00e1lcov\u00fd aplik\u00e1tor. Pokud pot\u0159ebujete lepidlo nan\u00e1\u0161et rovnom\u011brn\u011b na povrch a m\u00edt aplikaci pod kontrolou, ur\u010dit\u011b si v t\u00e9to sekci vyberete. Tyto aplik\u00e1tory jsou vhodn\u00e9 pro ru\u010dn\u00ed zpracov\u00e1n\u00ed, kde mohou u\u0161et\u0159it [&hellip;]<\/p>\n","protected":false},"author":3,"featured_media":0,"parent":0,"menu_order":0,"comment_status":"closed","ping_status":"closed","template":"","meta":{"footnotes":""},"class_list":["post-5404","page","type-page","status-publish","hentry"],"_links":{"self":[{"href":"https:\/\/agglu.sk\/cs\/wp-json\/wp\/v2\/pages\/5404","targetHints":{"allow":["GET"]}}],"collection":[{"href":"https:\/\/agglu.sk\/cs\/wp-json\/wp\/v2\/pages"}],"about":[{"href":"https:\/\/agglu.sk\/cs\/wp-json\/wp\/v2\/types\/page"}],"author":[{"embeddable":true,"href":"https:\/\/agglu.sk\/cs\/wp-json\/wp\/v2\/users\/3"}],"replies":[{"embeddable":true,"href":"https:\/\/agglu.sk\/cs\/wp-json\/wp\/v2\/comments?post=5404"}],"version-history":[{"count":6,"href":"https:\/\/agglu.sk\/cs\/wp-json\/wp\/v2\/pages\/5404\/revisions"}],"predecessor-version":[{"id":8186,"href":"https:\/\/agglu.sk\/cs\/wp-json\/wp\/v2\/pages\/5404\/revisions\/8186"}],"wp:attachment":[{"href":"https:\/\/agglu.sk\/cs\/wp-json\/wp\/v2\/media?parent=5404"}],"curies":[{"name":"wp","href":"https:\/\/api.w.org\/{rel}","templated":true}]}}