{"id":5378,"date":"2022-08-05T13:46:02","date_gmt":"2022-08-05T11:46:02","guid":{"rendered":"https:\/\/agglu.sk\/o-spolecnosti\/"},"modified":"2023-07-13T17:50:28","modified_gmt":"2023-07-13T15:50:28","slug":"o-spolecnosti","status":"publish","type":"page","link":"https:\/\/agglu.sk\/cs\/o-spolecnosti\/","title":{"rendered":"O spole\u010dnosti"},"content":{"rendered":"\t\t<div data-elementor-type=\"wp-page\" data-elementor-id=\"5378\" class=\"elementor elementor-5378 elementor-1393\" data-elementor-post-type=\"page\">\n\t\t\t\t<div class=\"elementor-element elementor-element-9107bb7 e-con-full e-flex e-con e-parent\" data-id=\"9107bb7\" data-element_type=\"container\" data-e-type=\"container\" data-settings=\"{&quot;background_background&quot;:&quot;classic&quot;,&quot;jet_parallax_layout_list&quot;:[]}\">\n\t\t\t\t<div class=\"elementor-element elementor-element-059562c elementor-widget elementor-widget-heading\" data-id=\"059562c\" data-element_type=\"widget\" data-e-type=\"widget\" data-widget_type=\"heading.default\">\n\t\t\t\t<div class=\"elementor-widget-container\">\n\t\t\t\t\t<h2 class=\"elementor-heading-title elementor-size-default\">O spole\u010dnosti<\/h2>\t\t\t\t<\/div>\n\t\t\t\t<\/div>\n\t\t\t\t<\/div>\n\t\t<div class=\"elementor-element elementor-element-0d23f73 e-flex e-con-boxed e-con e-parent\" data-id=\"0d23f73\" data-element_type=\"container\" data-e-type=\"container\" data-settings=\"{&quot;jet_parallax_layout_list&quot;:[]}\">\n\t\t\t\t\t<div class=\"e-con-inner\">\n\t\t\t\t<div class=\"elementor-element elementor-element-6cee578 elementor-widget elementor-widget-text-editor\" data-id=\"6cee578\" data-element_type=\"widget\" data-e-type=\"widget\" data-widget_type=\"text-editor.default\">\n\t\t\t\t<div class=\"elementor-widget-container\">\n\t\t\t\t\t\t\t\t\t<p>AGGLU Int. s.r.o. je progresivn\u00ed, dynamick\u00e1 a neust\u00e1le rostouc\u00ed spole\u010dnost p\u016fsob\u00edc\u00ed na slovensk\u00e9m, \u010desk\u00e9m a ma\u010farsk\u00e9m trhu. Zab\u00fdv\u00e1me se p\u0159edev\u0161\u00edm distribuc\u00ed a prodejem pr\u016fmyslov\u00fdch lepidel od mnoha sv\u011btov\u00fdch v\u00fdrobc\u016f. Nezam\u011b\u0159ujeme se v\u0161ak pouze na distribuci a prodej, ale nab\u00edz\u00edme tak\u00e9 poradenstv\u00ed a konzultace. V\u00e1\u0161 \u00fasp\u011bch je i na\u0161\u00edm \u00fasp\u011bchem.<\/p>\n\t\t\t\t\t\t\t\t<\/div>\n\t\t\t\t<\/div>\n\t\t\t\t<div class=\"elementor-element elementor-element-8b55600 elementor-widget elementor-widget-text-editor\" data-id=\"8b55600\" data-element_type=\"widget\" data-e-type=\"widget\" data-widget_type=\"text-editor.default\">\n\t\t\t\t<div class=\"elementor-widget-container\">\n\t\t\t\t\t\t\t\t\t<p>Nab\u00edz\u00edme nej\u0161ir\u0161\u00ed sortiment pr\u016fmyslov\u00fdch lepidel na slovensk\u00e9m, \u010desk\u00e9m a ma\u010farsk\u00e9m trhu. Na\u0161e distribuce zahrnuje zna\u010dky jako Neoflex, Leuenberger, Kiilto a Menichetti. Jako jedna z m\u00e1la spole\u010dnost\u00ed se specializujeme nejen na prodej pr\u016fmyslov\u00fdch lepidel, ale poskytujeme sv\u00fdm z\u00e1kazn\u00edk\u016fm tak\u00e9 servis a kvalitn\u00ed poradenstv\u00ed.<\/p>\n\t\t\t\t\t\t\t\t<\/div>\n\t\t\t\t<\/div>\n\t\t\t\t\t<\/div>\n\t\t\t\t<\/div>\n\t\t<div class=\"elementor-element elementor-element-d29e7c2 e-con-full e-flex e-con e-parent\" data-id=\"d29e7c2\" data-element_type=\"container\" data-e-type=\"container\" data-settings=\"{&quot;background_background&quot;:&quot;classic&quot;,&quot;jet_parallax_layout_list&quot;:[]}\">\n\t\t<div class=\"elementor-element elementor-element-ef63ace e-con-full e-flex e-con e-parent\" data-id=\"ef63ace\" data-element_type=\"container\" data-e-type=\"container\" data-settings=\"{&quot;background_background&quot;:&quot;classic&quot;,&quot;jet_parallax_layout_list&quot;:[]}\">\n\t\t<div class=\"elementor-element elementor-element-83416f8 e-con-full e-flex e-con e-parent\" data-id=\"83416f8\" data-element_type=\"container\" data-e-type=\"container\" data-settings=\"{&quot;jet_parallax_layout_list&quot;:[]}\">\n\t\t\t\t<div class=\"elementor-element elementor-element-b73e493 elementor-widget elementor-widget-heading\" data-id=\"b73e493\" data-element_type=\"widget\" data-e-type=\"widget\" data-widget_type=\"heading.default\">\n\t\t\t\t<div class=\"elementor-widget-container\">\n\t\t\t\t\t<h2 class=\"elementor-heading-title elementor-size-default\">Co d\u011bl\u00e1me jako spole\u010dnost?<\/h2>\t\t\t\t<\/div>\n\t\t\t\t<\/div>\n\t\t<div class=\"elementor-element elementor-element-2229ce3 e-flex e-con-boxed e-con e-parent\" data-id=\"2229ce3\" data-element_type=\"container\" data-e-type=\"container\" data-settings=\"{&quot;jet_parallax_layout_list&quot;:[]}\">\n\t\t\t\t\t<div class=\"e-con-inner\">\n\t\t\t\t<div class=\"elementor-element elementor-element-8558fcf elementor-position-block-start elementor-widget__width-initial elementor-view-default elementor-mobile-position-block-start elementor-widget elementor-widget-icon-box\" data-id=\"8558fcf\" data-element_type=\"widget\" data-e-type=\"widget\" data-widget_type=\"icon-box.default\">\n\t\t\t\t<div class=\"elementor-widget-container\">\n\t\t\t\t\t\t\t<div class=\"elementor-icon-box-wrapper\">\n\n\t\t\t\t\t\t<div class=\"elementor-icon-box-icon\">\n\t\t\t\t<span  class=\"elementor-icon\">\n\t\t\t\t<i aria-hidden=\"true\" class=\"fas fa-comments\"><\/i>\t\t\t\t<\/span>\n\t\t\t<\/div>\n\t\t\t\n\t\t\t\t\t\t<div class=\"elementor-icon-box-content\">\n\n\t\t\t\t\t\t\t\t\t<h3 class=\"elementor-icon-box-title\">\n\t\t\t\t\t\t<span  >\n\t\t\t\t\t\t\tNejen distribuce a prodej\t\t\t\t\t\t<\/span>\n\t\t\t\t\t<\/h3>\n\t\t\t\t\n\t\t\t\t\t\t\t\t\t<p class=\"elementor-icon-box-description\">\n\t\t\t\t\t\t  D\u011bl\u00e1me pro v\u00e1s poradenstv\u00ed a mo\u017enost konzultace.\t\t\t\t\t<\/p>\n\t\t\t\t\n\t\t\t<\/div>\n\t\t\t\n\t\t<\/div>\n\t\t\t\t\t\t<\/div>\n\t\t\t\t<\/div>\n\t\t\t\t<div class=\"elementor-element elementor-element-b9d91b1 elementor-position-block-start elementor-widget__width-initial elementor-view-default elementor-mobile-position-block-start elementor-widget elementor-widget-icon-box\" data-id=\"b9d91b1\" data-element_type=\"widget\" data-e-type=\"widget\" data-widget_type=\"icon-box.default\">\n\t\t\t\t<div class=\"elementor-widget-container\">\n\t\t\t\t\t\t\t<div class=\"elementor-icon-box-wrapper\">\n\n\t\t\t\t\t\t<div class=\"elementor-icon-box-icon\">\n\t\t\t\t<span  class=\"elementor-icon\">\n\t\t\t\t<svg xmlns=\"http:\/\/www.w3.org\/2000\/svg\" viewBox=\"0 0 512 512\"><path d=\"M495.9 166.6C499.2 175.2 496.4 184.9 489.6 191.2L446.3 230.6C447.4 238.9 448 247.4 448 256C448 264.6 447.4 273.1 446.3 281.4L489.6 320.8C496.4 327.1 499.2 336.8 495.9 345.4C491.5 357.3 486.2 368.8 480.2 379.7L475.5 387.8C468.9 398.8 461.5 409.2 453.4 419.1C447.4 426.2 437.7 428.7 428.9 425.9L373.2 408.1C359.8 418.4 344.1 427 329.2 433.6L316.7 490.7C314.7 499.7 307.7 506.1 298.5 508.5C284.7 510.8 270.5 512 255.1 512C241.5 512 227.3 510.8 213.5 508.5C204.3 506.1 197.3 499.7 195.3 490.7L182.8 433.6C167 427 152.2 418.4 138.8 408.1L83.14 425.9C74.3 428.7 64.55 426.2 58.63 419.1C50.52 409.2 43.12 398.8 36.52 387.8L31.84 379.7C25.77 368.8 20.49 357.3 16.06 345.4C12.82 336.8 15.55 327.1 22.41 320.8L65.67 281.4C64.57 273.1 64 264.6 64 256C64 247.4 64.57 238.9 65.67 230.6L22.41 191.2C15.55 184.9 12.82 175.3 16.06 166.6C20.49 154.7 25.78 143.2 31.84 132.3L36.51 124.2C43.12 113.2 50.52 102.8 58.63 92.95C64.55 85.8 74.3 83.32 83.14 86.14L138.8 103.9C152.2 93.56 167 84.96 182.8 78.43L195.3 21.33C197.3 12.25 204.3 5.04 213.5 3.51C227.3 1.201 241.5 0 256 0C270.5 0 284.7 1.201 298.5 3.51C307.7 5.04 314.7 12.25 316.7 21.33L329.2 78.43C344.1 84.96 359.8 93.56 373.2 103.9L428.9 86.14C437.7 83.32 447.4 85.8 453.4 92.95C461.5 102.8 468.9 113.2 475.5 124.2L480.2 132.3C486.2 143.2 491.5 154.7 495.9 166.6V166.6zM256 336C300.2 336 336 300.2 336 255.1C336 211.8 300.2 175.1 256 175.1C211.8 175.1 176 211.8 176 255.1C176 300.2 211.8 336 256 336z\"><\/path><\/svg>\t\t\t\t<\/span>\n\t\t\t<\/div>\n\t\t\t\n\t\t\t\t\t\t<div class=\"elementor-icon-box-content\">\n\n\t\t\t\t\t\t\t\t\t<h3 class=\"elementor-icon-box-title\">\n\t\t\t\t\t\t<span  >\n\t\t\t\t\t\t\tNahrazujeme\t\t\t\t\t\t<\/span>\n\t\t\t\t\t<\/h3>\n\t\t\t\t\n\t\t\t\t\t\t\t\t\t<p class=\"elementor-icon-box-description\">\n\t\t\t\t\t\tU na\u0161ich z\u00e1kazn\u00edk\u016f nahrazujeme technology a nastavujeme jejich stroje.\t\t\t\t\t<\/p>\n\t\t\t\t\n\t\t\t<\/div>\n\t\t\t\n\t\t<\/div>\n\t\t\t\t\t\t<\/div>\n\t\t\t\t<\/div>\n\t\t\t\t\t<\/div>\n\t\t\t\t<\/div>\n\t\t<div class=\"elementor-element elementor-element-586e650 e-flex e-con-boxed e-con e-parent\" data-id=\"586e650\" data-element_type=\"container\" data-e-type=\"container\" data-settings=\"{&quot;jet_parallax_layout_list&quot;:[]}\">\n\t\t\t\t\t<div class=\"e-con-inner\">\n\t\t\t\t<div class=\"elementor-element elementor-element-c111227 elementor-position-block-start elementor-widget__width-initial elementor-view-default elementor-mobile-position-block-start elementor-widget elementor-widget-icon-box\" data-id=\"c111227\" data-element_type=\"widget\" data-e-type=\"widget\" data-widget_type=\"icon-box.default\">\n\t\t\t\t<div class=\"elementor-widget-container\">\n\t\t\t\t\t\t\t<div class=\"elementor-icon-box-wrapper\">\n\n\t\t\t\t\t\t<div class=\"elementor-icon-box-icon\">\n\t\t\t\t<span  class=\"elementor-icon\">\n\t\t\t\t<i aria-hidden=\"true\" class=\"fas fa-thumbs-up\"><\/i>\t\t\t\t<\/span>\n\t\t\t<\/div>\n\t\t\t\n\t\t\t\t\t\t<div class=\"elementor-icon-box-content\">\n\n\t\t\t\t\t\t\t\t\t<h3 class=\"elementor-icon-box-title\">\n\t\t\t\t\t\t<span  >\n\t\t\t\t\t\t\tJsme tu pro v\u00e1s\t\t\t\t\t\t<\/span>\n\t\t\t\t\t<\/h3>\n\t\t\t\t\n\t\t\t\t\t\t\t\t\t<p class=\"elementor-icon-box-description\">\n\t\t\t\t\t\tVa\u0161e spokojenost a \u00fasp\u011bch jsou pro n\u00e1s nejd\u016fle\u017eit\u011bj\u0161\u00ed.\t\t\t\t\t<\/p>\n\t\t\t\t\n\t\t\t<\/div>\n\t\t\t\n\t\t<\/div>\n\t\t\t\t\t\t<\/div>\n\t\t\t\t<\/div>\n\t\t\t\t<div class=\"elementor-element elementor-element-3208e95 elementor-position-block-start elementor-widget__width-initial elementor-view-default elementor-mobile-position-block-start elementor-widget elementor-widget-icon-box\" data-id=\"3208e95\" data-element_type=\"widget\" data-e-type=\"widget\" data-widget_type=\"icon-box.default\">\n\t\t\t\t<div class=\"elementor-widget-container\">\n\t\t\t\t\t\t\t<div class=\"elementor-icon-box-wrapper\">\n\n\t\t\t\t\t\t<div class=\"elementor-icon-box-icon\">\n\t\t\t\t<span  class=\"elementor-icon\">\n\t\t\t\t<i aria-hidden=\"true\" class=\"fas fa-people-carry\"><\/i>\t\t\t\t<\/span>\n\t\t\t<\/div>\n\t\t\t\n\t\t\t\t\t\t<div class=\"elementor-icon-box-content\">\n\n\t\t\t\t\t\t\t\t\t<h3 class=\"elementor-icon-box-title\">\n\t\t\t\t\t\t<span  >\n\t\t\t\t\t\t\tPodporujeme n\u00e1\u0161 region\t\t\t\t\t\t<\/span>\n\t\t\t\t\t<\/h3>\n\t\t\t\t\n\t\t\t\t\t\t\t\t\t<p class=\"elementor-icon-box-description\">\n\t\t\t\t\t\tA\u0165 u\u017e se jedn\u00e1 o vybaven\u00ed pro \u0161koly nebo dobrovoln\u00e9 hasi\u010dsk\u00e9 sbory, nevynech\u00e1me \u017e\u00e1dnou p\u0159\u00edle\u017eitost, abychom komunit\u011b n\u011bco vr\u00e1tili.\t\t\t\t\t<\/p>\n\t\t\t\t\n\t\t\t<\/div>\n\t\t\t\n\t\t<\/div>\n\t\t\t\t\t\t<\/div>\n\t\t\t\t<\/div>\n\t\t\t\t\t<\/div>\n\t\t\t\t<\/div>\n\t\t\t\t<\/div>\n\t\t<div class=\"elementor-element elementor-element-77eb402 e-con-full e-flex e-con e-parent\" data-id=\"77eb402\" data-element_type=\"container\" data-e-type=\"container\" data-settings=\"{&quot;jet_parallax_layout_list&quot;:[]}\">\n\t\t\t\t<div class=\"elementor-element elementor-element-fab6d66 elementor-widget elementor-widget-image\" data-id=\"fab6d66\" data-element_type=\"widget\" data-e-type=\"widget\" data-widget_type=\"image.default\">\n\t\t\t\t<div class=\"elementor-widget-container\">\n\t\t\t\t\t\t\t\t\t\t\t\t\t\t\t<img fetchpriority=\"high\" decoding=\"async\" width=\"312\" height=\"310\" src=\"https:\/\/agglu.sk\/wp-content\/uploads\/2022\/08\/img_co_robime.png\" class=\"attachment-large size-large wp-image-5130\" alt=\"\" srcset=\"https:\/\/agglu.sk\/wp-content\/uploads\/2022\/08\/img_co_robime.png 312w, https:\/\/agglu.sk\/wp-content\/uploads\/2022\/08\/img_co_robime-300x298.png 300w, https:\/\/agglu.sk\/wp-content\/uploads\/2022\/08\/img_co_robime-150x150.png 150w\" sizes=\"(max-width: 312px) 100vw, 312px\" \/>\t\t\t\t\t\t\t\t\t\t\t\t\t\t\t<\/div>\n\t\t\t\t<\/div>\n\t\t\t\t<\/div>\n\t\t\t\t<\/div>\n\t\t\t\t<\/div>\n\t\t<div class=\"elementor-element elementor-element-fd8b0a1 e-con-full e-flex e-con e-parent\" data-id=\"fd8b0a1\" data-element_type=\"container\" data-e-type=\"container\" data-settings=\"{&quot;jet_parallax_layout_list&quot;:[]}\">\n\t\t\t\t<div class=\"elementor-element elementor-element-6e7603b elementor-widget__width-initial elementor-widget elementor-widget-image\" data-id=\"6e7603b\" data-element_type=\"widget\" data-e-type=\"widget\" data-widget_type=\"image.default\">\n\t\t\t\t<div class=\"elementor-widget-container\">\n\t\t\t\t\t\t\t\t\t\t\t\t\t\t\t<img decoding=\"async\" width=\"800\" height=\"482\" src=\"https:\/\/agglu.sk\/wp-content\/uploads\/2022\/08\/img_preco_agglu-1024x617.png\" class=\"attachment-large size-large wp-image-5128\" alt=\"\" srcset=\"https:\/\/agglu.sk\/wp-content\/uploads\/2022\/08\/img_preco_agglu-1024x617.png 1024w, https:\/\/agglu.sk\/wp-content\/uploads\/2022\/08\/img_preco_agglu-300x181.png 300w, https:\/\/agglu.sk\/wp-content\/uploads\/2022\/08\/img_preco_agglu-768x462.png 768w, https:\/\/agglu.sk\/wp-content\/uploads\/2022\/08\/img_preco_agglu.png 1096w\" sizes=\"(max-width: 800px) 100vw, 800px\" \/>\t\t\t\t\t\t\t\t\t\t\t\t\t\t\t<\/div>\n\t\t\t\t<\/div>\n\t\t<div class=\"elementor-element elementor-element-70013c4 e-con-full e-flex e-con e-parent\" data-id=\"70013c4\" data-element_type=\"container\" data-e-type=\"container\" data-settings=\"{&quot;jet_parallax_layout_list&quot;:[]}\">\n\t\t\t\t<div class=\"elementor-element elementor-element-fe33899 elementor-widget elementor-widget-heading\" data-id=\"fe33899\" data-element_type=\"widget\" data-e-type=\"widget\" data-widget_type=\"heading.default\">\n\t\t\t\t<div class=\"elementor-widget-container\">\n\t\t\t\t\t<h2 class=\"elementor-heading-title elementor-size-default\">Pro\u010d si vybrat AGGLU?<\/h2>\t\t\t\t<\/div>\n\t\t\t\t<\/div>\n\t\t\t\t<div class=\"elementor-element elementor-element-1bf01cb elementor-widget elementor-widget-text-editor\" data-id=\"1bf01cb\" data-element_type=\"widget\" data-e-type=\"widget\" data-widget_type=\"text-editor.default\">\n\t\t\t\t<div class=\"elementor-widget-container\">\n\t\t\t\t\t\t\t\t\t<p>Filozofie prvot\u0159\u00eddn\u00edch slu\u017eeb na\u0161\u00ed spole\u010dnosti se vztahuje nejen na na\u0161e z\u00e1kazn\u00edky, ale i na n\u00e1\u0161 t\u00fdm. Na trhu, kde neust\u00e1le roste popt\u00e1vka po kvalitn\u00edch pr\u016fmyslov\u00fdch lepidlech, mus\u00ed b\u00fdt stejn\u00e1 popt\u00e1vka po kvalitn\u00edch zam\u011bstnanc\u00edch. Proto hled\u00e1me do na\u0161\u00ed spole\u010dnosti lidi, kte\u0159\u00ed n\u00e1m pomohou vytvo\u0159it etick\u00fd obchodn\u00ed sv\u011bt. Budete r\u016fst s n\u00e1mi?<\/p>\n\t\t\t\t\t\t\t\t<\/div>\n\t\t\t\t<\/div>\n\t\t\t\t<\/div>\n\t\t\t\t<\/div>\n\t\t\t\t<\/div>\n\t\t","protected":false},"excerpt":{"rendered":"<p>O spole\u010dnosti AGGLU Int. s.r.o. je progresivn\u00ed, dynamick\u00e1 a neust\u00e1le rostouc\u00ed spole\u010dnost p\u016fsob\u00edc\u00ed na slovensk\u00e9m, \u010desk\u00e9m a ma\u010farsk\u00e9m trhu. Zab\u00fdv\u00e1me se p\u0159edev\u0161\u00edm distribuc\u00ed a prodejem pr\u016fmyslov\u00fdch lepidel od mnoha sv\u011btov\u00fdch v\u00fdrobc\u016f. Nezam\u011b\u0159ujeme se v\u0161ak pouze na distribuci a prodej, ale nab\u00edz\u00edme tak\u00e9 poradenstv\u00ed a konzultace. V\u00e1\u0161 \u00fasp\u011bch je i na\u0161\u00edm \u00fasp\u011bchem. Nab\u00edz\u00edme nej\u0161ir\u0161\u00ed sortiment pr\u016fmyslov\u00fdch [&hellip;]<\/p>\n","protected":false},"author":3,"featured_media":0,"parent":0,"menu_order":0,"comment_status":"closed","ping_status":"closed","template":"","meta":{"footnotes":""},"class_list":["post-5378","page","type-page","status-publish","hentry"],"_links":{"self":[{"href":"https:\/\/agglu.sk\/cs\/wp-json\/wp\/v2\/pages\/5378","targetHints":{"allow":["GET"]}}],"collection":[{"href":"https:\/\/agglu.sk\/cs\/wp-json\/wp\/v2\/pages"}],"about":[{"href":"https:\/\/agglu.sk\/cs\/wp-json\/wp\/v2\/types\/page"}],"author":[{"embeddable":true,"href":"https:\/\/agglu.sk\/cs\/wp-json\/wp\/v2\/users\/3"}],"replies":[{"embeddable":true,"href":"https:\/\/agglu.sk\/cs\/wp-json\/wp\/v2\/comments?post=5378"}],"version-history":[{"count":4,"href":"https:\/\/agglu.sk\/cs\/wp-json\/wp\/v2\/pages\/5378\/revisions"}],"predecessor-version":[{"id":5536,"href":"https:\/\/agglu.sk\/cs\/wp-json\/wp\/v2\/pages\/5378\/revisions\/5536"}],"wp:attachment":[{"href":"https:\/\/agglu.sk\/cs\/wp-json\/wp\/v2\/media?parent=5378"}],"curies":[{"name":"wp","href":"https:\/\/api.w.org\/{rel}","templated":true}]}}